{"id":7,"date":"2016-01-16T10:39:43","date_gmt":"2016-01-16T08:39:43","guid":{"rendered":"http:\/\/penceremdenjaponya2016.jikad.org.tr\/yarismaci8\/?page_id=7"},"modified":"2016-02-06T18:29:24","modified_gmt":"2016-02-06T16:29:24","slug":"penceremden-1","status":"publish","type":"page","link":"http:\/\/penceremdenjaponya2016.jikad.org.tr\/yarismaci8\/penceremden-1\/","title":{"rendered":"Penceremden 1"},"content":{"rendered":"<p>Bunraku Tan\u0131t\u0131m\u0131:<\/p>\n<p>Bunraku yeti\u015fkin seyirciler i\u00e7in geleneksel Japon kukla tiyatrosudur. Japon kukla tiyatrosunun bunraku ad\u0131 yenidir. Kukla tiyatrosunun bunraku ad\u0131 1871 y\u0131l\u0131nda Osaka\u2019da kurulan Bunraku-za kukla tiyatrosunun ad\u0131dan gelmektedir. Bunraku ad\u0131 ise \u00fcnl\u00fc kuklac\u0131 Uemura Bunraku-ken (1737-1810, ger\u00e7ek ad\u0131 Masai Kahei)\u2019den gelmektedir. 19. y\u00fczy\u0131l\u0131n sonuna kadar kukla tiyatrosunun ad\u0131 coruri, ningyo coruri (kukla coruri) veya ningyo \u015fibai (kukla g\u00f6sterisi) idi.<br \/>\nCoruri \u015famisen (di\u015fi kedi veya k\u00f6pek deri ile kaplam\u0131\u015f 3 telli m\u00fczik enstruman\u0131) m\u00fczi\u011fin e\u015fli\u011finde metninin okumas\u0131n\u0131n bir t\u00fcr\u00fcn ad\u0131d\u0131r. Coruri ad\u0131 16. y\u00fczy\u0131l\u0131n ortas\u0131nda biva (4-5 telli m\u00fczik enstruman\u0131) m\u00fczi\u011fin e\u015fli\u011fiyle okumu\u015f Coruri-hime monogatari (Prenses Coruri hikayesi) ad\u0131ndaki \u00fcnl\u00fc metnin ad\u0131ndan gelmektedir. Ayn\u0131 zamanda Okinava\u2019dan Japonya\u2019ya san\u015fin (y\u0131lan deriden yap\u0131lm\u0131\u015f 3 telli m\u00fczik enstruman\u0131) getirilmi\u015ftir. Japonya\u2019da san\u015fin enstruman\u0131 de\u011fi\u015ftirip \u015famisen enstruman\u0131 yap\u0131lm\u0131\u015ft\u0131r. \u015eamisen m\u00fczi\u011fi ile coruri metin okumas\u0131 sanat\u0131 \u00e7ok h\u0131zl\u0131 geli\u015fmi\u015ftir.<\/p>\n<div id=\"attachment_24\" style=\"width: 301px\" class=\"wp-caption alignleft\"><img loading=\"lazy\" decoding=\"async\" aria-describedby=\"caption-attachment-24\" class=\"wp-image-24\" src=\"http:\/\/penceremdenjaponya2016.jikad.org.tr\/yarismaci8\/wp-content\/uploads\/sites\/9\/2016\/02\/01-biwa-300x115.jpg\" alt=\"Biva\" width=\"291\" height=\"112\" srcset=\"http:\/\/penceremdenjaponya2016.jikad.org.tr\/yarismaci8\/wp-content\/uploads\/sites\/9\/2016\/02\/01-biwa-300x115.jpg 300w, http:\/\/penceremdenjaponya2016.jikad.org.tr\/yarismaci8\/wp-content\/uploads\/sites\/9\/2016\/02\/01-biwa-250x95.jpg 250w, http:\/\/penceremdenjaponya2016.jikad.org.tr\/yarismaci8\/wp-content\/uploads\/sites\/9\/2016\/02\/01-biwa-150x57.jpg 150w, http:\/\/penceremdenjaponya2016.jikad.org.tr\/yarismaci8\/wp-content\/uploads\/sites\/9\/2016\/02\/01-biwa.jpg 600w\" sizes=\"auto, (max-width: 291px) 100vw, 291px\" \/><p id=\"caption-attachment-24\" class=\"wp-caption-text\">Biva<\/p><\/div>\n<div id=\"attachment_26\" style=\"width: 191px\" class=\"wp-caption alignright\"><img loading=\"lazy\" decoding=\"async\" aria-describedby=\"caption-attachment-26\" class=\"wp-image-26\" src=\"http:\/\/penceremdenjaponya2016.jikad.org.tr\/yarismaci8\/wp-content\/uploads\/sites\/9\/2016\/02\/03-Shamisen-300x219.jpg\" alt=\"\u015eamisen\" width=\"181\" height=\"132\" srcset=\"http:\/\/penceremdenjaponya2016.jikad.org.tr\/yarismaci8\/wp-content\/uploads\/sites\/9\/2016\/02\/03-Shamisen-300x219.jpg 300w, http:\/\/penceremdenjaponya2016.jikad.org.tr\/yarismaci8\/wp-content\/uploads\/sites\/9\/2016\/02\/03-Shamisen-205x150.jpg 205w, http:\/\/penceremdenjaponya2016.jikad.org.tr\/yarismaci8\/wp-content\/uploads\/sites\/9\/2016\/02\/03-Shamisen-150x110.jpg 150w, http:\/\/penceremdenjaponya2016.jikad.org.tr\/yarismaci8\/wp-content\/uploads\/sites\/9\/2016\/02\/03-Shamisen.jpg 625w\" sizes=\"auto, (max-width: 181px) 100vw, 181px\" \/><p id=\"caption-attachment-26\" class=\"wp-caption-text\">\u015eamisen<\/p><\/div>\n<div id=\"attachment_25\" style=\"width: 204px\" class=\"wp-caption alignright\"><img loading=\"lazy\" decoding=\"async\" aria-describedby=\"caption-attachment-25\" class=\"wp-image-25\" src=\"http:\/\/penceremdenjaponya2016.jikad.org.tr\/yarismaci8\/wp-content\/uploads\/sites\/9\/2016\/02\/02-Sanshin-300x190.png\" alt=\"San\u015fin\" width=\"194\" height=\"123\" srcset=\"http:\/\/penceremdenjaponya2016.jikad.org.tr\/yarismaci8\/wp-content\/uploads\/sites\/9\/2016\/02\/02-Sanshin-300x190.png 300w, http:\/\/penceremdenjaponya2016.jikad.org.tr\/yarismaci8\/wp-content\/uploads\/sites\/9\/2016\/02\/02-Sanshin-768x486.png 768w, http:\/\/penceremdenjaponya2016.jikad.org.tr\/yarismaci8\/wp-content\/uploads\/sites\/9\/2016\/02\/02-Sanshin-237x150.png 237w, http:\/\/penceremdenjaponya2016.jikad.org.tr\/yarismaci8\/wp-content\/uploads\/sites\/9\/2016\/02\/02-Sanshin-150x95.png 150w, http:\/\/penceremdenjaponya2016.jikad.org.tr\/yarismaci8\/wp-content\/uploads\/sites\/9\/2016\/02\/02-Sanshin.png 929w\" sizes=\"auto, (max-width: 194px) 100vw, 194px\" \/><p id=\"caption-attachment-25\" class=\"wp-caption-text\">San\u015fin<\/p><\/div>\n<p>Coruri i\u00e7in \u015famiseni ilk kullanan okuyucu Savazumi Kenkyo veya Takino Koto\u2019nun olmas\u0131 belli de\u011filse onlar\u0131n \u00f6\u011frencilerin taraf\u0131ndan coruri metnin okumas\u0131n\u0131, \u015famisen \u00e7almas\u0131n\u0131 ve kuklac\u0131l\u0131\u011f\u0131 birle\u015fmesinin yap\u0131lmas\u0131 kesindir. Savazumi\u2019nin \u00f6\u011frenci Menukiya \u00c7ozaburo Avacima\u2019dan gelen kuklac\u0131 Kenmotsu\u2019yla, Takino\u2019nun \u00f6\u011frenci Cirobei Ni\u015finomiya\u2019dan gelen kuklac\u0131 Cirobei\u2019yle birle\u015fip eski coruri kukla tiyatrosunun ba\u015flayac\u0131lar say\u0131l\u0131r. Corurinin yeni e\u011flence t\u00fcr\u00fc olarak olu\u015fturmas\u0131n\u0131 \u00c7ozaburo\u2019ya vermektedir. \u00c7ozaburo ilk geleneksel Heike monogatari\u2019den ba\u015fka konular\u0131 anlatmaya ba\u015flam\u0131\u015ft\u0131.<\/p>\n","protected":false},"excerpt":{"rendered":"<p>Bunraku Tan\u0131t\u0131m\u0131: Bunraku yeti\u015fkin seyirciler i\u00e7in geleneksel Japon kukla tiyatrosudur. Japon kukla tiyatrosunun bunraku ad\u0131 yenidir. Kukla tiyatrosunun bunraku ad\u0131 1871 y\u0131l\u0131nda Osaka\u2019da kurulan Bunraku-za kukla tiyatrosunun ad\u0131dan gelmektedir. Bunraku ad\u0131 ise \u00fcnl\u00fc kuklac\u0131 Uemura Bunraku-ken (1737-1810, ger\u00e7ek ad\u0131 Masai Kahei)\u2019den gelmektedir. 19. y\u00fczy\u0131l\u0131n sonuna kadar kukla tiyatrosunun ad\u0131 coruri, \u2026 <a class=\"continue-reading-link\" href=\"http:\/\/penceremdenjaponya2016.jikad.org.tr\/yarismaci8\/penceremden-1\/\"> Continue reading<\/a><\/p>\n","protected":false},"author":1,"featured_media":0,"parent":0,"menu_order":0,"comment_status":"closed","ping_status":"closed","template":"","meta":{"footnotes":""},"class_list":["post-7","page","type-page","status-publish","hentry"],"_links":{"self":[{"href":"http:\/\/penceremdenjaponya2016.jikad.org.tr\/yarismaci8\/wp-json\/wp\/v2\/pages\/7","targetHints":{"allow":["GET"]}}],"collection":[{"href":"http:\/\/penceremdenjaponya2016.jikad.org.tr\/yarismaci8\/wp-json\/wp\/v2\/pages"}],"about":[{"href":"http:\/\/penceremdenjaponya2016.jikad.org.tr\/yarismaci8\/wp-json\/wp\/v2\/types\/page"}],"author":[{"embeddable":true,"href":"http:\/\/penceremdenjaponya2016.jikad.org.tr\/yarismaci8\/wp-json\/wp\/v2\/users\/1"}],"replies":[{"embeddable":true,"href":"http:\/\/penceremdenjaponya2016.jikad.org.tr\/yarismaci8\/wp-json\/wp\/v2\/comments?post=7"}],"version-history":[{"count":4,"href":"http:\/\/penceremdenjaponya2016.jikad.org.tr\/yarismaci8\/wp-json\/wp\/v2\/pages\/7\/revisions"}],"predecessor-version":[{"id":85,"href":"http:\/\/penceremdenjaponya2016.jikad.org.tr\/yarismaci8\/wp-json\/wp\/v2\/pages\/7\/revisions\/85"}],"wp:attachment":[{"href":"http:\/\/penceremdenjaponya2016.jikad.org.tr\/yarismaci8\/wp-json\/wp\/v2\/media?parent=7"}],"curies":[{"name":"wp","href":"https:\/\/api.w.org\/{rel}","templated":true}]}}