{"id":11,"date":"2016-01-16T10:40:31","date_gmt":"2016-01-16T08:40:31","guid":{"rendered":"http:\/\/penceremdenjaponya2016.jikad.org.tr\/yarismaci8\/?page_id=11"},"modified":"2016-02-06T19:06:37","modified_gmt":"2016-02-06T17:06:37","slug":"penceremden-3","status":"publish","type":"page","link":"http:\/\/penceremdenjaponya2016.jikad.org.tr\/yarismaci8\/penceremden-3\/","title":{"rendered":"Penceremden 3"},"content":{"rendered":"<p>Sahne: \u00a0 \u00a0 \u00a0 \u00a0\u00a0 <img loading=\"lazy\" decoding=\"async\" class=\"alignnone wp-image-38\" src=\"http:\/\/penceremdenjaponya2016.jikad.org.tr\/yarismaci8\/wp-content\/uploads\/sites\/9\/2016\/02\/14-bunraku-stage-good-1-300x117.jpg\" alt=\"14 bunraku stage good (1)\" width=\"382\" height=\"149\" srcset=\"http:\/\/penceremdenjaponya2016.jikad.org.tr\/yarismaci8\/wp-content\/uploads\/sites\/9\/2016\/02\/14-bunraku-stage-good-1-300x117.jpg 300w, http:\/\/penceremdenjaponya2016.jikad.org.tr\/yarismaci8\/wp-content\/uploads\/sites\/9\/2016\/02\/14-bunraku-stage-good-1-768x300.jpg 768w, http:\/\/penceremdenjaponya2016.jikad.org.tr\/yarismaci8\/wp-content\/uploads\/sites\/9\/2016\/02\/14-bunraku-stage-good-1-1024x400.jpg 1024w, http:\/\/penceremdenjaponya2016.jikad.org.tr\/yarismaci8\/wp-content\/uploads\/sites\/9\/2016\/02\/14-bunraku-stage-good-1-250x98.jpg 250w, http:\/\/penceremdenjaponya2016.jikad.org.tr\/yarismaci8\/wp-content\/uploads\/sites\/9\/2016\/02\/14-bunraku-stage-good-1-150x59.jpg 150w, http:\/\/penceremdenjaponya2016.jikad.org.tr\/yarismaci8\/wp-content\/uploads\/sites\/9\/2016\/02\/14-bunraku-stage-good-1.jpg 1278w\" sizes=\"auto, (max-width: 382px) 100vw, 382px\" \/> \u00a0 \u00a0 \u00a0 \u00a0\u00a0\u00a0 \u00a0 \u00a0 <img loading=\"lazy\" decoding=\"async\" class=\"alignnone wp-image-39\" src=\"http:\/\/penceremdenjaponya2016.jikad.org.tr\/yarismaci8\/wp-content\/uploads\/sites\/9\/2016\/02\/14-bunraku-stage-good-2-300x184.gif\" alt=\"14 bunraku stage good (2)\" width=\"253\" height=\"155\" srcset=\"http:\/\/penceremdenjaponya2016.jikad.org.tr\/yarismaci8\/wp-content\/uploads\/sites\/9\/2016\/02\/14-bunraku-stage-good-2-300x184.gif 300w, http:\/\/penceremdenjaponya2016.jikad.org.tr\/yarismaci8\/wp-content\/uploads\/sites\/9\/2016\/02\/14-bunraku-stage-good-2-245x150.gif 245w, http:\/\/penceremdenjaponya2016.jikad.org.tr\/yarismaci8\/wp-content\/uploads\/sites\/9\/2016\/02\/14-bunraku-stage-good-2-150x92.gif 150w\" sizes=\"auto, (max-width: 253px) 100vw, 253px\" \/><br \/>\nCoruri (ba\u015fka ad\u0131 gidayu-bu\u015fi) metin okuyucu (tayu) ve \u015famiseni \u00e7alan m\u00fczisyeni k\u00fc\u00e7\u00fck d\u00f6nen sahne (yuka) \u00fcst\u00fcnde oturmakta. Kuklac\u0131lar Funazoko\u2019da \u00fc\u00e7 tesuri aras\u0131nda ge\u00e7erken kuklalar\u0131 canland\u0131rmakta. Sahnenin arkas\u0131nda bina (yatai) ve boyam\u0131\u015f manzara resmi (kakivari) bulunmakta. Kuklac\u0131lar sahne bittekten sonra k\u00fc\u00e7\u00fck siyah perdelerden (komaku) \u00e7\u0131kmakta. K\u00fc\u00e7\u00fck siyah perdelerin \u00fcst\u00fcnde kapal\u0131 odalar (misuu\u00e7i) var. Seyirciler taraf\u0131ndan bakarak sa\u011f misuu\u00e7inde gen\u00e7 tayular ve \u015famisen m\u00fczisyenleri oturmakta, sol misuu\u00e7inde ise oyun zaman\u0131nda gereken duygular\u0131 ve sesleri yapan orkestra (haya\u015fi) \u00fcyeleri oturmakta.<\/p>\n<p><img loading=\"lazy\" decoding=\"async\" class=\"wp-image-40 alignleft\" src=\"http:\/\/penceremdenjaponya2016.jikad.org.tr\/yarismaci8\/wp-content\/uploads\/sites\/9\/2016\/02\/15-bun301-300x200.jpg\" alt=\"15 bun301\" width=\"167\" height=\"111\" srcset=\"http:\/\/penceremdenjaponya2016.jikad.org.tr\/yarismaci8\/wp-content\/uploads\/sites\/9\/2016\/02\/15-bun301-300x200.jpg 300w, http:\/\/penceremdenjaponya2016.jikad.org.tr\/yarismaci8\/wp-content\/uploads\/sites\/9\/2016\/02\/15-bun301-225x150.jpg 225w, http:\/\/penceremdenjaponya2016.jikad.org.tr\/yarismaci8\/wp-content\/uploads\/sites\/9\/2016\/02\/15-bun301-150x100.jpg 150w, http:\/\/penceremdenjaponya2016.jikad.org.tr\/yarismaci8\/wp-content\/uploads\/sites\/9\/2016\/02\/15-bun301.jpg 568w\" sizes=\"auto, (max-width: 167px) 100vw, 167px\" \/><br \/>\nMetin okuyucu \u2013 Tayu:<br \/>\nTayu \u00e7ok yetenekli, g\u00fczel ve g\u00fc\u00e7l\u00fc ses sahibi olmakta. Tayu g\u00f6steri boyunca tek ba\u015f\u0131nda hem t\u00fcm kahramanlar\u0131n diyaloglar\u0131 okumakta, hem oyunun a\u00e7\u0131klamalar\u0131 okumakta. Tayu oyundaki t\u00fcm kahramanlar\u0131 gen\u00e7 veya ihtiyar, erkek veya kad\u0131n, \u00e7ocuk sesleri gerekli ses tonlar\u0131yla ve duygularla okumakta. Bir oyun en fazla 90 dakika s\u00fcrmekte. Bir oyunda birka\u00e7 kahramandan en fazla 15 kahramana kadar olabilmekte. Eskiden tayu e\u011fitimi \u00e7ok zord<\/p>\n<p>&nbsp;<\/p>\n<p>u ve erken normalde \u00e7ocuklu\u011fundan ba\u015flam\u0131\u015ft\u0131. Japonya t\u00fcyatrosunun mesle\u011fi aile i\u00e7inde ge\u00e7erli, ama tayu i\u00e7in bu gelenek ge\u00e7ersizdir. Tayu sesinin kalitesi ve yeteneyi \u00e7ok \u00f6nemli ve bu yetenek aileye hi\u00e7 ba\u011fal\u0131 de\u011fildir.<\/p>\n<p><img loading=\"lazy\" decoding=\"async\" class=\"wp-image-34 alignright\" src=\"http:\/\/penceremdenjaponya2016.jikad.org.tr\/yarismaci8\/wp-content\/uploads\/sites\/9\/2016\/02\/10-performing-arts_img2-300x201.jpg\" alt=\"10 performing-arts_img2\" width=\"255\" height=\"171\" srcset=\"http:\/\/penceremdenjaponya2016.jikad.org.tr\/yarismaci8\/wp-content\/uploads\/sites\/9\/2016\/02\/10-performing-arts_img2-300x201.jpg 300w, http:\/\/penceremdenjaponya2016.jikad.org.tr\/yarismaci8\/wp-content\/uploads\/sites\/9\/2016\/02\/10-performing-arts_img2-224x150.jpg 224w, http:\/\/penceremdenjaponya2016.jikad.org.tr\/yarismaci8\/wp-content\/uploads\/sites\/9\/2016\/02\/10-performing-arts_img2-150x101.jpg 150w, http:\/\/penceremdenjaponya2016.jikad.org.tr\/yarismaci8\/wp-content\/uploads\/sites\/9\/2016\/02\/10-performing-arts_img2.jpg 470w\" sizes=\"auto, (max-width: 255px) 100vw, 255px\" \/><br \/>\nKuklac\u0131lar:<br \/>\nKuklac\u0131lar genelde kuklac\u0131lar\u0131n ailelerden gelmi\u015fti. G\u00fcn\u00fcm\u00fczde kuklac\u0131l\u0131\u011f\u0131 \u00f6\u011frenmek isteyenlerin say\u0131s\u0131 k\u00fc\u00e7\u00fck oldu\u011fundan dolay\u0131 istisnalar\u0131 yap\u0131lmakta. Bunraku kuklalar\u0131 d\u00fcnya kuklalardan farkl\u0131d\u0131r. Bunraku kuklay\u0131 canland\u0131rmak i\u00e7in \u00fc\u00e7 kuklac\u0131 gerekmektedir. Gelene\u011fine g\u00f6re bunraku kuklac\u0131 olmak i\u00e7in e\u011fitim kuklan\u0131n ayaklardan ba\u015flamakta. Ayaklar\u0131n\u0131n hareket etmesini \u00f6\u011frenmek i\u00e7in 10 y\u0131l gerekmekte, sol elinin hareket etmesini \u00f6\u011frenmek i\u00e7in 10 y\u0131l daha gerekmekte ve sa\u011f elini ve kuklan\u0131n ba\u015f\u0131n\u0131n hareket etmesini \u00f6\u011frenmek i\u00e7in 10 y\u0131l daha gerekmekte. Ba\u015fkuklac\u0131 olmak i\u00e7in toplam 30 y\u0131l \u00f6\u011frenmek gerekmektedir. Bunraku kuklalar\u0131n en az 30 temel t\u00fcr kafa, dokuz temel t\u00fcr el ve d\u00f6rt temel t\u00fcr ayak vard\u0131r.<\/p>\n<p><img loading=\"lazy\" decoding=\"async\" class=\"wp-image-43 alignleft\" src=\"http:\/\/penceremdenjaponya2016.jikad.org.tr\/yarismaci8\/wp-content\/uploads\/sites\/9\/2016\/02\/18-bun04-300x199.jpg\" alt=\"18 bun04\" width=\"237\" height=\"157\" srcset=\"http:\/\/penceremdenjaponya2016.jikad.org.tr\/yarismaci8\/wp-content\/uploads\/sites\/9\/2016\/02\/18-bun04-300x199.jpg 300w, http:\/\/penceremdenjaponya2016.jikad.org.tr\/yarismaci8\/wp-content\/uploads\/sites\/9\/2016\/02\/18-bun04-226x150.jpg 226w, http:\/\/penceremdenjaponya2016.jikad.org.tr\/yarismaci8\/wp-content\/uploads\/sites\/9\/2016\/02\/18-bun04-150x100.jpg 150w, http:\/\/penceremdenjaponya2016.jikad.org.tr\/yarismaci8\/wp-content\/uploads\/sites\/9\/2016\/02\/18-bun04.jpg 602w\" sizes=\"auto, (max-width: 237px) 100vw, 237px\" \/><br \/>\nBa\u015fkuklac\u0131 (omozukai) kukla ba\u015f\u0131n\u0131 ve sa\u011f elini kontrol eder, ikinci kuklac\u0131 (hidarizukai) sol elini kontrol eder ve \u00fc\u00e7\u00fcnc\u00fc kuklac\u0131 (a\u015fizukai) erkek kuklalar\u0131n ayaklar\u0131 ve kad\u0131n kuklalar\u0131n ayaklar\u0131n\u0131n oldu\u011funu g\u00f6stermek i\u00e7in kimononun ete\u011fini i\u00e7inden kontrol etmektedir. \u00dc\u00e7\u00fcnc\u00fc ve ikinci kuklac\u0131 genelde siyah k\u0131yafetleri (kurogo) giyerken sahneye \u00e7\u0131kmakta, ba\u015fkuklac\u0131 ise geleneksel k\u0131yafet\u0131 ve \u00f6zel ayakkab\u0131 y\u00fcksek geta giymektedir. Kuklalar\u0131n boyular\u0131 1 m 30 cm\u2019den 1 m 50 cm\u2019ye kadar olabilmektedir. O y\u00fczden ba\u015fkuklac\u0131n\u0131n \u00f6zel getalar\u0131 20 cm\u2019den 50 cm\u2019ye kadar y\u00fcksek olabilmekte. K\u00fc\u00e7\u00fck kuklalar\u0131 sadece bir kuklac\u0131 canland\u0131rmaktad\u0131r. \u00dc\u00e7 kuklac\u0131n\u0131n t\u00fcm hareketleri \u00e7ok uyumlu olmal\u0131d\u0131r. Yoksa kuklan\u0131n hareketleri do\u011fal g\u00f6r\u00fcnmez ve kukla parampar\u00e7a olacakt\u0131r. Ola\u011fan\u00fcst\u00fc performans i\u00e7in \u00fc\u00e7 kuklac\u0131 kukla ile bir olmal\u0131 ve \u015famis<\/p>\n<div id=\"attachment_45\" style=\"width: 201px\" class=\"wp-caption alignright\"><img loading=\"lazy\" decoding=\"async\" aria-describedby=\"caption-attachment-45\" class=\" wp-image-45\" src=\"http:\/\/penceremdenjaponya2016.jikad.org.tr\/yarismaci8\/wp-content\/uploads\/sites\/9\/2016\/02\/20-geta-300x225.jpg\" alt=\"Ba\u015fkuklac\u0131n\u0131n Geta\" width=\"191\" height=\"143\" srcset=\"http:\/\/penceremdenjaponya2016.jikad.org.tr\/yarismaci8\/wp-content\/uploads\/sites\/9\/2016\/02\/20-geta-300x225.jpg 300w, http:\/\/penceremdenjaponya2016.jikad.org.tr\/yarismaci8\/wp-content\/uploads\/sites\/9\/2016\/02\/20-geta-200x150.jpg 200w, http:\/\/penceremdenjaponya2016.jikad.org.tr\/yarismaci8\/wp-content\/uploads\/sites\/9\/2016\/02\/20-geta-150x113.jpg 150w, http:\/\/penceremdenjaponya2016.jikad.org.tr\/yarismaci8\/wp-content\/uploads\/sites\/9\/2016\/02\/20-geta.jpg 320w\" sizes=\"auto, (max-width: 191px) 100vw, 191px\" \/><p id=\"caption-attachment-45\" class=\"wp-caption-text\">Ba\u015fkuklac\u0131n\u0131n Geta<\/p><\/div>\n<p>en m\u00fczisyeni ve tayu metin okuyucu ile sanki ayn\u0131 ruhun sahibi olmal\u0131d\u0131r.<\/p>\n<p><img loading=\"lazy\" decoding=\"async\" class=\"wp-image-44 alignleft\" src=\"http:\/\/penceremdenjaponya2016.jikad.org.tr\/yarismaci8\/wp-content\/uploads\/sites\/9\/2016\/02\/19-bunraku-diagram-300x206.jpg\" alt=\"19 bunraku-diagram\" width=\"198\" height=\"136\" srcset=\"http:\/\/penceremdenjaponya2016.jikad.org.tr\/yarismaci8\/wp-content\/uploads\/sites\/9\/2016\/02\/19-bunraku-diagram-300x206.jpg 300w, http:\/\/penceremdenjaponya2016.jikad.org.tr\/yarismaci8\/wp-content\/uploads\/sites\/9\/2016\/02\/19-bunraku-diagram-219x150.jpg 219w, http:\/\/penceremdenjaponya2016.jikad.org.tr\/yarismaci8\/wp-content\/uploads\/sites\/9\/2016\/02\/19-bunraku-diagram-150x103.jpg 150w, http:\/\/penceremdenjaponya2016.jikad.org.tr\/yarismaci8\/wp-content\/uploads\/sites\/9\/2016\/02\/19-bunraku-diagram.jpg 760w\" sizes=\"auto, (max-width: 198px) 100vw, 198px\" \/><br \/>\nKuklalar\u0131n kafalar\u0131 tahtadan yap\u0131lm\u0131\u015f, i\u00e7i bo\u015f ve omuzlardan ge\u00e7en kulpu (dogu\u015fi) \u00fcst\u00fcne konulmu\u015ftur. Bu kulpu yard\u0131m\u0131yla ba\u015fkuklac\u0131 kuklay\u0131 canland\u0131rmaktad\u0131r. Kuklan\u0131n omuzlardan ayr\u0131 iplerle kuklan\u0131n elleri ve ayaklar\u0131 ba\u011flamaktad\u0131r. Omuzlardan kuklan\u0131n \u00f6n\u00fc ve arkas\u0131 kuma\u015fla \u00f6rmektedir. Kuklan\u0131n sol elini harekete ettirmek i\u00e7in ona uzun kolu (sa\u015figane) ba\u011flamaktad\u0131r.<\/p>\n<p><img loading=\"lazy\" decoding=\"async\" class=\"alignnone wp-image-51\" src=\"http:\/\/penceremdenjaponya2016.jikad.org.tr\/yarismaci8\/wp-content\/uploads\/sites\/9\/2016\/02\/25-imagesdfghjkljhgfg-300x162.jpg\" alt=\"25 imagesdfghjkljhgfg\" width=\"233\" height=\"126\" srcset=\"http:\/\/penceremdenjaponya2016.jikad.org.tr\/yarismaci8\/wp-content\/uploads\/sites\/9\/2016\/02\/25-imagesdfghjkljhgfg-300x162.jpg 300w, http:\/\/penceremdenjaponya2016.jikad.org.tr\/yarismaci8\/wp-content\/uploads\/sites\/9\/2016\/02\/25-imagesdfghjkljhgfg-250x135.jpg 250w, http:\/\/penceremdenjaponya2016.jikad.org.tr\/yarismaci8\/wp-content\/uploads\/sites\/9\/2016\/02\/25-imagesdfghjkljhgfg-150x81.jpg 150w, http:\/\/penceremdenjaponya2016.jikad.org.tr\/yarismaci8\/wp-content\/uploads\/sites\/9\/2016\/02\/25-imagesdfghjkljhgfg.jpg 306w\" sizes=\"auto, (max-width: 233px) 100vw, 233px\" \/> <img loading=\"lazy\" decoding=\"async\" class=\"alignnone wp-image-47\" src=\"http:\/\/penceremdenjaponya2016.jikad.org.tr\/yarismaci8\/wp-content\/uploads\/sites\/9\/2016\/02\/21-process02-300x225.jpg\" alt=\"21 process02\" width=\"175\" height=\"131\" srcset=\"http:\/\/penceremdenjaponya2016.jikad.org.tr\/yarismaci8\/wp-content\/uploads\/sites\/9\/2016\/02\/21-process02-300x225.jpg 300w, http:\/\/penceremdenjaponya2016.jikad.org.tr\/yarismaci8\/wp-content\/uploads\/sites\/9\/2016\/02\/21-process02-200x150.jpg 200w, http:\/\/penceremdenjaponya2016.jikad.org.tr\/yarismaci8\/wp-content\/uploads\/sites\/9\/2016\/02\/21-process02-150x113.jpg 150w, http:\/\/penceremdenjaponya2016.jikad.org.tr\/yarismaci8\/wp-content\/uploads\/sites\/9\/2016\/02\/21-process02.jpg 320w\" sizes=\"auto, (max-width: 175px) 100vw, 175px\" \/> <img loading=\"lazy\" decoding=\"async\" class=\"alignnone wp-image-48\" src=\"http:\/\/penceremdenjaponya2016.jikad.org.tr\/yarismaci8\/wp-content\/uploads\/sites\/9\/2016\/02\/22-process03-300x225.jpg\" alt=\"22 process03\" width=\"170\" height=\"128\" srcset=\"http:\/\/penceremdenjaponya2016.jikad.org.tr\/yarismaci8\/wp-content\/uploads\/sites\/9\/2016\/02\/22-process03-300x225.jpg 300w, http:\/\/penceremdenjaponya2016.jikad.org.tr\/yarismaci8\/wp-content\/uploads\/sites\/9\/2016\/02\/22-process03-200x150.jpg 200w, http:\/\/penceremdenjaponya2016.jikad.org.tr\/yarismaci8\/wp-content\/uploads\/sites\/9\/2016\/02\/22-process03-150x113.jpg 150w, http:\/\/penceremdenjaponya2016.jikad.org.tr\/yarismaci8\/wp-content\/uploads\/sites\/9\/2016\/02\/22-process03.jpg 320w\" sizes=\"auto, (max-width: 170px) 100vw, 170px\" \/>\u00a0<img loading=\"lazy\" decoding=\"async\" class=\"alignnone wp-image-49\" src=\"http:\/\/penceremdenjaponya2016.jikad.org.tr\/yarismaci8\/wp-content\/uploads\/sites\/9\/2016\/02\/23-process04-300x225.jpg\" alt=\"23 process04\" width=\"169\" height=\"127\" srcset=\"http:\/\/penceremdenjaponya2016.jikad.org.tr\/yarismaci8\/wp-content\/uploads\/sites\/9\/2016\/02\/23-process04-300x225.jpg 300w, http:\/\/penceremdenjaponya2016.jikad.org.tr\/yarismaci8\/wp-content\/uploads\/sites\/9\/2016\/02\/23-process04-200x150.jpg 200w, http:\/\/penceremdenjaponya2016.jikad.org.tr\/yarismaci8\/wp-content\/uploads\/sites\/9\/2016\/02\/23-process04-150x113.jpg 150w, http:\/\/penceremdenjaponya2016.jikad.org.tr\/yarismaci8\/wp-content\/uploads\/sites\/9\/2016\/02\/23-process04.jpg 320w\" sizes=\"auto, (max-width: 169px) 100vw, 169px\" \/><br \/>\nBunraku kuklalar\u0131n y\u00fczleri hareket ettirebilmekte. Y\u00fcz\u00fcn g\u00f6zleri, ka\u015flar\u0131 ve a\u011f\u0131z\u0131 hareket ettirebilmekte. Baz\u0131 kafalar insandan canavara ve \u00f6tesine d\u00f6n\u00fc\u015ft\u00fcrebilmekte. T\u00fcm kuklalar\u0131n perukalar\u0131 (kazura) elleriyle do\u011fal sa\u00e7lardan peruka ustas\u0131 yap\u0131lmakta. \u00a0 \u00a0 \u00a0 \u00a0 \u00a0 \u00a0 \u00a0 \u00a0 \u00a0 \u00a0\u00a0\u00a0 <img loading=\"lazy\" decoding=\"async\" class=\"wp-image-57 alignright\" src=\"http:\/\/penceremdenjaponya2016.jikad.org.tr\/yarismaci8\/wp-content\/uploads\/sites\/9\/2016\/02\/30-bun54.jpg\" alt=\"30 bun54\" width=\"135\" height=\"134\" srcset=\"http:\/\/penceremdenjaponya2016.jikad.org.tr\/yarismaci8\/wp-content\/uploads\/sites\/9\/2016\/02\/30-bun54.jpg 196w, http:\/\/penceremdenjaponya2016.jikad.org.tr\/yarismaci8\/wp-content\/uploads\/sites\/9\/2016\/02\/30-bun54-150x148.jpg 150w, http:\/\/penceremdenjaponya2016.jikad.org.tr\/yarismaci8\/wp-content\/uploads\/sites\/9\/2016\/02\/30-bun54-152x150.jpg 152w\" sizes=\"auto, (max-width: 135px) 100vw, 135px\" \/><\/p>\n<p>Ayn\u0131 kafay\u0131 y\u00fcz\u00fcn\u00fcn rengi, makiyaji ve perukay\u0131 de\u011fi\u015f<img loading=\"lazy\" decoding=\"async\" class=\"wp-image-53 alignright\" src=\"http:\/\/penceremdenjaponya2016.jikad.org.tr\/yarismaci8\/wp-content\/uploads\/sites\/9\/2016\/02\/26.6-bun56-300x182.jpg\" alt=\"26.6 bun56\" width=\"195\" height=\"118\" srcset=\"http:\/\/penceremdenjaponya2016.jikad.org.tr\/yarismaci8\/wp-content\/uploads\/sites\/9\/2016\/02\/26.6-bun56-300x182.jpg 300w, http:\/\/penceremdenjaponya2016.jikad.org.tr\/yarismaci8\/wp-content\/uploads\/sites\/9\/2016\/02\/26.6-bun56-247x150.jpg 247w, http:\/\/penceremdenjaponya2016.jikad.org.tr\/yarismaci8\/wp-content\/uploads\/sites\/9\/2016\/02\/26.6-bun56-150x91.jpg 150w, http:\/\/penceremdenjaponya2016.jikad.org.tr\/yarismaci8\/wp-content\/uploads\/sites\/9\/2016\/02\/26.6-bun56.jpg 448w\" sizes=\"auto, (max-width: 195px) 100vw, 195px\" \/><img loading=\"lazy\" decoding=\"async\" class=\"wp-image-52 alignright\" src=\"http:\/\/penceremdenjaponya2016.jikad.org.tr\/yarismaci8\/wp-content\/uploads\/sites\/9\/2016\/02\/26-bun74-300x200.jpg\" alt=\"26 bun74\" width=\"186\" height=\"124\" srcset=\"http:\/\/penceremdenjaponya2016.jikad.org.tr\/yarismaci8\/wp-content\/uploads\/sites\/9\/2016\/02\/26-bun74-300x200.jpg 300w, http:\/\/penceremdenjaponya2016.jikad.org.tr\/yarismaci8\/wp-content\/uploads\/sites\/9\/2016\/02\/26-bun74-225x150.jpg 225w, http:\/\/penceremdenjaponya2016.jikad.org.tr\/yarismaci8\/wp-content\/uploads\/sites\/9\/2016\/02\/26-bun74-150x100.jpg 150w, http:\/\/penceremdenjaponya2016.jikad.org.tr\/yarismaci8\/wp-content\/uploads\/sites\/9\/2016\/02\/26-bun74.jpg 600w\" sizes=\"auto, (max-width: 186px) 100vw, 186px\" \/>tirip pek \u00e7ok oyun i\u00e7in kullanabilmektedir. Her oyundan \u00f6nce kuklac\u0131 kendi kuklay\u0131 toplay\u0131p giydirip haz\u0131rlamal\u0131d\u0131r. Kuklalar\u0131n kafalar\u0131 kukla ustas\u0131 ve kukla k\u0131yafetleri (kimono, cuban, kitsuke, haori, u\u015fikake, eri ve obi) k\u0131yafet ustas\u0131 yap\u0131lmaktad\u0131r. Kuklalar\u0131n k\u0131yafetleri ger\u00e7ek geleneksel k\u0131yafetleriyle ayn\u0131 yap\u0131lmakta. Kuklay\u0131 insana daha \u00e7ok benzetmek i\u00e7in kuklan\u0131n k\u0131yafetine pamuk par\u00e7alar\u0131 koymaktad\u0131r. Kuklay\u0131 canland\u0131rmak i\u00e7in k\u0131yafetinin arkas\u0131nda elini i\u00e7ine koymak i\u00e7in delik vard\u0131r.<\/p>\n<p><img loading=\"lazy\" decoding=\"async\" class=\"alignnone wp-image-68\" src=\"http:\/\/penceremdenjaponya2016.jikad.org.tr\/yarismaci8\/wp-content\/uploads\/sites\/9\/2016\/02\/41-props04-warious-hand-props-300x229.jpg\" alt=\"41 props04 warious hand props\" width=\"234\" height=\"179\" srcset=\"http:\/\/penceremdenjaponya2016.jikad.org.tr\/yarismaci8\/wp-content\/uploads\/sites\/9\/2016\/02\/41-props04-warious-hand-props-300x229.jpg 300w, http:\/\/penceremdenjaponya2016.jikad.org.tr\/yarismaci8\/wp-content\/uploads\/sites\/9\/2016\/02\/41-props04-warious-hand-props-196x150.jpg 196w, http:\/\/penceremdenjaponya2016.jikad.org.tr\/yarismaci8\/wp-content\/uploads\/sites\/9\/2016\/02\/41-props04-warious-hand-props-150x115.jpg 150w, http:\/\/penceremdenjaponya2016.jikad.org.tr\/yarismaci8\/wp-content\/uploads\/sites\/9\/2016\/02\/41-props04-warious-hand-props.jpg 314w\" sizes=\"auto, (max-width: 234px) 100vw, 234px\" \/> \u00a0\u00a0 <img loading=\"lazy\" decoding=\"async\" class=\"alignnone wp-image-67\" src=\"http:\/\/penceremdenjaponya2016.jikad.org.tr\/yarismaci8\/wp-content\/uploads\/sites\/9\/2016\/02\/40-9887ffb01450ede1373ec40b08853c95-196x300.jpg\" alt=\"40 9887ffb01450ede1373ec40b08853c95\" width=\"154\" height=\"235\" srcset=\"http:\/\/penceremdenjaponya2016.jikad.org.tr\/yarismaci8\/wp-content\/uploads\/sites\/9\/2016\/02\/40-9887ffb01450ede1373ec40b08853c95-196x300.jpg 196w, http:\/\/penceremdenjaponya2016.jikad.org.tr\/yarismaci8\/wp-content\/uploads\/sites\/9\/2016\/02\/40-9887ffb01450ede1373ec40b08853c95-98x150.jpg 98w, http:\/\/penceremdenjaponya2016.jikad.org.tr\/yarismaci8\/wp-content\/uploads\/sites\/9\/2016\/02\/40-9887ffb01450ede1373ec40b08853c95.jpg 564w\" sizes=\"auto, (max-width: 154px) 100vw, 154px\" \/> \u00a0 \u00a0\u00a0 <img loading=\"lazy\" decoding=\"async\" class=\"alignnone wp-image-66\" src=\"http:\/\/penceremdenjaponya2016.jikad.org.tr\/yarismaci8\/wp-content\/uploads\/sites\/9\/2016\/02\/39-7ff058440c88b4f479089fbbd7ebb3ca-200x300.jpg\" alt=\"39 7ff058440c88b4f479089fbbd7ebb3ca\" width=\"156\" height=\"234\" srcset=\"http:\/\/penceremdenjaponya2016.jikad.org.tr\/yarismaci8\/wp-content\/uploads\/sites\/9\/2016\/02\/39-7ff058440c88b4f479089fbbd7ebb3ca-200x300.jpg 200w, http:\/\/penceremdenjaponya2016.jikad.org.tr\/yarismaci8\/wp-content\/uploads\/sites\/9\/2016\/02\/39-7ff058440c88b4f479089fbbd7ebb3ca-100x150.jpg 100w, http:\/\/penceremdenjaponya2016.jikad.org.tr\/yarismaci8\/wp-content\/uploads\/sites\/9\/2016\/02\/39-7ff058440c88b4f479089fbbd7ebb3ca.jpg 360w\" sizes=\"auto, (max-width: 156px) 100vw, 156px\" \/> \u00a0 \u00a0\u00a0 <img loading=\"lazy\" decoding=\"async\" class=\"alignnone wp-image-63\" src=\"http:\/\/penceremdenjaponya2016.jikad.org.tr\/yarismaci8\/wp-content\/uploads\/sites\/9\/2016\/02\/36-3cdddbf93aa817878700386ab441dfc9-200x300.jpg\" alt=\"36 3cdddbf93aa817878700386ab441dfc9\" width=\"155\" height=\"233\" srcset=\"http:\/\/penceremdenjaponya2016.jikad.org.tr\/yarismaci8\/wp-content\/uploads\/sites\/9\/2016\/02\/36-3cdddbf93aa817878700386ab441dfc9-200x300.jpg 200w, http:\/\/penceremdenjaponya2016.jikad.org.tr\/yarismaci8\/wp-content\/uploads\/sites\/9\/2016\/02\/36-3cdddbf93aa817878700386ab441dfc9-100x150.jpg 100w, http:\/\/penceremdenjaponya2016.jikad.org.tr\/yarismaci8\/wp-content\/uploads\/sites\/9\/2016\/02\/36-3cdddbf93aa817878700386ab441dfc9.jpg 480w\" sizes=\"auto, (max-width: 155px) 100vw, 155px\" \/><br \/>\nKuklalar\u0131n oyunlarda k\u00fc\u00e7\u00fck destek e\u015fyalar\u0131 (davul, k\u0131l\u0131\u00e7, mendil, mektup vb.) kullan\u0131lmakta. Bu destek e\u015fyalar\u0131 e\u015fya ustac\u0131 haz\u0131rlamaktad\u0131r. Ayr\u0131ca oyunlarda kullan\u0131lan yelpazelerin boyutu normald\u0131r.<\/p>\n<p><img loading=\"lazy\" decoding=\"async\" class=\"alignnone size-medium wp-image-74\" src=\"http:\/\/penceremdenjaponya2016.jikad.org.tr\/yarismaci8\/wp-content\/uploads\/sites\/9\/2016\/02\/kokuritubun-thumb-627x900-1093-209x300.jpg\" alt=\"kokuritubun-thumb-627x900-1093\" width=\"209\" height=\"300\" srcset=\"http:\/\/penceremdenjaponya2016.jikad.org.tr\/yarismaci8\/wp-content\/uploads\/sites\/9\/2016\/02\/kokuritubun-thumb-627x900-1093-209x300.jpg 209w, http:\/\/penceremdenjaponya2016.jikad.org.tr\/yarismaci8\/wp-content\/uploads\/sites\/9\/2016\/02\/kokuritubun-thumb-627x900-1093-105x150.jpg 105w, http:\/\/penceremdenjaponya2016.jikad.org.tr\/yarismaci8\/wp-content\/uploads\/sites\/9\/2016\/02\/kokuritubun-thumb-627x900-1093.jpg 627w\" sizes=\"auto, (max-width: 209px) 100vw, 209px\" \/>\u00a0\u00a0\u00a0\u00a0 <img loading=\"lazy\" decoding=\"async\" class=\"alignnone wp-image-71\" src=\"http:\/\/penceremdenjaponya2016.jikad.org.tr\/yarismaci8\/wp-content\/uploads\/sites\/9\/2016\/02\/Ningyo-Johruri-Bunraku-Puppet-Theatre-300x225.jpg\" alt=\"Ningyo-Johruri-Bunraku-Puppet-Theatre\" width=\"285\" height=\"214\" srcset=\"http:\/\/penceremdenjaponya2016.jikad.org.tr\/yarismaci8\/wp-content\/uploads\/sites\/9\/2016\/02\/Ningyo-Johruri-Bunraku-Puppet-Theatre-300x225.jpg 300w, http:\/\/penceremdenjaponya2016.jikad.org.tr\/yarismaci8\/wp-content\/uploads\/sites\/9\/2016\/02\/Ningyo-Johruri-Bunraku-Puppet-Theatre-768x576.jpg 768w, http:\/\/penceremdenjaponya2016.jikad.org.tr\/yarismaci8\/wp-content\/uploads\/sites\/9\/2016\/02\/Ningyo-Johruri-Bunraku-Puppet-Theatre.jpg 1024w, http:\/\/penceremdenjaponya2016.jikad.org.tr\/yarismaci8\/wp-content\/uploads\/sites\/9\/2016\/02\/Ningyo-Johruri-Bunraku-Puppet-Theatre-200x150.jpg 200w, http:\/\/penceremdenjaponya2016.jikad.org.tr\/yarismaci8\/wp-content\/uploads\/sites\/9\/2016\/02\/Ningyo-Johruri-Bunraku-Puppet-Theatre-150x113.jpg 150w\" sizes=\"auto, (max-width: 285px) 100vw, 285px\" \/>\u00a0\u00a0 <img loading=\"lazy\" decoding=\"async\" class=\"alignnone size-medium wp-image-70\" src=\"http:\/\/penceremdenjaponya2016.jikad.org.tr\/yarismaci8\/wp-content\/uploads\/sites\/9\/2016\/02\/maxresdefault-300x169.jpg\" alt=\"maxresdefault\" width=\"300\" height=\"169\" srcset=\"http:\/\/penceremdenjaponya2016.jikad.org.tr\/yarismaci8\/wp-content\/uploads\/sites\/9\/2016\/02\/maxresdefault-300x169.jpg 300w, http:\/\/penceremdenjaponya2016.jikad.org.tr\/yarismaci8\/wp-content\/uploads\/sites\/9\/2016\/02\/maxresdefault-768x432.jpg 768w, http:\/\/penceremdenjaponya2016.jikad.org.tr\/yarismaci8\/wp-content\/uploads\/sites\/9\/2016\/02\/maxresdefault-1024x576.jpg 1024w, http:\/\/penceremdenjaponya2016.jikad.org.tr\/yarismaci8\/wp-content\/uploads\/sites\/9\/2016\/02\/maxresdefault-250x141.jpg 250w, http:\/\/penceremdenjaponya2016.jikad.org.tr\/yarismaci8\/wp-content\/uploads\/sites\/9\/2016\/02\/maxresdefault-150x84.jpg 150w, http:\/\/penceremdenjaponya2016.jikad.org.tr\/yarismaci8\/wp-content\/uploads\/sites\/9\/2016\/02\/maxresdefault.jpg 1280w\" sizes=\"auto, (max-width: 300px) 100vw, 300px\" \/><\/p>\n","protected":false},"excerpt":{"rendered":"<p>Sahne: \u00a0 \u00a0 \u00a0 \u00a0\u00a0 \u00a0 \u00a0 \u00a0 \u00a0\u00a0\u00a0 \u00a0 \u00a0 Coruri (ba\u015fka ad\u0131 gidayu-bu\u015fi) metin okuyucu (tayu) ve \u015famiseni \u00e7alan m\u00fczisyeni k\u00fc\u00e7\u00fck d\u00f6nen sahne (yuka) \u00fcst\u00fcnde oturmakta. Kuklac\u0131lar Funazoko\u2019da \u00fc\u00e7 tesuri aras\u0131nda ge\u00e7erken kuklalar\u0131 canland\u0131rmakta. Sahnenin arkas\u0131nda bina (yatai) ve boyam\u0131\u015f manzara resmi (kakivari) bulunmakta. Kuklac\u0131lar sahne bittekten sonra \u2026 <a class=\"continue-reading-link\" href=\"http:\/\/penceremdenjaponya2016.jikad.org.tr\/yarismaci8\/penceremden-3\/\"> Continue reading<\/a><\/p>\n","protected":false},"author":1,"featured_media":0,"parent":0,"menu_order":0,"comment_status":"closed","ping_status":"closed","template":"","meta":{"footnotes":""},"class_list":["post-11","page","type-page","status-publish","hentry"],"_links":{"self":[{"href":"http:\/\/penceremdenjaponya2016.jikad.org.tr\/yarismaci8\/wp-json\/wp\/v2\/pages\/11","targetHints":{"allow":["GET"]}}],"collection":[{"href":"http:\/\/penceremdenjaponya2016.jikad.org.tr\/yarismaci8\/wp-json\/wp\/v2\/pages"}],"about":[{"href":"http:\/\/penceremdenjaponya2016.jikad.org.tr\/yarismaci8\/wp-json\/wp\/v2\/types\/page"}],"author":[{"embeddable":true,"href":"http:\/\/penceremdenjaponya2016.jikad.org.tr\/yarismaci8\/wp-json\/wp\/v2\/users\/1"}],"replies":[{"embeddable":true,"href":"http:\/\/penceremdenjaponya2016.jikad.org.tr\/yarismaci8\/wp-json\/wp\/v2\/comments?post=11"}],"version-history":[{"count":5,"href":"http:\/\/penceremdenjaponya2016.jikad.org.tr\/yarismaci8\/wp-json\/wp\/v2\/pages\/11\/revisions"}],"predecessor-version":[{"id":91,"href":"http:\/\/penceremdenjaponya2016.jikad.org.tr\/yarismaci8\/wp-json\/wp\/v2\/pages\/11\/revisions\/91"}],"wp:attachment":[{"href":"http:\/\/penceremdenjaponya2016.jikad.org.tr\/yarismaci8\/wp-json\/wp\/v2\/media?parent=11"}],"curies":[{"name":"wp","href":"https:\/\/api.w.org\/{rel}","templated":true}]}}