{"id":13,"date":"2016-01-09T11:00:12","date_gmt":"2016-01-09T09:00:12","guid":{"rendered":"http:\/\/penceremdenjaponya2016.jikad.org.tr\/yarismaci7\/?page_id=13"},"modified":"2016-01-31T22:55:01","modified_gmt":"2016-01-31T20:55:01","slug":"kaynak-ve-tesekkur","status":"publish","type":"page","link":"http:\/\/penceremdenjaponya2016.jikad.org.tr\/yarismaci7\/kaynak-ve-tesekkur\/","title":{"rendered":"Kaynak ve Te\u015fekk\u00fcr"},"content":{"rendered":"<p>\u00d6ncelikle bana konu se\u00e7iminde fikir sahibi olmam\u0131 sa\u011flayan ve yeni bir edebiyat d\u00fcnyas\u0131na ad\u0131m atmama vesile olan Arzu Y\u00fccel&#8217;e ve Do\u00e7. Dr.Ali Volkan Erdemir&#8217;e \u00e7ok te\u015fekk\u00fcr ederim. Hemen bana &#8220;Kokoro&#8221;yu ula\u015ft\u0131ran Arzu Han\u0131m&#8217;a tekrar te\u015fekk\u00fcr ederim.<\/p>\n<p>Kulland\u0131\u011f\u0131m Kaynaklar;<\/p>\n<p><em>-&#8220;https:\/\/www.ucl.ac.uk\/library\/exhibitions\/natsume-soseki\/soseki-pamphlet.pdf&#8221;<\/em> Bu bro\u015f\u00fcrde Soseki hakk\u0131nda internette kolayca bulamayaca\u011f\u0131n\u0131z pek \u00e7ok k\u0131sa ama de\u011ferli bilgiler var.<\/p>\n<p>-Soseki&#8217;nin \u015eiiri <em>&#8220;https:\/\/www.ucl.ac.uk\/library\/exhibitions\/natsume-soseki\/soseki-pamphlet.pdf&#8221;<\/em> Sayfa 11<\/p>\n<p><em>-&#8220;https:\/\/en.wikipedia.org\/wiki\/Natsume_S%C5%8Dseki&#8221;<\/em><\/p>\n<p><em>-&#8220;http:\/\/www.encyclopedia.com\/topic\/Soseki_Natsume.aspx#1&#8221;<\/em><\/p>\n<p><em>-&#8220;http:\/\/www.newworldencyclopedia.org\/entry\/Natsume_Soseki&#8221;<\/em><\/p>\n<p><em>-&#8220;http:\/\/www.sosekiproject.org\/&#8221;<\/em> Bu proje ger\u00e7ekten g\u00fczel bir proje. Eserlerinin bir k\u0131sm\u0131na orijinal dilinde ula\u015fabilir ve dinleyebilirsiniz.<\/p>\n<p>&#8211;<em>&#8220;http:\/\/halboor.com\/natsumesoseki&#8221;<\/em> &#8220;Botchan&#8221;\u0131n orjinaline yak\u0131n resmini bulabildi\u011fim adres.<\/p>\n<p><em>&#8220;http:\/\/www.trangsformation.com\/2014\/05\/02\/%E5%A4%8F%E7%9B%AE%E7%A4%8E%E7%9F%B3%E5%85%88%E7%94%9Fnatsume-soseki-sensei\/&#8221;<\/em> Gen\u00e7lik foto\u011fraf\u0131n\u0131 bulabildi\u011fim adres.<\/p>\n<p>&#8211;<em>&#8220;http:\/\/imnothinginparticular.tumblr.com\/post\/3306940608\/botchan-%E5%9D%8A%E3%81%A3%E3%81%A1%E3%82%83%E3%82%931906&#8221;<\/em> \u00c7al\u0131\u015fma odas\u0131ndaki foto\u011fraf\u0131na ula\u015ft\u0131\u011f\u0131m adres.<\/p>\n","protected":false},"excerpt":{"rendered":"<p>\u00d6ncelikle bana konu se\u00e7iminde fikir sahibi olmam\u0131 sa\u011flayan ve yeni bir edebiyat d\u00fcnyas\u0131na ad\u0131m atmama vesile olan Arzu Y\u00fccel&#8217;e ve Do\u00e7. Dr.Ali Volkan Erdemir&#8217;e \u00e7ok te\u015fekk\u00fcr ederim. Hemen bana &#8220;Kokoro&#8221;yu ula\u015ft\u0131ran Arzu Han\u0131m&#8217;a tekrar te\u015fekk\u00fcr ederim. Kulland\u0131\u011f\u0131m Kaynaklar; -&#8220;https:\/\/www.ucl.ac.uk\/library\/exhibitions\/natsume-soseki\/soseki-pamphlet.pdf&#8221; Bu bro\u015f\u00fcrde Soseki hakk\u0131nda internette kolayca bulamayaca\u011f\u0131n\u0131z pek \u00e7ok k\u0131sa ama \u2026 <a class=\"continue-reading-link\" href=\"http:\/\/penceremdenjaponya2016.jikad.org.tr\/yarismaci7\/kaynak-ve-tesekkur\/\"> Continue reading<\/a><\/p>\n","protected":false},"author":1,"featured_media":0,"parent":0,"menu_order":4,"comment_status":"closed","ping_status":"closed","template":"","meta":{"footnotes":""},"class_list":["post-13","page","type-page","status-publish","hentry"],"_links":{"self":[{"href":"http:\/\/penceremdenjaponya2016.jikad.org.tr\/yarismaci7\/wp-json\/wp\/v2\/pages\/13","targetHints":{"allow":["GET"]}}],"collection":[{"href":"http:\/\/penceremdenjaponya2016.jikad.org.tr\/yarismaci7\/wp-json\/wp\/v2\/pages"}],"about":[{"href":"http:\/\/penceremdenjaponya2016.jikad.org.tr\/yarismaci7\/wp-json\/wp\/v2\/types\/page"}],"author":[{"embeddable":true,"href":"http:\/\/penceremdenjaponya2016.jikad.org.tr\/yarismaci7\/wp-json\/wp\/v2\/users\/1"}],"replies":[{"embeddable":true,"href":"http:\/\/penceremdenjaponya2016.jikad.org.tr\/yarismaci7\/wp-json\/wp\/v2\/comments?post=13"}],"version-history":[{"count":5,"href":"http:\/\/penceremdenjaponya2016.jikad.org.tr\/yarismaci7\/wp-json\/wp\/v2\/pages\/13\/revisions"}],"predecessor-version":[{"id":53,"href":"http:\/\/penceremdenjaponya2016.jikad.org.tr\/yarismaci7\/wp-json\/wp\/v2\/pages\/13\/revisions\/53"}],"wp:attachment":[{"href":"http:\/\/penceremdenjaponya2016.jikad.org.tr\/yarismaci7\/wp-json\/wp\/v2\/media?parent=13"}],"curies":[{"name":"wp","href":"https:\/\/api.w.org\/{rel}","templated":true}]}}