{"id":9,"date":"2016-01-09T10:55:31","date_gmt":"2016-01-09T08:55:31","guid":{"rendered":"http:\/\/penceremdenjaponya2016.jikad.org.tr\/yarismaci6\/?page_id=9"},"modified":"2016-01-31T22:36:06","modified_gmt":"2016-01-31T20:36:06","slug":"penceremden-2","status":"publish","type":"page","link":"http:\/\/penceremdenjaponya2016.jikad.org.tr\/yarismaci6\/penceremden-2\/","title":{"rendered":"\u00d6nerdi\u011fim 20 Famicom Oyunu"},"content":{"rendered":"<p>Famicom oyunlar\u0131 eski olsalar da \u00e7ok e\u011flencelidir. Sizlere a\u015fa\u011f\u0131daki tabloda 20 oyun \u00f6nerece\u011fim.<\/p>\n<p><img loading=\"lazy\" decoding=\"async\" class=\"wp-image-27 aligncenter\" src=\"http:\/\/penceremdenjaponya2016.jikad.org.tr\/yarismaci6\/wp-content\/uploads\/sites\/7\/2016\/01\/Resim3-183x300.jpg\" alt=\"Resim3\" width=\"731\" height=\"1198\" srcset=\"http:\/\/penceremdenjaponya2016.jikad.org.tr\/yarismaci6\/wp-content\/uploads\/sites\/7\/2016\/01\/Resim3-183x300.jpg 183w, http:\/\/penceremdenjaponya2016.jikad.org.tr\/yarismaci6\/wp-content\/uploads\/sites\/7\/2016\/01\/Resim3-768x1260.jpg 768w, http:\/\/penceremdenjaponya2016.jikad.org.tr\/yarismaci6\/wp-content\/uploads\/sites\/7\/2016\/01\/Resim3-624x1024.jpg 624w, http:\/\/penceremdenjaponya2016.jikad.org.tr\/yarismaci6\/wp-content\/uploads\/sites\/7\/2016\/01\/Resim3-91x150.jpg 91w, http:\/\/penceremdenjaponya2016.jikad.org.tr\/yarismaci6\/wp-content\/uploads\/sites\/7\/2016\/01\/Resim3.jpg 1518w\" sizes=\"auto, (max-width: 731px) 100vw, 731px\" \/><\/p>\n<p>ayr\u0131ca t\u00fcm oyunlar\u0131n d\u00f6k\u00fcm\u00fcne buradan bakabilirsiniz\u00a0http:\/\/famicomworld.com\/game-list\/<\/p>\n","protected":false},"excerpt":{"rendered":"<p>Famicom oyunlar\u0131 eski olsalar da \u00e7ok e\u011flencelidir. Sizlere a\u015fa\u011f\u0131daki tabloda 20 oyun \u00f6nerece\u011fim. ayr\u0131ca t\u00fcm oyunlar\u0131n d\u00f6k\u00fcm\u00fcne buradan bakabilirsiniz\u00a0http:\/\/famicomworld.com\/game-list\/<\/p>\n","protected":false},"author":1,"featured_media":0,"parent":0,"menu_order":0,"comment_status":"closed","ping_status":"closed","template":"","meta":{"footnotes":""},"class_list":["post-9","page","type-page","status-publish","hentry"],"_links":{"self":[{"href":"http:\/\/penceremdenjaponya2016.jikad.org.tr\/yarismaci6\/wp-json\/wp\/v2\/pages\/9","targetHints":{"allow":["GET"]}}],"collection":[{"href":"http:\/\/penceremdenjaponya2016.jikad.org.tr\/yarismaci6\/wp-json\/wp\/v2\/pages"}],"about":[{"href":"http:\/\/penceremdenjaponya2016.jikad.org.tr\/yarismaci6\/wp-json\/wp\/v2\/types\/page"}],"author":[{"embeddable":true,"href":"http:\/\/penceremdenjaponya2016.jikad.org.tr\/yarismaci6\/wp-json\/wp\/v2\/users\/1"}],"replies":[{"embeddable":true,"href":"http:\/\/penceremdenjaponya2016.jikad.org.tr\/yarismaci6\/wp-json\/wp\/v2\/comments?post=9"}],"version-history":[{"count":6,"href":"http:\/\/penceremdenjaponya2016.jikad.org.tr\/yarismaci6\/wp-json\/wp\/v2\/pages\/9\/revisions"}],"predecessor-version":[{"id":44,"href":"http:\/\/penceremdenjaponya2016.jikad.org.tr\/yarismaci6\/wp-json\/wp\/v2\/pages\/9\/revisions\/44"}],"wp:attachment":[{"href":"http:\/\/penceremdenjaponya2016.jikad.org.tr\/yarismaci6\/wp-json\/wp\/v2\/media?parent=9"}],"curies":[{"name":"wp","href":"https:\/\/api.w.org\/{rel}","templated":true}]}}