{"id":7,"date":"2016-01-09T10:55:21","date_gmt":"2016-01-09T08:55:21","guid":{"rendered":"http:\/\/penceremdenjaponya2016.jikad.org.tr\/yarismaci6\/?page_id=7"},"modified":"2016-01-31T22:44:22","modified_gmt":"2016-01-31T20:44:22","slug":"penceremden-1","status":"publish","type":"page","link":"http:\/\/penceremdenjaponya2016.jikad.org.tr\/yarismaci6\/penceremden-1\/","title":{"rendered":"Nintendo ve famicom&#8217;un do\u011fu\u015fu"},"content":{"rendered":"<p><img loading=\"lazy\" decoding=\"async\" class=\"size-medium wp-image-45 alignleft\" src=\"http:\/\/penceremdenjaponya2016.jikad.org.tr\/yarismaci6\/wp-content\/uploads\/sites\/7\/2016\/01\/hanafuda-300x209.jpg\" alt=\"hanafuda\" width=\"300\" height=\"209\" srcset=\"http:\/\/penceremdenjaponya2016.jikad.org.tr\/yarismaci6\/wp-content\/uploads\/sites\/7\/2016\/01\/hanafuda-300x209.jpg 300w, http:\/\/penceremdenjaponya2016.jikad.org.tr\/yarismaci6\/wp-content\/uploads\/sites\/7\/2016\/01\/hanafuda-216x150.jpg 216w, http:\/\/penceremdenjaponya2016.jikad.org.tr\/yarismaci6\/wp-content\/uploads\/sites\/7\/2016\/01\/hanafuda-150x104.jpg 150w, http:\/\/penceremdenjaponya2016.jikad.org.tr\/yarismaci6\/wp-content\/uploads\/sites\/7\/2016\/01\/hanafuda.jpg 400w\" sizes=\"auto, (max-width: 300px) 100vw, 300px\" \/>Ayr\u0131nt\u0131lara gerek yok. Bunu size bir hik\u00e2ye olarak anlataca\u011f\u0131m. Nintendo 1960lar\u0131n ba\u015flar\u0131nda el yap\u0131m\u0131 Japon oyun kartlar\u0131 \u201c(1)\u201d \u00fcreten bir imalathaneden ba\u015fka bir \u015fey de\u011fildi. Atm\u0131\u015fl\u0131 y\u0131llar\u0131n sonlar\u0131nda b\u00fcy\u00fcm\u00fc\u015f ve Amerika\u2019ya a\u00e7\u0131lm\u0131\u015ft\u0131. \u015eu Amerikal\u0131lar\u0131n biriktirdikleri me\u015fhur beysbol kartlar\u0131n\u0131 \u00fcreten de onlard\u0131. Yetmi\u015flerin ba\u015f\u0131nda oyuncak da \u00fcretmeye ba\u015flad\u0131lar ve baz\u0131 elektronik oyun cihazlar\u0131. Yetmi\u015flerin sonlar\u0131nda art\u0131k elektroni\u011fe b\u00fcy\u00fck \u00f6nem verdiler \u00e7\u00fcnk\u00fc bu o y\u0131llarda b\u00fcy\u00fck gelecek vaat ediyordu. Arcade(2) makineleri i\u015finde y\u00fckselen firma art\u0131k 8bit konsollar\u0131 evlere getirme karar\u0131 ald\u0131 ve Japonya\u2019da 15 Temmuz 1983 de aile bilgisayar\u0131 famicom\u2019u(3) \u00e7\u0131kard\u0131. Aile konsepti ile tasarlanan yine bu konseptle insanlara sunulan famicom Japon aileler taraf\u0131ndan benimsendi ve b\u00fcy\u00fck ra\u011fbet g\u00f6rd\u00fc. ABD de durum kar\u0131\u015f\u0131kt\u0131 game crash(4) ad\u0131 verilen video oyun krizi Nintendo nun bu konsolu aral\u0131k 1985 de \u00e7\u0131karmas\u0131na neden oldu. Bu iki y\u0131lda famicom Amerikal\u0131lar i\u00e7in de\u011fi\u015ftirildi. VHS videolara benzeyen bir yap\u0131 ald\u0131, Oyun \u00fcreticileri k\u0131s\u0131tland\u0131r\u0131ld\u0131 Nintendo g\u00fcvence i\u015faretleri eklendi ve ismi Nintendo e\u011flence sistemi nes oldu. Bu ad\u0131mlar i\u015fe yarad\u0131 ve video oyun krizi a\u015f\u0131lm\u0131\u015f oldu bu nedenle nes oyun konsollar\u0131n\u0131n tarihini de\u011fi\u015ftiren bir kahramand\u0131r. Uzun s\u00fcre milyonlarca ki\u015fi taraf\u0131ndan oynanan bu oyun sisteminin \u00fcretimine 2003 y\u0131l\u0131nda son verildi.<img loading=\"lazy\" decoding=\"async\" class=\"wp-image-22 aligncenter\" src=\"http:\/\/penceremdenjaponya2016.jikad.org.tr\/yarismaci6\/wp-content\/uploads\/sites\/7\/2016\/01\/Resim2-300x222.png\" alt=\"Resim1\" width=\"723\" height=\"535\" srcset=\"http:\/\/penceremdenjaponya2016.jikad.org.tr\/yarismaci6\/wp-content\/uploads\/sites\/7\/2016\/01\/Resim2-300x222.png 300w, http:\/\/penceremdenjaponya2016.jikad.org.tr\/yarismaci6\/wp-content\/uploads\/sites\/7\/2016\/01\/Resim2-768x569.png 768w, http:\/\/penceremdenjaponya2016.jikad.org.tr\/yarismaci6\/wp-content\/uploads\/sites\/7\/2016\/01\/Resim2-1024x759.png 1024w, http:\/\/penceremdenjaponya2016.jikad.org.tr\/yarismaci6\/wp-content\/uploads\/sites\/7\/2016\/01\/Resim2-202x150.png 202w, http:\/\/penceremdenjaponya2016.jikad.org.tr\/yarismaci6\/wp-content\/uploads\/sites\/7\/2016\/01\/Resim2-150x111.png 150w, http:\/\/penceremdenjaponya2016.jikad.org.tr\/yarismaci6\/wp-content\/uploads\/sites\/7\/2016\/01\/Resim2.png 1542w\" sizes=\"auto, (max-width: 723px) 100vw, 723px\" \/><\/p>\n<p>yoklardaki resimden famicom ve nes aras\u0131ndaki farkl\u0131l\u0131klar\u0131 g\u00f6rebilirsiniz<\/p>\n","protected":false},"excerpt":{"rendered":"<p>Ayr\u0131nt\u0131lara gerek yok. Bunu size bir hik\u00e2ye olarak anlataca\u011f\u0131m. Nintendo 1960lar\u0131n ba\u015flar\u0131nda el yap\u0131m\u0131 Japon oyun kartlar\u0131 \u201c(1)\u201d \u00fcreten bir imalathaneden ba\u015fka bir \u015fey de\u011fildi. Atm\u0131\u015fl\u0131 y\u0131llar\u0131n sonlar\u0131nda b\u00fcy\u00fcm\u00fc\u015f ve Amerika\u2019ya a\u00e7\u0131lm\u0131\u015ft\u0131. \u015eu Amerikal\u0131lar\u0131n biriktirdikleri me\u015fhur beysbol kartlar\u0131n\u0131 \u00fcreten de onlard\u0131. Yetmi\u015flerin ba\u015f\u0131nda oyuncak da \u00fcretmeye ba\u015flad\u0131lar ve baz\u0131 elektronik \u2026 <a class=\"continue-reading-link\" href=\"http:\/\/penceremdenjaponya2016.jikad.org.tr\/yarismaci6\/penceremden-1\/\"> Continue reading<\/a><\/p>\n","protected":false},"author":1,"featured_media":22,"parent":0,"menu_order":0,"comment_status":"closed","ping_status":"closed","template":"","meta":{"footnotes":""},"class_list":["post-7","page","type-page","status-publish","has-post-thumbnail","hentry"],"_links":{"self":[{"href":"http:\/\/penceremdenjaponya2016.jikad.org.tr\/yarismaci6\/wp-json\/wp\/v2\/pages\/7","targetHints":{"allow":["GET"]}}],"collection":[{"href":"http:\/\/penceremdenjaponya2016.jikad.org.tr\/yarismaci6\/wp-json\/wp\/v2\/pages"}],"about":[{"href":"http:\/\/penceremdenjaponya2016.jikad.org.tr\/yarismaci6\/wp-json\/wp\/v2\/types\/page"}],"author":[{"embeddable":true,"href":"http:\/\/penceremdenjaponya2016.jikad.org.tr\/yarismaci6\/wp-json\/wp\/v2\/users\/1"}],"replies":[{"embeddable":true,"href":"http:\/\/penceremdenjaponya2016.jikad.org.tr\/yarismaci6\/wp-json\/wp\/v2\/comments?post=7"}],"version-history":[{"count":4,"href":"http:\/\/penceremdenjaponya2016.jikad.org.tr\/yarismaci6\/wp-json\/wp\/v2\/pages\/7\/revisions"}],"predecessor-version":[{"id":46,"href":"http:\/\/penceremdenjaponya2016.jikad.org.tr\/yarismaci6\/wp-json\/wp\/v2\/pages\/7\/revisions\/46"}],"wp:featuredmedia":[{"embeddable":true,"href":"http:\/\/penceremdenjaponya2016.jikad.org.tr\/yarismaci6\/wp-json\/wp\/v2\/media\/22"}],"wp:attachment":[{"href":"http:\/\/penceremdenjaponya2016.jikad.org.tr\/yarismaci6\/wp-json\/wp\/v2\/media?parent=7"}],"curies":[{"name":"wp","href":"https:\/\/api.w.org\/{rel}","templated":true}]}}