{"id":13,"date":"2016-01-09T10:56:02","date_gmt":"2016-01-09T08:56:02","guid":{"rendered":"http:\/\/penceremdenjaponya2016.jikad.org.tr\/yarismaci6\/?page_id=13"},"modified":"2016-01-31T22:31:24","modified_gmt":"2016-01-31T20:31:24","slug":"kaynak-ve-tesekkur","status":"publish","type":"page","link":"http:\/\/penceremdenjaponya2016.jikad.org.tr\/yarismaci6\/kaynak-ve-tesekkur\/","title":{"rendered":"Kaynak ve Te\u015fekk\u00fcr"},"content":{"rendered":"<p>&nbsp;<\/p>\n<p><img loading=\"lazy\" decoding=\"async\" class=\"wp-image-38 aligncenter\" src=\"http:\/\/penceremdenjaponya2016.jikad.org.tr\/yarismaci6\/wp-content\/uploads\/sites\/7\/2016\/01\/Resim3-300x123.png\" alt=\"Resim3\" width=\"751\" height=\"308\" srcset=\"http:\/\/penceremdenjaponya2016.jikad.org.tr\/yarismaci6\/wp-content\/uploads\/sites\/7\/2016\/01\/Resim3-300x123.png 300w, http:\/\/penceremdenjaponya2016.jikad.org.tr\/yarismaci6\/wp-content\/uploads\/sites\/7\/2016\/01\/Resim3-768x315.png 768w, http:\/\/penceremdenjaponya2016.jikad.org.tr\/yarismaci6\/wp-content\/uploads\/sites\/7\/2016\/01\/Resim3-1024x420.png 1024w, http:\/\/penceremdenjaponya2016.jikad.org.tr\/yarismaci6\/wp-content\/uploads\/sites\/7\/2016\/01\/Resim3-250x102.png 250w, http:\/\/penceremdenjaponya2016.jikad.org.tr\/yarismaci6\/wp-content\/uploads\/sites\/7\/2016\/01\/Resim3-150x61.png 150w, http:\/\/penceremdenjaponya2016.jikad.org.tr\/yarismaci6\/wp-content\/uploads\/sites\/7\/2016\/01\/Resim3.png 1401w\" sizes=\"auto, (max-width: 751px) 100vw, 751px\" \/><\/p>\n<p><img loading=\"lazy\" decoding=\"async\" class=\"size-medium wp-image-37 alignleft\" src=\"http:\/\/penceremdenjaponya2016.jikad.org.tr\/yarismaci6\/wp-content\/uploads\/sites\/7\/2016\/01\/famicom_tan_by_geekykitten64-d5b3a95-241x300.png\" alt=\"famicom_tan_by_geekykitten64-d5b3a95\" width=\"241\" height=\"300\" srcset=\"http:\/\/penceremdenjaponya2016.jikad.org.tr\/yarismaci6\/wp-content\/uploads\/sites\/7\/2016\/01\/famicom_tan_by_geekykitten64-d5b3a95-241x300.png 241w, http:\/\/penceremdenjaponya2016.jikad.org.tr\/yarismaci6\/wp-content\/uploads\/sites\/7\/2016\/01\/famicom_tan_by_geekykitten64-d5b3a95-768x956.png 768w, http:\/\/penceremdenjaponya2016.jikad.org.tr\/yarismaci6\/wp-content\/uploads\/sites\/7\/2016\/01\/famicom_tan_by_geekykitten64-d5b3a95-823x1024.png 823w, http:\/\/penceremdenjaponya2016.jikad.org.tr\/yarismaci6\/wp-content\/uploads\/sites\/7\/2016\/01\/famicom_tan_by_geekykitten64-d5b3a95-121x150.png 121w, http:\/\/penceremdenjaponya2016.jikad.org.tr\/yarismaci6\/wp-content\/uploads\/sites\/7\/2016\/01\/famicom_tan_by_geekykitten64-d5b3a95.png 900w\" sizes=\"auto, (max-width: 241px) 100vw, 241px\" \/>(1) hanafuda anlam\u0131 \u00e7i\u00e7ek kartlar\u0131 Japon oyun kart\u0131 destesidir biraz oynamak isterseniz <a href=\"http:\/\/www.gamedesign.jp\/flash\/hanafuda\/hanafuda_e.html\" target=\"_blank\">http:\/\/www.gamedesign.jp\/flash\/hanafuda\/hanafuda_e.html<\/a><\/p>\n<p>(2) arcade atari salonu oyunlar\u0131d\u0131r jeton veya bozuk para ile \u00e7al\u0131\u015fan oyun makineleridir<\/p>\n<p>(3) nintendo famly computer famicom ve fc olarak k\u0131salt\u0131l\u0131r<\/p>\n<p>(4) game crash ABD de ya\u015fanan video oyun piyasas\u0131 \u00e7\u00f6k\u00fc\u015f\u00fcd\u00fcr bu olay neredeyse oyun konsollar\u0131n\u0131n sonunu getiriyordu \u00a0konu ile ilgili videoyu <a href=\"https:\/\/www.youtube.com\/watch?v=kv7DJrLAZus\" target=\"_blank\">https:\/\/www.youtube.com\/watch?v=kv7DJrLAZus<\/a> den izleyebilirsiniz Gaming Historian oyun tarihi ile ilgili sevdi\u011fim ve takip etti\u011fim bir kanald\u0131r<\/p>\n<p>Not: bilogumdaki resimler devianart&#8217;tan al\u0131nm\u0131\u015f taraf\u0131mdan d\u00fczenlenmi\u015ftir. Konular\u0131 kendi bilgi da\u011farc\u0131\u011f\u0131mla haz\u0131rlad\u0131m ancak tarih ve baz\u0131 verileri kesinle\u015ftirmek ad\u0131na famicom word sitesinden yararland\u0131m.<\/p>\n<p>&nbsp;<\/p>\n","protected":false},"excerpt":{"rendered":"<p>&nbsp; (1) hanafuda anlam\u0131 \u00e7i\u00e7ek kartlar\u0131 Japon oyun kart\u0131 destesidir biraz oynamak isterseniz http:\/\/www.gamedesign.jp\/flash\/hanafuda\/hanafuda_e.html (2) arcade atari salonu oyunlar\u0131d\u0131r jeton veya bozuk para ile \u00e7al\u0131\u015fan oyun makineleridir (3) nintendo famly computer famicom ve fc olarak k\u0131salt\u0131l\u0131r (4) game crash ABD de ya\u015fanan video oyun piyasas\u0131 \u00e7\u00f6k\u00fc\u015f\u00fcd\u00fcr bu olay neredeyse oyun \u2026 <a class=\"continue-reading-link\" href=\"http:\/\/penceremdenjaponya2016.jikad.org.tr\/yarismaci6\/kaynak-ve-tesekkur\/\"> Continue reading<\/a><\/p>\n","protected":false},"author":1,"featured_media":0,"parent":0,"menu_order":3,"comment_status":"closed","ping_status":"closed","template":"","meta":{"footnotes":""},"class_list":["post-13","page","type-page","status-publish","hentry"],"_links":{"self":[{"href":"http:\/\/penceremdenjaponya2016.jikad.org.tr\/yarismaci6\/wp-json\/wp\/v2\/pages\/13","targetHints":{"allow":["GET"]}}],"collection":[{"href":"http:\/\/penceremdenjaponya2016.jikad.org.tr\/yarismaci6\/wp-json\/wp\/v2\/pages"}],"about":[{"href":"http:\/\/penceremdenjaponya2016.jikad.org.tr\/yarismaci6\/wp-json\/wp\/v2\/types\/page"}],"author":[{"embeddable":true,"href":"http:\/\/penceremdenjaponya2016.jikad.org.tr\/yarismaci6\/wp-json\/wp\/v2\/users\/1"}],"replies":[{"embeddable":true,"href":"http:\/\/penceremdenjaponya2016.jikad.org.tr\/yarismaci6\/wp-json\/wp\/v2\/comments?post=13"}],"version-history":[{"count":7,"href":"http:\/\/penceremdenjaponya2016.jikad.org.tr\/yarismaci6\/wp-json\/wp\/v2\/pages\/13\/revisions"}],"predecessor-version":[{"id":41,"href":"http:\/\/penceremdenjaponya2016.jikad.org.tr\/yarismaci6\/wp-json\/wp\/v2\/pages\/13\/revisions\/41"}],"wp:attachment":[{"href":"http:\/\/penceremdenjaponya2016.jikad.org.tr\/yarismaci6\/wp-json\/wp\/v2\/media?parent=13"}],"curies":[{"name":"wp","href":"https:\/\/api.w.org\/{rel}","templated":true}]}}