{"id":7,"date":"2016-01-09T10:49:58","date_gmt":"2016-01-09T08:49:58","guid":{"rendered":"http:\/\/penceremdenjaponya2016.jikad.org.tr\/yarismaci5\/?page_id=7"},"modified":"2016-01-29T20:34:38","modified_gmt":"2016-01-29T18:34:38","slug":"neden","status":"publish","type":"page","link":"http:\/\/penceremdenjaponya2016.jikad.org.tr\/yarismaci5\/neden\/","title":{"rendered":"Neden Japonya&#8217;yi seviyorum?"},"content":{"rendered":"<p>Japonlar, k\u00fclt\u00fcr olarak d\u00fcnya \u00fczerinde en renkli toplumlardan biri. Belki ge\u00e7mi\u015fte d\u00fcnyadan k\u0131smen de olsa kopuk olan bir ada \u00fclkesi olmalar\u0131ndan, belki de hep daha iyiyi aramalar\u0131\u00a0sonucu de\u011fi\u015fik bak\u0131\u015f a\u00e7\u0131lar\u0131na kazanmalar\u0131ndan. Ama \u00e7o\u011funuzun hemfikir olaca\u011f\u0131 konu bizden &#8220;<em>farkl\u0131<\/em>&#8221; olduklar\u0131 ve bu bence \u00e7ok g\u00fczel bir \u015fey. Bu blogu okumakta olan herkesin &#8220;<em>Japon<\/em>&#8221; deyince akl\u0131nda bir \u015feyler olu\u015fuyordur, hayranl\u0131k uyand\u0131ran \u015fey ise\u00a0bu &#8220;<em>Japon<\/em>&#8221; kelimesinin herkeste farkl\u0131 etkiler b\u0131rakabilmesi. Kiminin akl\u0131na bir anime karakteri gelirken, kimi de kendini bir \u00e7ay seremonisinde d\u00fc\u015fleyebilir. Japonlar o kadar renkli, o kadar de\u011fi\u015fik bir toplum ki onlar tam olarak anlamak m\u00fcmk\u00fcn de\u011fil. Gizemli olduklar\u0131 kadar ilgi \u00e7ekiciler de. \u0130\u015fte beni bunlardan baz\u0131lar\u0131 o kadar etkiledi ki bir de bakm\u0131\u015f\u0131m Jikad&#8217;da Japonca \u00f6\u011freniyorum, Go oynuyorum, Aikido&#8217;ya gidiyorum.<\/p>\n<p>&#8220;<em>Japonlar\u0131 Anlama K\u0131lavuzu<\/em>&#8221; diye bir kitap \u00e7\u0131kar\u0131lsa kad\u0131nlar\u0131 anlama k\u0131lavuzundan daha kal\u0131n olaca\u011f\u0131 kesin.\u00a0K\u00fclt\u00fcrleri o kadar \u00e7e\u015fitli ve her alanda o kadar farkl\u0131 stiller, disiplinler var ki, detaylar i\u00e7inde kaybolmamak m\u00fcmk\u00fcn de\u011fil. Bir alanda ustal\u0131k kazanman\u0131n kolay yolu yok, Japonlar\u0131n her \u015feyde arad\u0131klar\u0131 m\u00fckemmeliyet\u00e7ilik ve detayc\u0131l\u0131k y\u0131llar s\u00fcrecek \u00f6zverili \u00e7al\u0131\u015fmay\u0131 gerektirmekte. Bu konular hakk\u0131nda da bu blogta iki-\u00fc\u00e7 sayfada her \u015feyi anlatmak ise imkans\u0131z. Bu nedenle Japon denince benim akl\u0131ma gelen \u015feylerden k\u0131sa k\u0131sa bahsederek elimden geldi\u011fince \u00f6zetlemeye \u00e7al\u0131\u015faca\u011f\u0131m. Bunu yaparken de bende olu\u015fan iki farkl\u0131 Japonya g\u00f6r\u00fcn\u00fcm\u00fcnden yola \u00e7\u0131kaca\u011f\u0131m, &#8220;<em><a href=\"http:\/\/penceremdenjaponya2016.jikad.org.tr\/yarismaci5\/geleneksel\/\">Geleneksel Japonya<\/a><\/em>&#8221; ve &#8220;<em><a href=\"http:\/\/penceremdenjaponya2016.jikad.org.tr\/yarismaci5\/modern\/\">Modern Japonya<\/a><\/em>&#8220;. Birinde Japon bah\u00e7esinde kimonomuzla gezerken di\u011ferinde Akihabara sokaklar\u0131nda kaybolaca\u011f\u0131z.<\/p>\n<p style=\"text-align: right\"><em>\u0130brahim EROL<\/em><\/p>\n","protected":false},"excerpt":{"rendered":"<p>Japonlar, k\u00fclt\u00fcr olarak d\u00fcnya \u00fczerinde en renkli toplumlardan biri. Belki ge\u00e7mi\u015fte d\u00fcnyadan k\u0131smen de olsa kopuk olan bir ada \u00fclkesi olmalar\u0131ndan, belki de hep daha iyiyi aramalar\u0131\u00a0sonucu de\u011fi\u015fik bak\u0131\u015f a\u00e7\u0131lar\u0131na kazanmalar\u0131ndan. Ama \u00e7o\u011funuzun hemfikir olaca\u011f\u0131 konu bizden &#8220;farkl\u0131&#8221; olduklar\u0131 ve bu bence \u00e7ok g\u00fczel bir \u015fey. Bu blogu okumakta olan \u2026 <a class=\"continue-reading-link\" href=\"http:\/\/penceremdenjaponya2016.jikad.org.tr\/yarismaci5\/neden\/\"> Continue reading<\/a><\/p>\n","protected":false},"author":1,"featured_media":0,"parent":0,"menu_order":1,"comment_status":"closed","ping_status":"closed","template":"","meta":{"footnotes":""},"class_list":["post-7","page","type-page","status-publish","hentry"],"_links":{"self":[{"href":"http:\/\/penceremdenjaponya2016.jikad.org.tr\/yarismaci5\/wp-json\/wp\/v2\/pages\/7","targetHints":{"allow":["GET"]}}],"collection":[{"href":"http:\/\/penceremdenjaponya2016.jikad.org.tr\/yarismaci5\/wp-json\/wp\/v2\/pages"}],"about":[{"href":"http:\/\/penceremdenjaponya2016.jikad.org.tr\/yarismaci5\/wp-json\/wp\/v2\/types\/page"}],"author":[{"embeddable":true,"href":"http:\/\/penceremdenjaponya2016.jikad.org.tr\/yarismaci5\/wp-json\/wp\/v2\/users\/1"}],"replies":[{"embeddable":true,"href":"http:\/\/penceremdenjaponya2016.jikad.org.tr\/yarismaci5\/wp-json\/wp\/v2\/comments?post=7"}],"version-history":[{"count":15,"href":"http:\/\/penceremdenjaponya2016.jikad.org.tr\/yarismaci5\/wp-json\/wp\/v2\/pages\/7\/revisions"}],"predecessor-version":[{"id":84,"href":"http:\/\/penceremdenjaponya2016.jikad.org.tr\/yarismaci5\/wp-json\/wp\/v2\/pages\/7\/revisions\/84"}],"wp:attachment":[{"href":"http:\/\/penceremdenjaponya2016.jikad.org.tr\/yarismaci5\/wp-json\/wp\/v2\/media?parent=7"}],"curies":[{"name":"wp","href":"https:\/\/api.w.org\/{rel}","templated":true}]}}