{"id":12,"date":"2016-01-09T10:52:02","date_gmt":"2016-01-09T08:52:02","guid":{"rendered":"http:\/\/penceremdenjaponya2016.jikad.org.tr\/yarismaci5\/?page_id=12"},"modified":"2016-02-02T15:52:22","modified_gmt":"2016-02-02T13:52:22","slug":"modern","status":"publish","type":"page","link":"http:\/\/penceremdenjaponya2016.jikad.org.tr\/yarismaci5\/modern\/","title":{"rendered":"Modern Japonya"},"content":{"rendered":"<p>H\u0131zla geli\u015fen bilim ve teknoloji d\u00fcnyas\u0131nda ilk akla gelen \u00fclkelerden biridir Japonya. \u00d6yle ki y\u00fcksek teknoloji denilince di\u011fer rakiplerinden s\u0131yr\u0131l\u0131p ilk s\u0131raya yerle\u015fir. Robotlar, arcade makinalar, bilgisayarlar, h\u0131zl\u0131 trenler, otomatlar derken ba\u015f d\u00f6nd\u00fcr\u00fcr. Ayr\u0131ca bunlar yeni bir teknoloji k\u00fclt\u00fcr\u00fcn\u00fcn de olu\u015fmas\u0131na neden olmu\u015ftur. Haydi hep beraber bir bakal\u0131m&#8230;<\/p>\n<p><strong>Teknoloji<\/strong><\/p>\n<p><img loading=\"lazy\" decoding=\"async\" class=\"size-medium wp-image-107 alignleft\" src=\"http:\/\/penceremdenjaponya2016.jikad.org.tr\/yarismaci5\/wp-content\/uploads\/sites\/6\/2016\/01\/asimo-300x225.jpg\" alt=\"asimo\" width=\"300\" height=\"225\" srcset=\"http:\/\/penceremdenjaponya2016.jikad.org.tr\/yarismaci5\/wp-content\/uploads\/sites\/6\/2016\/01\/asimo-300x225.jpg 300w, http:\/\/penceremdenjaponya2016.jikad.org.tr\/yarismaci5\/wp-content\/uploads\/sites\/6\/2016\/01\/asimo-200x150.jpg 200w, http:\/\/penceremdenjaponya2016.jikad.org.tr\/yarismaci5\/wp-content\/uploads\/sites\/6\/2016\/01\/asimo-150x113.jpg 150w, http:\/\/penceremdenjaponya2016.jikad.org.tr\/yarismaci5\/wp-content\/uploads\/sites\/6\/2016\/01\/asimo.jpg 640w\" sizes=\"auto, (max-width: 300px) 100vw, 300px\" \/><\/p>\n<p>Japonya, II. D\u00fcnya Sava\u015f\u0131ndan sonra h\u0131zl\u0131 bir sanayile\u015fme s\u00fcrecine girmi\u015ftir. \u00d6zellikle teknolojik \u00fcr\u00fcnlerde d\u00fcnyan\u0131n en \u00f6nde gelen \u00fclkesi konumuna gelmi\u015ftir. Otomotiv, elektronik cihazlar, robotik \u00fcr\u00fcnleri, optik cihazlar, kimyasal maddeler, t\u0131bbi malzemeler ihra\u00e7 etmektedir. Son y\u0131llarda \u00f6zellikle \u00c7in ve G.Kore ile ithalatta ya\u015fad\u0131\u011f\u0131 rekabet nedeni ile hi-tech \u00fcr\u00fcnlere daha \u00f6nem verilmektedir. T\u00fcketici elektroni\u011fi bu \u00fcr\u00fcnlerden en \u00f6nemlilerindendir. Oyun konsollar\u0131, foto\u011fraf makinalar\u0131, kameralar, bilgisayarlar bunlardan baz\u0131lar\u0131d\u0131r. Bunlar\u0131n yan\u0131nda Japonya uzay program\u0131na ve biyomedikal ara\u015ft\u0131rmalara b\u00fcy\u00fck bir b\u00fct\u00e7e ay\u0131rmaktad\u0131r. Ara\u015ft\u0131rma ve y\u00fcksek teknolojiye verdi\u011fi bu \u00f6nem nedeni ile teknoloji denince akla ilk Japonya akla gelmektedir.<\/p>\n<p><strong>Akihabara<\/strong><\/p>\n<p><img loading=\"lazy\" decoding=\"async\" class=\"wp-image-104 size-medium alignright\" src=\"http:\/\/penceremdenjaponya2016.jikad.org.tr\/yarismaci5\/wp-content\/uploads\/sites\/6\/2016\/01\/akihabara-300x200.jpg\" alt=\"\" width=\"300\" height=\"200\" srcset=\"http:\/\/penceremdenjaponya2016.jikad.org.tr\/yarismaci5\/wp-content\/uploads\/sites\/6\/2016\/01\/akihabara-300x200.jpg 300w, http:\/\/penceremdenjaponya2016.jikad.org.tr\/yarismaci5\/wp-content\/uploads\/sites\/6\/2016\/01\/akihabara-225x150.jpg 225w, http:\/\/penceremdenjaponya2016.jikad.org.tr\/yarismaci5\/wp-content\/uploads\/sites\/6\/2016\/01\/akihabara-150x100.jpg 150w, http:\/\/penceremdenjaponya2016.jikad.org.tr\/yarismaci5\/wp-content\/uploads\/sites\/6\/2016\/01\/akihabara.jpg 640w\" sizes=\"auto, (max-width: 300px) 100vw, 300px\" \/><\/p>\n<p>II. D\u00fcnya Sava\u015f\u0131 sonras\u0131 radyo ve elektronik cihaz sat\u0131lan Tokyo&#8217;da bir b\u00f6lge olan Akihabara g\u00fcn ge\u00e7tik\u00e7e bilgisayar \u00fcr\u00fcnlerinin ve modern Japonya&#8217;ya hitap eden binlerce farkl\u0131 \u00fcr\u00fcn\u00fcn bulunabildi\u011fi bir merkez haline geldi. Elektronik, robotik, anime-manga, fig\u00fcrler, oyun konsollar\u0131, aksesuarlar vb envai \u00e7e\u015fit teknolojik \u00fcr\u00fcn\u00fcn cenneti. Do\u011fal olarak da teknoloji d\u00fc\u015fk\u00fcnleri i\u00e7in bir cennet. Ana caddelerinden ara sokaklara kadar belki d\u00fcnyada bulabilece\u011finiz teknoloji ad\u0131na her \u015feyin sat\u0131ld\u0131\u011f\u0131 veya sergilendi\u011fi bir yer. Bir tek son teknoloji \u00fcr\u00fcnler de\u011fil, antika ve nadir \u00fcr\u00fcnler de bulunabiliyor. Akihabara&#8217;n\u0131n kendine \u00f6zel\u00a0bir atmosferi var, rengarenk \u0131\u015f\u0131kl\u0131 tabelalar, afi\u015fler, dev anime-manga karakterleri, oyun reklamlar\u0131, d\u00fckkanlara m\u00fc\u015fteri \u00e7a\u011f\u0131ran hizmet\u00e7i\u00a0k\u0131zlar, cosplay fanatikleri. K\u0131sacas\u0131 gidip g\u00f6rmeli&#8230;<\/p>\n<p>&nbsp;<\/p>\n<p><strong>Shinkansen<\/strong><\/p>\n<p><img loading=\"lazy\" decoding=\"async\" class=\"size-medium wp-image-108 alignleft\" src=\"http:\/\/penceremdenjaponya2016.jikad.org.tr\/yarismaci5\/wp-content\/uploads\/sites\/6\/2016\/01\/shinkansen-300x200.jpg\" alt=\"shinkansen\" width=\"300\" height=\"200\" srcset=\"http:\/\/penceremdenjaponya2016.jikad.org.tr\/yarismaci5\/wp-content\/uploads\/sites\/6\/2016\/01\/shinkansen-300x200.jpg 300w, http:\/\/penceremdenjaponya2016.jikad.org.tr\/yarismaci5\/wp-content\/uploads\/sites\/6\/2016\/01\/shinkansen-225x150.jpg 225w, http:\/\/penceremdenjaponya2016.jikad.org.tr\/yarismaci5\/wp-content\/uploads\/sites\/6\/2016\/01\/shinkansen-150x100.jpg 150w, http:\/\/penceremdenjaponya2016.jikad.org.tr\/yarismaci5\/wp-content\/uploads\/sites\/6\/2016\/01\/shinkansen.jpg 640w\" sizes=\"auto, (max-width: 300px) 100vw, 300px\" \/><\/p>\n<p>Japonya deyip de h\u0131zl\u0131 trenleri atlamak olmaz. Shinkansen, Japonya&#8217;n\u0131n d\u00f6rt bir yan\u0131na ula\u015fan h\u0131zl\u0131 tren a\u011f\u0131d\u0131r. Kuzeydeki Hokkaido adas\u0131ndan ba\u015flay\u0131p g\u00fcneydeki Kagoshima&#8217;ya kadar uzanmaktad\u0131r. Ortalama 250-300 km\/s h\u0131zla i\u015fletilmektedir, ama her y\u0131l yap\u0131lan h\u0131z denemelerinde rekor \u00fcst\u00fcne rekor k\u0131r\u0131lmaktad\u0131r. \u015eu anki rekor 603 km\/s h\u0131z\u0131yla bir maglev trene aittir. Maglev trenler test a\u015famas\u0131nda olup hen\u00fcz ticari i\u015fletmeye hen\u00fcz girmemi\u015ftir. D\u00fcnya&#8217;da ilk defa 1964&#8217;de Japonya&#8217;da kullan\u0131lan h\u0131zl\u0131 trenler hala d\u00fcnyan\u0131n en i\u015flek h\u0131zl\u0131 tren a\u011f\u0131n\u0131 olu\u015fturmaktad\u0131r. Kuruldu\u011fu g\u00fcnden beri\u00a0toplam 11 milyar yolcu shinkansen ile ta\u015f\u0131nm\u0131\u015ft\u0131r.<\/p>\n<p>&nbsp;<\/p>\n<p><strong>Anime-Manga<\/strong><\/p>\n<p><img loading=\"lazy\" decoding=\"async\" class=\"size-medium wp-image-112 alignright\" src=\"http:\/\/penceremdenjaponya2016.jikad.org.tr\/yarismaci5\/wp-content\/uploads\/sites\/6\/2016\/01\/a-younger-naruto-300x227.png\" alt=\"a-younger-naruto\" width=\"300\" height=\"227\" srcset=\"http:\/\/penceremdenjaponya2016.jikad.org.tr\/yarismaci5\/wp-content\/uploads\/sites\/6\/2016\/01\/a-younger-naruto-300x227.png 300w, http:\/\/penceremdenjaponya2016.jikad.org.tr\/yarismaci5\/wp-content\/uploads\/sites\/6\/2016\/01\/a-younger-naruto-198x150.png 198w, http:\/\/penceremdenjaponya2016.jikad.org.tr\/yarismaci5\/wp-content\/uploads\/sites\/6\/2016\/01\/a-younger-naruto-150x113.png 150w, http:\/\/penceremdenjaponya2016.jikad.org.tr\/yarismaci5\/wp-content\/uploads\/sites\/6\/2016\/01\/a-younger-naruto.png 635w\" sizes=\"auto, (max-width: 300px) 100vw, 300px\" \/>Anime ve manga Japon k\u00fclt\u00fcr\u00fcn\u00fcn son y\u0131llarda d\u00fcnyaya a\u00e7\u0131lan kap\u0131s\u0131d\u0131r. T\u00fcm d\u00fcnyaya yay\u0131lan hayran kitlesi ile g\u00fcnden g\u00fcne b\u00fcy\u00fcyen bir end\u00fcstridir. Manga, Japon \u00e7izgi roman\u0131na verilen ad iken, Anime bunun \u00e7izgi film haline getirilmi\u015f halidir. Animeler genelde mangalar\u0131 takip eder, \u015f\u00f6yle ki bir manga (\u00e7izgi roman) ba\u015far\u0131l\u0131 olursa animesi (\u00e7izgi filmi) de \u00e7ekilir. Mangalar tek ba\u015f\u0131na genelde yay\u0131nlanmaz, baz\u0131 haftal\u0131k manga dergilerinde (Shonen Jump gibi) 20-30 sayfal\u0131k b\u00f6l\u00fcmler olarak yay\u0131nlan\u0131r, daha sonra bu b\u00f6l\u00fcmler toplu halde kitap olarak yay\u0131nlan\u0131r. Mangada hakim baz\u0131 \u00e7izim stilleri vard\u0131r, olduk\u00e7a b\u00fcy\u00fck g\u00f6zler, normalden daha uzun veya daha k\u0131sa karakterler, \u00e7izgilerle kuvvetlendirilen ifadeler-hareketler kullan\u0131l\u0131r. Ayr\u0131ca mangada okuma y\u00f6n\u00fc klasik \u00e7izgi romanlar\u0131n tersi y\u00f6ndedir. Animelerde de \u00e7izimlere sad\u0131k kal\u0131n\u0131r, fakat bazen ufak de\u011fi\u015fiklikler yap\u0131labilir. Bu de\u011fi\u015fiklikler senaryo ve karakterlerde de olabilir. \u00dclkemizde anime 80&#8217;li ve 90&#8217;l\u0131 y\u0131llarda yay\u0131nlanan Voltran, Tsubasa, Dragonball, Ay Sava\u015f\u00e7\u0131s\u0131, Pokemon gibi serilerle tan\u0131nmaya ba\u015flam\u0131\u015ft\u0131r. Manga ise T\u00fcrk\u00e7e olarak yak\u0131n zamanlara kadar yay\u0131nlanmam\u0131\u015f, son 2-3 y\u0131ld\u0131r ise h\u0131zla dilimize \u00e7evrilerek kitabevi raflar\u0131nda yer alm\u0131\u015ft\u0131r. Pop\u00fcler Manga ve animelere \u00f6rnek vermek gerekirse; Naruto, Bleach, One Piece, Death Note, Full Metal Alchemist, Elfen Lied\u00a0say\u0131labilir.<\/p>\n<p>&nbsp;<\/p>\n<p><strong>Sinema<\/strong><\/p>\n<p><img loading=\"lazy\" decoding=\"async\" class=\"size-medium wp-image-113 alignleft\" src=\"http:\/\/penceremdenjaponya2016.jikad.org.tr\/yarismaci5\/wp-content\/uploads\/sites\/6\/2016\/01\/Seven_Samurai_movie_poster-215x300.jpg\" alt=\"Seven_Samurai_movie_poster\" width=\"215\" height=\"300\" srcset=\"http:\/\/penceremdenjaponya2016.jikad.org.tr\/yarismaci5\/wp-content\/uploads\/sites\/6\/2016\/01\/Seven_Samurai_movie_poster-215x300.jpg 215w, http:\/\/penceremdenjaponya2016.jikad.org.tr\/yarismaci5\/wp-content\/uploads\/sites\/6\/2016\/01\/Seven_Samurai_movie_poster-108x150.jpg 108w, http:\/\/penceremdenjaponya2016.jikad.org.tr\/yarismaci5\/wp-content\/uploads\/sites\/6\/2016\/01\/Seven_Samurai_movie_poster.jpg 267w\" sizes=\"auto, (max-width: 215px) 100vw, 215px\" \/><\/p>\n<p>Japonya d\u00fcnyan\u0131n en eski ve \u00a0en geni\u015f sinema end\u00fcstrisine sahip \u00fclkelerden biridir. D\u00fcnya sinemas\u0131nda \u00f6nemli yer edinen Yasujiro Ozu,\u00a0Akira Kurosawa, Hayao Miyazaki gibi y\u00f6netmenleri mevcuttur. Yanda afi\u015fi olan 7 Samuray Kurosawa&#8217;n\u0131n mutlaka izlenmesi gereken filmlerinden biridir. Geleneksel Samuray filmleri ve Japon aile hayat\u0131n\u0131 anlatan fimlerin haricinde son zamanlarda korku sinemas\u0131nda \u00e7ok \u00f6nemli filmler \u00e7\u0131km\u0131\u015ft\u0131r, bunlar\u0131n baz\u0131lar\u0131 Hollywood taraf\u0131ndan yeniden \u00e7ekilmi\u015ftir. Ayr\u0131ca Godzilla gibi efsanevi canavarlar\u0131 ve Japon efsanelerini konu alan filmler de olduk\u00e7a fazlad\u0131r. Anime ve manga sanat\u00e7\u0131s\u0131 Hayao Miyazaki&#8217;nin animasyon filmleri ise Japon Sinemas\u0131na yeni bir boyut getirmi\u015ftir. Studio Ghibli taraf\u0131ndan yay\u0131nlanan\u00a0Ruhlar\u0131n Ka\u00e7\u0131\u015f\u0131, R\u00fczgarl\u0131 Vadi,\u00a0Y\u00fcr\u00fcyen \u015eato, G\u00f6kteki Kale eserlerine \u00f6rnek olarak say\u0131labilir.<\/p>\n<p>&nbsp;<\/p>\n<p>&nbsp;<\/p>\n<p><strong>J-pop<\/strong><\/p>\n<p><img loading=\"lazy\" decoding=\"async\" class=\"size-medium wp-image-111 alignright\" src=\"http:\/\/penceremdenjaponya2016.jikad.org.tr\/yarismaci5\/wp-content\/uploads\/sites\/6\/2016\/01\/scandal-1-300x225.jpg\" alt=\"scandal\" width=\"300\" height=\"225\" srcset=\"http:\/\/penceremdenjaponya2016.jikad.org.tr\/yarismaci5\/wp-content\/uploads\/sites\/6\/2016\/01\/scandal-1-300x225.jpg 300w, http:\/\/penceremdenjaponya2016.jikad.org.tr\/yarismaci5\/wp-content\/uploads\/sites\/6\/2016\/01\/scandal-1-200x150.jpg 200w, http:\/\/penceremdenjaponya2016.jikad.org.tr\/yarismaci5\/wp-content\/uploads\/sites\/6\/2016\/01\/scandal-1-150x113.jpg 150w, http:\/\/penceremdenjaponya2016.jikad.org.tr\/yarismaci5\/wp-content\/uploads\/sites\/6\/2016\/01\/scandal-1.jpg 640w\" sizes=\"auto, (max-width: 300px) 100vw, 300px\" \/><\/p>\n<p>Japon pop m\u00fczi\u011finin k\u0131saltmas\u0131 olan J-pop ayr\u0131ca bir alt k\u00fclt\u00fcr\u00fc de ifade eder. Daha \u00e7ok t\u00fcm\u00fc erkeklerden veya t\u00fcm\u00fc k\u0131zlardan olu\u015fan \u00a0J-pop gruplar\u0131, 3-4 \u00fcyeden \u00e7ok kalabal\u0131k gruplara kadar de\u011fi\u015fiklik g\u00f6sterir. Genelde Japonca olan par\u00e7alarda s\u0131k s\u0131k \u0130ngilizce&#8217;ye yer verilir. Ba\u015flang\u0131\u00e7ta geleneksel Japon m\u00fczi\u011finden, caz\u00a0m\u00fczikten\u00a0ve rock&#8217;n roll&#8217;dan etkilense de daha sonralar\u0131 a\u011f\u0131rl\u0131kl\u0131 olarak\u00a0elektronik m\u00fczik ve rock m\u00fczikten etkilenmi\u015ftir. G\u00fcn\u00fcm\u00fczde J-pop \u00e7evre \u00fclkeleri de etkileyen bir m\u00fczik ak\u0131m\u0131 haline gelmi\u015ftir. \u00dclkemizde de izlenilebilen NHK-World kanal\u0131nda yay\u0131nlanan J-Melo program\u0131ndan Japon m\u00fczik d\u00fcnyas\u0131n\u0131 takip edebilirsiniz.<\/p>\n<p>&nbsp;<\/p>\n<p><strong>Kawaii<\/strong><\/p>\n<p><img loading=\"lazy\" decoding=\"async\" class=\"size-medium wp-image-114 alignleft\" src=\"http:\/\/penceremdenjaponya2016.jikad.org.tr\/yarismaci5\/wp-content\/uploads\/sites\/6\/2016\/01\/kawaaii-200x300.jpg\" alt=\"kawaii\" width=\"200\" height=\"300\" srcset=\"http:\/\/penceremdenjaponya2016.jikad.org.tr\/yarismaci5\/wp-content\/uploads\/sites\/6\/2016\/01\/kawaaii-200x300.jpg 200w, http:\/\/penceremdenjaponya2016.jikad.org.tr\/yarismaci5\/wp-content\/uploads\/sites\/6\/2016\/01\/kawaaii-100x150.jpg 100w, http:\/\/penceremdenjaponya2016.jikad.org.tr\/yarismaci5\/wp-content\/uploads\/sites\/6\/2016\/01\/kawaaii.jpg 427w\" sizes=\"auto, (max-width: 200px) 100vw, 200px\" \/><\/p>\n<p>&#8220;Kawaii&#8221; kelimesinin T\u00fcrk\u00e7e kar\u015f\u0131l\u0131\u011f\u0131 &#8220;sevimli&#8221;, &#8220;\u015firin&#8221;. Bu \u015firinlik \u00f6yle bir hal alm\u0131\u015f ki \u00f6zellikle k\u0131zlar aras\u0131nda bir \u015firinlik ak\u0131m\u0131 olu\u015fmu\u015f. Makyaj\u0131yla, giyimiyle, e\u015fyalar\u0131yla t\u00fcm\u00fcyle oyuncak bebe\u011fe d\u00f6n\u00fc\u015fen kawaii k\u0131zlar. Tabi ki k\u0131zlarla s\u0131n\u0131rl\u0131 de\u011fil, objeler de kawaii ak\u0131m\u0131ndan etkileniyor, Hello Kitty&#8217;li Pika\u00e7u&#8217;lu telefon k\u0131l\u0131flar\u0131, \u00e7antalar, bardaklar, oyuncaklar vs. Ayr\u0131ca afi\u015flerde, animelerde, reklamlarda, idollerde, sokaklarda kawaii patlamas\u0131 g\u00f6r\u00fcrseniz \u015fa\u015f\u0131rmay\u0131n. Art\u0131k modern Japonya&#8217;yla \u00f6zde\u015fle\u015fmeye ba\u015flayan bir ak\u0131m Kawaii modas\u0131.<\/p>\n<p>&nbsp;<\/p>\n<p>&nbsp;<\/p>\n<p>&nbsp;<\/p>\n<p>&nbsp;<\/p>\n<p><strong>NHK<\/strong><\/p>\n<p><img loading=\"lazy\" decoding=\"async\" class=\"size-medium wp-image-42 alignright\" src=\"http:\/\/penceremdenjaponya2016.jikad.org.tr\/yarismaci5\/wp-content\/uploads\/sites\/6\/2016\/01\/nhk-300x138.jpg\" alt=\"nhk\" width=\"300\" height=\"138\" srcset=\"http:\/\/penceremdenjaponya2016.jikad.org.tr\/yarismaci5\/wp-content\/uploads\/sites\/6\/2016\/01\/nhk-300x138.jpg 300w, http:\/\/penceremdenjaponya2016.jikad.org.tr\/yarismaci5\/wp-content\/uploads\/sites\/6\/2016\/01\/nhk-250x115.jpg 250w, http:\/\/penceremdenjaponya2016.jikad.org.tr\/yarismaci5\/wp-content\/uploads\/sites\/6\/2016\/01\/nhk-150x69.jpg 150w, http:\/\/penceremdenjaponya2016.jikad.org.tr\/yarismaci5\/wp-content\/uploads\/sites\/6\/2016\/01\/nhk.jpg 396w\" sizes=\"auto, (max-width: 300px) 100vw, 300px\" \/>Japon devlet televizyonu olan NHK&#8217;e de de\u011finmeden ge\u00e7meyeyim dedim. NHK, d\u00fcnyan\u0131n hemen hemen her yerinde yay\u0131n yapan NHK World ile birlikte Japon k\u00fclt\u00fcr\u00fcn\u00fcn, Japonca&#8217;n\u0131n, Japon anlay\u0131\u015f\u0131n\u0131n yay\u0131lmas\u0131na yard\u0131mc\u0131 olmaktad\u0131r. \u00dclkemizde de takip edilebilen NHK World&#8217;de Cool Japan, J-Melo, Begin Japanology, Kawaii International, NHK Newsline gibi programlar \u0130ngilizce olarak izlenebilmektedir.<\/p>\n","protected":false},"excerpt":{"rendered":"<p>H\u0131zla geli\u015fen bilim ve teknoloji d\u00fcnyas\u0131nda ilk akla gelen \u00fclkelerden biridir Japonya. \u00d6yle ki y\u00fcksek teknoloji denilince di\u011fer rakiplerinden s\u0131yr\u0131l\u0131p ilk s\u0131raya yerle\u015fir. Robotlar, arcade makinalar, bilgisayarlar, h\u0131zl\u0131 trenler, otomatlar derken ba\u015f d\u00f6nd\u00fcr\u00fcr. Ayr\u0131ca bunlar yeni bir teknoloji k\u00fclt\u00fcr\u00fcn\u00fcn de olu\u015fmas\u0131na neden olmu\u015ftur. Haydi hep beraber bir bakal\u0131m&#8230; Teknoloji Japonya, \u2026 <a class=\"continue-reading-link\" href=\"http:\/\/penceremdenjaponya2016.jikad.org.tr\/yarismaci5\/modern\/\"> Continue reading<\/a><\/p>\n","protected":false},"author":1,"featured_media":0,"parent":0,"menu_order":4,"comment_status":"closed","ping_status":"closed","template":"","meta":{"footnotes":""},"class_list":["post-12","page","type-page","status-publish","hentry"],"_links":{"self":[{"href":"http:\/\/penceremdenjaponya2016.jikad.org.tr\/yarismaci5\/wp-json\/wp\/v2\/pages\/12","targetHints":{"allow":["GET"]}}],"collection":[{"href":"http:\/\/penceremdenjaponya2016.jikad.org.tr\/yarismaci5\/wp-json\/wp\/v2\/pages"}],"about":[{"href":"http:\/\/penceremdenjaponya2016.jikad.org.tr\/yarismaci5\/wp-json\/wp\/v2\/types\/page"}],"author":[{"embeddable":true,"href":"http:\/\/penceremdenjaponya2016.jikad.org.tr\/yarismaci5\/wp-json\/wp\/v2\/users\/1"}],"replies":[{"embeddable":true,"href":"http:\/\/penceremdenjaponya2016.jikad.org.tr\/yarismaci5\/wp-json\/wp\/v2\/comments?post=12"}],"version-history":[{"count":37,"href":"http:\/\/penceremdenjaponya2016.jikad.org.tr\/yarismaci5\/wp-json\/wp\/v2\/pages\/12\/revisions"}],"predecessor-version":[{"id":178,"href":"http:\/\/penceremdenjaponya2016.jikad.org.tr\/yarismaci5\/wp-json\/wp\/v2\/pages\/12\/revisions\/178"}],"wp:attachment":[{"href":"http:\/\/penceremdenjaponya2016.jikad.org.tr\/yarismaci5\/wp-json\/wp\/v2\/media?parent=12"}],"curies":[{"name":"wp","href":"https:\/\/api.w.org\/{rel}","templated":true}]}}