{"id":10,"date":"2016-01-09T10:51:41","date_gmt":"2016-01-09T08:51:41","guid":{"rendered":"http:\/\/penceremdenjaponya2016.jikad.org.tr\/yarismaci5\/?page_id=10"},"modified":"2016-01-31T20:13:20","modified_gmt":"2016-01-31T18:13:20","slug":"japonya","status":"publish","type":"page","link":"http:\/\/penceremdenjaponya2016.jikad.org.tr\/yarismaci5\/japonya\/","title":{"rendered":"D\u00fcnya \u2260 Japonya"},"content":{"rendered":"<p>D\u00fcnya bir yana Japonlar bir yana, bu mecazi olarak da de\u011fil, baya baya bir yana. Bizim i\u00e7in \u00e7ok s\u0131radan bir \u015feye &#8220;<em>Oooooo!<\/em>&#8221; nidalar\u0131yla \u015fa\u015f\u0131ran Japonlar, bizim i\u00e7in abs\u00fcrt olan \u015feyleri o kadar do\u011fal kar\u015f\u0131layabiliyorlar. Bir Japon turist grubu ayn\u0131 anda dakikada 100 kare foto\u011fraf \u00e7ekebilirken 50 kere de \u015fa\u015f\u0131rabiliyor. Bunu \u0130svi\u00e7reli bilim adamlar\u0131 da onaylam\u0131\u015ft\u0131r. \u00c7ok de\u011fil, yar\u0131m saat Japon televizyonu izlemek yeterli, hele o reklamlar ve yar\u0131\u015fmalar. Bazen de \u00e7ok ciddi bir \u015fekilde bir porselen taba\u011f\u0131n hangi d\u00f6nemde hangi usta taraf\u0131ndan yap\u0131ld\u0131\u011f\u0131, kullan\u0131lan kilin, \u00fczerindeki boyas\u0131n\u0131n, i\u00e7indeki sudaki yans\u0131man\u0131n m\u00fckemmelli\u011finin konu al\u0131nd\u0131\u011f\u0131 iki\u00a0saatlik belgeselde anlam veremeden tak\u0131labilirsiniz. \u015e\u00f6yle h\u0131zl\u0131 bir liste yaparsak: h\u00fcp\u00fcrdeyen yemek kaseleri, paketli milyon \u00e7e\u015fit yemek, kaps\u00fcl oteller, bin d\u00fc\u011fmeli tuvaletler, her k\u00f6\u015fedeki otomatlar, pachinko, karaoke, baz\u0131 u\u00e7uk festivaller, maid kafeler, kawaii k\u0131zlar&#8230;\u00a0Bizim i\u00e7in anlamland\u0131rmada zorland\u0131\u011f\u0131m\u0131z bunlar gibi pek \u00e7ok \u015fey, onlar i\u00e7in ola\u011fan.<\/p>\n<p>Bunun \u00f6tesinde pek \u00e7ok ortak noktam\u0131z da var. Mesela \u00e7ok g\u00fc\u00e7l\u00fc kolektif bir aile yap\u0131lar\u0131 vard\u0131r, akrabalar, ya\u015fl\u0131lar, misafirler \u00f6nemlidir. Sayg\u0131 her zaman gereklidir. Eve ve \u00f6nemli yerlere ayakkab\u0131 ile girilmez. Dillerimiz yap\u0131sal olarak ayn\u0131 aileden gelmektedir. En \u00f6nemlisi, Japonlarla biz birbirimizi \u00e7ok severiz&#8230;<\/p>\n","protected":false},"excerpt":{"rendered":"<p>D\u00fcnya bir yana Japonlar bir yana, bu mecazi olarak da de\u011fil, baya baya bir yana. Bizim i\u00e7in \u00e7ok s\u0131radan bir \u015feye &#8220;Oooooo!&#8221; nidalar\u0131yla \u015fa\u015f\u0131ran Japonlar, bizim i\u00e7in abs\u00fcrt olan \u015feyleri o kadar do\u011fal kar\u015f\u0131layabiliyorlar. Bir Japon turist grubu ayn\u0131 anda dakikada 100 kare foto\u011fraf \u00e7ekebilirken 50 kere de \u015fa\u015f\u0131rabiliyor. Bunu \u2026 <a class=\"continue-reading-link\" href=\"http:\/\/penceremdenjaponya2016.jikad.org.tr\/yarismaci5\/japonya\/\"> Continue reading<\/a><\/p>\n","protected":false},"author":1,"featured_media":45,"parent":0,"menu_order":2,"comment_status":"closed","ping_status":"closed","template":"","meta":{"footnotes":""},"class_list":["post-10","page","type-page","status-publish","has-post-thumbnail","hentry"],"_links":{"self":[{"href":"http:\/\/penceremdenjaponya2016.jikad.org.tr\/yarismaci5\/wp-json\/wp\/v2\/pages\/10","targetHints":{"allow":["GET"]}}],"collection":[{"href":"http:\/\/penceremdenjaponya2016.jikad.org.tr\/yarismaci5\/wp-json\/wp\/v2\/pages"}],"about":[{"href":"http:\/\/penceremdenjaponya2016.jikad.org.tr\/yarismaci5\/wp-json\/wp\/v2\/types\/page"}],"author":[{"embeddable":true,"href":"http:\/\/penceremdenjaponya2016.jikad.org.tr\/yarismaci5\/wp-json\/wp\/v2\/users\/1"}],"replies":[{"embeddable":true,"href":"http:\/\/penceremdenjaponya2016.jikad.org.tr\/yarismaci5\/wp-json\/wp\/v2\/comments?post=10"}],"version-history":[{"count":11,"href":"http:\/\/penceremdenjaponya2016.jikad.org.tr\/yarismaci5\/wp-json\/wp\/v2\/pages\/10\/revisions"}],"predecessor-version":[{"id":150,"href":"http:\/\/penceremdenjaponya2016.jikad.org.tr\/yarismaci5\/wp-json\/wp\/v2\/pages\/10\/revisions\/150"}],"wp:featuredmedia":[{"embeddable":true,"href":"http:\/\/penceremdenjaponya2016.jikad.org.tr\/yarismaci5\/wp-json\/wp\/v2\/media\/45"}],"wp:attachment":[{"href":"http:\/\/penceremdenjaponya2016.jikad.org.tr\/yarismaci5\/wp-json\/wp\/v2\/media?parent=10"}],"curies":[{"name":"wp","href":"https:\/\/api.w.org\/{rel}","templated":true}]}}