{"id":12,"date":"2016-01-09T10:39:47","date_gmt":"2016-01-09T08:39:47","guid":{"rendered":"http:\/\/penceremdenjaponya2016.jikad.org.tr\/yarismaci3\/?page_id=12"},"modified":"2016-01-30T01:53:06","modified_gmt":"2016-01-29T23:53:06","slug":"film-turleri","status":"publish","type":"page","link":"http:\/\/penceremdenjaponya2016.jikad.org.tr\/yarismaci3\/film-turleri\/","title":{"rendered":"F\u0131lm Turler\u0131"},"content":{"rendered":"<p style=\"margin-bottom: .25in\"><span style=\"font-family: 'Georgia',serif;color: #444444\">Japonya\u2019n\u0131n kendine has film t\u00fcrleri aras\u0131nda kaiju, yakuza, samuray, korku, pembe film ve anime filmleri dikkat \u00e7ekiyor.<\/span><\/p>\n<div style=\"width: 216px\" class=\"wp-caption alignright\"><a href=\"https:\/\/upload.wikimedia.org\/wikipedia\/commons\/9\/95\/Gojira_1954_Japanese_poster.jpg\"><img loading=\"lazy\" decoding=\"async\" class=\"\" src=\"https:\/\/upload.wikimedia.org\/wikipedia\/commons\/9\/95\/Gojira_1954_Japanese_poster.jpg\" alt=\"\" width=\"206\" height=\"268\" \/><\/a><p class=\"wp-caption-text\">Gojira (Godzilla) daikaiju (devasa canavar) t\u00fcr\u00fc bir filmdir.<\/p><\/div>\n<p><strong>Kaiju;<\/strong> Godzilla vb. canavar filmleri<\/p>\n<p><strong>Yakuza;<\/strong> Japon mafyas\u0131n\u0131 anlatan su\u00e7 filmleri.<\/p>\n<p><strong>Samuray;<\/strong> samuraylar\u0131n oldu\u011funu d\u00f6nemi anlatan d\u00f6v\u00fc\u015f filmleri.<\/p>\n<p><strong>Pembe film<\/strong>; hafif cinsellik i\u00e7eren filmler.<\/p>\n<p><strong>Anime<\/strong>; el \u00e7izimi veya bilgisayar animasyonu t\u00fcr\u00fc filmler. \u00d6rn: Ghost In The Shell, Spirited Away<\/p>\n<div style=\"width: 356px\" class=\"wp-caption alignleft\"><a href=\"http:\/\/cdn.tradyouth.org\/uploads\/2015\/03\/spirited-away-1_0.jpg\"><img loading=\"lazy\" decoding=\"async\" class=\"\" src=\"http:\/\/cdn.tradyouth.org\/uploads\/2015\/03\/spirited-away-1_0.jpg\" alt=\"\" width=\"346\" height=\"198\" \/><\/a><p class=\"wp-caption-text\">Ruhlar\u0131n Ka\u00e7\u0131\u015f\u0131 Japonya&#8217;n\u0131n en \u00fcnl\u00fc anime filmlerinden biri<\/p><\/div>\n<p>&nbsp;<\/p>\n<p>&nbsp;<\/p>\n<p>&nbsp;<\/p>\n<p>&nbsp;<\/p>\n<p>&nbsp;<\/p>\n<p>&nbsp;<\/p>\n<p>&nbsp;<\/p>\n<p><strong>Korku;<\/strong> Halka, Garez vb. korku filmleri.<\/p>\n<div style=\"width: 230px\" class=\"wp-caption aligncenter\"><a href=\"http:\/\/www.scottfrisella.com\/portfolio\/lionsgate\/juon\/images\/dt\/dt02_1280_1024.jpg\"><img loading=\"lazy\" decoding=\"async\" class=\"\" src=\"http:\/\/www.scottfrisella.com\/portfolio\/lionsgate\/juon\/images\/dt\/dt02_1280_1024.jpg\" alt=\"\" width=\"220\" height=\"171\" \/><\/a><p class=\"wp-caption-text\">Ju-On (Garez)<\/p><\/div>\n<p>&nbsp;<\/p>\n<p>&nbsp;<\/p>\n","protected":false},"excerpt":{"rendered":"<p>Japonya\u2019n\u0131n kendine has film t\u00fcrleri aras\u0131nda kaiju, yakuza, samuray, korku, pembe film ve anime filmleri dikkat \u00e7ekiyor. Kaiju; Godzilla vb. canavar filmleri Yakuza; Japon mafyas\u0131n\u0131 anlatan su\u00e7 filmleri. Samuray; samuraylar\u0131n oldu\u011funu d\u00f6nemi anlatan d\u00f6v\u00fc\u015f filmleri. Pembe film; hafif cinsellik i\u00e7eren filmler. Anime; el \u00e7izimi veya bilgisayar animasyonu t\u00fcr\u00fc filmler. \u00d6rn: \u2026 <a class=\"continue-reading-link\" href=\"http:\/\/penceremdenjaponya2016.jikad.org.tr\/yarismaci3\/film-turleri\/\"> Continue reading<\/a><\/p>\n","protected":false},"author":1,"featured_media":0,"parent":0,"menu_order":3,"comment_status":"closed","ping_status":"closed","template":"","meta":{"footnotes":""},"class_list":["post-12","page","type-page","status-publish","hentry"],"_links":{"self":[{"href":"http:\/\/penceremdenjaponya2016.jikad.org.tr\/yarismaci3\/wp-json\/wp\/v2\/pages\/12","targetHints":{"allow":["GET"]}}],"collection":[{"href":"http:\/\/penceremdenjaponya2016.jikad.org.tr\/yarismaci3\/wp-json\/wp\/v2\/pages"}],"about":[{"href":"http:\/\/penceremdenjaponya2016.jikad.org.tr\/yarismaci3\/wp-json\/wp\/v2\/types\/page"}],"author":[{"embeddable":true,"href":"http:\/\/penceremdenjaponya2016.jikad.org.tr\/yarismaci3\/wp-json\/wp\/v2\/users\/1"}],"replies":[{"embeddable":true,"href":"http:\/\/penceremdenjaponya2016.jikad.org.tr\/yarismaci3\/wp-json\/wp\/v2\/comments?post=12"}],"version-history":[{"count":10,"href":"http:\/\/penceremdenjaponya2016.jikad.org.tr\/yarismaci3\/wp-json\/wp\/v2\/pages\/12\/revisions"}],"predecessor-version":[{"id":47,"href":"http:\/\/penceremdenjaponya2016.jikad.org.tr\/yarismaci3\/wp-json\/wp\/v2\/pages\/12\/revisions\/47"}],"wp:attachment":[{"href":"http:\/\/penceremdenjaponya2016.jikad.org.tr\/yarismaci3\/wp-json\/wp\/v2\/media?parent=12"}],"curies":[{"name":"wp","href":"https:\/\/api.w.org\/{rel}","templated":true}]}}