{"id":10,"date":"2016-01-09T10:39:27","date_gmt":"2016-01-09T08:39:27","guid":{"rendered":"http:\/\/penceremdenjaponya2016.jikad.org.tr\/yarismaci3\/?page_id=10"},"modified":"2016-01-30T03:59:48","modified_gmt":"2016-01-30T01:59:48","slug":"kisaca-tarihi","status":"publish","type":"page","link":"http:\/\/penceremdenjaponya2016.jikad.org.tr\/yarismaci3\/kisaca-tarihi\/","title":{"rendered":"K\u0131saca Tar\u0131h\u0131"},"content":{"rendered":"<div style=\"width: 260px\" class=\"wp-caption alignleft\"><a href=\"http:\/\/www.spectacularoptical.ca\/wp-content\/uploads\/2012\/06\/contemporary-benshi.jpg\"><img loading=\"lazy\" decoding=\"async\" class=\"\" src=\"http:\/\/www.spectacularoptical.ca\/wp-content\/uploads\/2012\/06\/contemporary-benshi.jpg\" alt=\"\" width=\"250\" height=\"166\" \/><\/a><p class=\"wp-caption-text\">Benshi<\/p><\/div>\n<p>Konulu filmlerin ilk kez g\u00f6sterilmeye ba\u015fland\u0131\u011f\u0131 1899\u00a0y\u0131l\u0131, Japon sinemas\u0131n\u0131n ba\u015flang\u0131c\u0131 olarak kabul edilir. bu d\u00f6nemlerde Kabuki\u00a0ve Noh\u00a0tiyatrolar\u0131 Japon sinemas\u0131na kaynakl\u0131k eder ( ka = m\u00fczik, bu = dans, ki = yarat\u0131c\u0131l\u0131k ). Japon sinemas\u0131 bu d\u00f6nemde 3 ayr\u0131 t\u00fcrde geli\u015fiyor :<br \/>\n<strong>1. Jida-i geki ( tarihi ) :<\/strong>Bu t\u00fcr\u00fcn filmleri b\u00fct\u00fcn\u00fcyle geleneksel unsurlar i\u00e7eriyor.<br \/>\n<strong>2. Genda-i geki ( modern ) :<\/strong>bu t\u00fcr\u00fcn filmlerinde ise bat\u0131l\u0131la\u015fman\u0131n Japon k\u00fclt\u00fcr\u00fcne olan etkileri \u00fczerinde duruluyor.<br \/>\n<strong>3. Aile :<\/strong>Aile filmleri ise aileyi temel alan unsurlar ve bat\u0131l\u0131la\u015fman\u0131n aile kurumu \u00fczerindeki daha \u00e7ok olumsuz etkileri \u00fcst\u00fcne \u00e7ekiliyor.<\/p>\n<p>Sessiz filmlerin oldu\u011fu bu y\u0131llarda bir insan\u0131n film g\u00f6sterimi esnas\u0131nda canl\u0131 olarak filmi sesli anlatt\u0131\u011f\u0131 <strong>benshi<\/strong> ortaya \u00e7\u0131kt\u0131.<\/p>\n<p>1940&#8217;larda propaganda amac\u0131yla sava\u015f filmleri \u00e7ekildi.<\/p>\n<div id=\"attachment_30\" style=\"width: 170px\" class=\"wp-caption alignright\"><img loading=\"lazy\" decoding=\"async\" aria-describedby=\"caption-attachment-30\" class=\" wp-image-30\" src=\"http:\/\/penceremdenjaponya2016.jikad.org.tr\/yarismaci3\/wp-content\/uploads\/sites\/4\/2016\/01\/Tokyo_Story_poster-209x300.jpg\" alt=\"&quot;Tokyo Story poster&quot; by Source\" width=\"160\" height=\"230\" srcset=\"http:\/\/penceremdenjaponya2016.jikad.org.tr\/yarismaci3\/wp-content\/uploads\/sites\/4\/2016\/01\/Tokyo_Story_poster-209x300.jpg 209w, http:\/\/penceremdenjaponya2016.jikad.org.tr\/yarismaci3\/wp-content\/uploads\/sites\/4\/2016\/01\/Tokyo_Story_poster-105x150.jpg 105w, http:\/\/penceremdenjaponya2016.jikad.org.tr\/yarismaci3\/wp-content\/uploads\/sites\/4\/2016\/01\/Tokyo_Story_poster.jpg 300w\" sizes=\"auto, (max-width: 160px) 100vw, 160px\" \/><p id=\"caption-attachment-30\" class=\"wp-caption-text\">&#8220;Tokyo Story poster&#8221; by Source<\/p><\/div>\n<p>1950&#8217;ler Japon sinemas\u0131n\u0131n alt\u0131n \u00e7a\u011f\u0131d\u0131r. Tokyo\u00a0Hikayesi, Akira Kurosawa\u2019n\u0131n Yedi Samuray filmi gibi pek \u00e7ok \u00fcnl\u00fc Japon filmi bu d\u00f6nemde \u00e7ekilmi\u015ftir.<\/p>\n<div style=\"width: 322px\" class=\"wp-caption alignleft\"><a href=\"http:\/\/www.themoviebuff.net\/wp-content\/uploads\/2014\/05\/kikis-delivery-service-1jpg.jpg\"><img loading=\"lazy\" decoding=\"async\" class=\"\" src=\"http:\/\/www.themoviebuff.net\/wp-content\/uploads\/2014\/05\/kikis-delivery-service-1jpg.jpg\" alt=\"\" width=\"312\" height=\"152\" \/><\/a><p class=\"wp-caption-text\">Tatl\u0131 Cad\u0131 Kiki<\/p><\/div>\n<p style=\"text-align: left\">1980\u2019lerde benim \u00e7ok sevdi\u011fim, sizin de iyi\u00a0 bildi\u011finiz anime filmleri \u00e7\u0131kmaya ba\u015flad\u0131. \u00d6rne\u011fin Hayao Miyazaki\u2019nin Kom\u015fum Totoro, K\u00fc\u00e7\u00fck Cad\u0131 Kiki filmleri.<\/p>\n<p style=\"text-align: left\">Bu d\u00f6nemde Akira Kurosawa Kagemusho(1980) filmiyle, Shohei Imamura ise Narayama T\u00fcrk\u00fcs\u00fc(1983) ve Unagi(1997) filmleriyle iki kere Cannes Film Festivali&#8217;nde Palme d&#8217;Or &#8216;u kazanm\u0131\u015ft\u0131r.<\/p>\n","protected":false},"excerpt":{"rendered":"<p>Konulu filmlerin ilk kez g\u00f6sterilmeye ba\u015fland\u0131\u011f\u0131 1899\u00a0y\u0131l\u0131, Japon sinemas\u0131n\u0131n ba\u015flang\u0131c\u0131 olarak kabul edilir. bu d\u00f6nemlerde Kabuki\u00a0ve Noh\u00a0tiyatrolar\u0131 Japon sinemas\u0131na kaynakl\u0131k eder ( ka = m\u00fczik, bu = dans, ki = yarat\u0131c\u0131l\u0131k ). Japon sinemas\u0131 bu d\u00f6nemde 3 ayr\u0131 t\u00fcrde geli\u015fiyor : 1. Jida-i geki ( tarihi ) :Bu t\u00fcr\u00fcn filmleri \u2026 <a class=\"continue-reading-link\" href=\"http:\/\/penceremdenjaponya2016.jikad.org.tr\/yarismaci3\/kisaca-tarihi\/\"> Continue reading<\/a><\/p>\n","protected":false},"author":1,"featured_media":0,"parent":0,"menu_order":2,"comment_status":"closed","ping_status":"closed","template":"","meta":{"footnotes":""},"class_list":["post-10","page","type-page","status-publish","hentry"],"_links":{"self":[{"href":"http:\/\/penceremdenjaponya2016.jikad.org.tr\/yarismaci3\/wp-json\/wp\/v2\/pages\/10","targetHints":{"allow":["GET"]}}],"collection":[{"href":"http:\/\/penceremdenjaponya2016.jikad.org.tr\/yarismaci3\/wp-json\/wp\/v2\/pages"}],"about":[{"href":"http:\/\/penceremdenjaponya2016.jikad.org.tr\/yarismaci3\/wp-json\/wp\/v2\/types\/page"}],"author":[{"embeddable":true,"href":"http:\/\/penceremdenjaponya2016.jikad.org.tr\/yarismaci3\/wp-json\/wp\/v2\/users\/1"}],"replies":[{"embeddable":true,"href":"http:\/\/penceremdenjaponya2016.jikad.org.tr\/yarismaci3\/wp-json\/wp\/v2\/comments?post=10"}],"version-history":[{"count":10,"href":"http:\/\/penceremdenjaponya2016.jikad.org.tr\/yarismaci3\/wp-json\/wp\/v2\/pages\/10\/revisions"}],"predecessor-version":[{"id":54,"href":"http:\/\/penceremdenjaponya2016.jikad.org.tr\/yarismaci3\/wp-json\/wp\/v2\/pages\/10\/revisions\/54"}],"wp:attachment":[{"href":"http:\/\/penceremdenjaponya2016.jikad.org.tr\/yarismaci3\/wp-json\/wp\/v2\/media?parent=10"}],"curies":[{"name":"wp","href":"https:\/\/api.w.org\/{rel}","templated":true}]}}