{"id":9,"date":"2016-01-06T01:47:22","date_gmt":"2016-01-05T23:47:22","guid":{"rendered":"http:\/\/penceremdenjaponya2016.jikad.org.tr\/yarismaci2\/?page_id=9"},"modified":"2016-01-31T21:16:00","modified_gmt":"2016-01-31T19:16:00","slug":"penceremden-3","status":"publish","type":"page","link":"http:\/\/penceremdenjaponya2016.jikad.org.tr\/yarismaci2\/penceremden-3\/","title":{"rendered":"Haiku ile Devam"},"content":{"rendered":"<p>Okuldan yapt\u0131\u011f\u0131m\u0131z t\u00f6ren ve Japon B\u00fcy\u00fckel\u00e7ili\u011finden gelen misafirlerimizin origami ve kendama tan\u0131t\u0131m\u0131ndan sonra Japon sanatlar\u0131ndan olan origamiye de \u00e7ocuklar\u0131n ilgisi artt\u0131.Origami ile ilgili farkl\u0131 ,heyecan uyand\u0131ran \u00e7al\u0131\u015fmalar yapt\u0131k. \u0130n\u015fallah onu da seneye yap\u0131lacak olan Penceremden Japonya yar\u0131\u015fmas\u0131nda anlatma imkan\u0131 olur.Ger\u00e7ek ba\u015far\u0131 ve g\u00fczelli\u011fin\u00a0 ; do\u011fall\u0131\u011f\u0131n,i\u00e7tenli\u011fin ve heyecanlar\u0131m\u0131z\u0131n\u00a0 yans\u0131t\u0131lmas\u0131 ile ilgili oldu\u011funa inanc\u0131m her zaman oldu. Bu nedenle de \u00e7ok sevdim haikuyu.Yar\u0131\u015fma i\u00e7in g\u00f6nderdi\u011fimiz\u00a0 haikulardaki samimiyeti hisseden o insanlara hayranl\u0131k duydum.Hem de samimiyeti bu kadar kolay hissettiren haikuya \u015fa\u015f\u0131rd\u0131m. Haiku \u015fa\u015f\u0131rt\u0131c\u0131 bir \u015fekilde t\u00fcm engelleri kald\u0131r\u0131yordu.14. D\u00fcnya \u00e7ocuklar\u0131 haiku yar\u0131\u015fmas\u0131 ba\u015fvurular\u0131 ba\u015flad\u0131\u011f\u0131nda daha \u00e7ok \u00e7ocu\u011fun haikuyu tan\u0131mas\u0131 i\u00e7in \u00e7al\u0131\u015fmalar\u0131ma devam ettim \u00d6\u011frencilerimin yararland\u0131\u011f\u0131 g\u00f6n\u00fcll\u00fcl\u00fck faliyetlerini y\u00fcr\u00fcten\u00a0 T\u00fcrk E\u011fitim G\u00f6n\u00fcll\u00fcleri Vakf\u0131ndaki g\u00f6revlilere haikuyu anlatt\u0131\u011f\u0131mda\u00a0 vakfa ait e\u011fitim park\u0131nda bir at\u00f6lye \u00e7al\u0131\u015fmas\u0131 yapmay\u0131 teklif ettiler.<img loading=\"lazy\" decoding=\"async\" class=\"alignnone size-medium wp-image-58\" src=\"http:\/\/penceremdenjaponya2016.jikad.org.tr\/yarismaci2\/wp-content\/uploads\/sites\/3\/2016\/01\/IMG-20151228-WA0003-300x169.jpg\" alt=\"IMG-20151228-WA0003\" width=\"300\" height=\"169\" srcset=\"http:\/\/penceremdenjaponya2016.jikad.org.tr\/yarismaci2\/wp-content\/uploads\/sites\/3\/2016\/01\/IMG-20151228-WA0003-300x169.jpg 300w, http:\/\/penceremdenjaponya2016.jikad.org.tr\/yarismaci2\/wp-content\/uploads\/sites\/3\/2016\/01\/IMG-20151228-WA0003-768x432.jpg 768w, http:\/\/penceremdenjaponya2016.jikad.org.tr\/yarismaci2\/wp-content\/uploads\/sites\/3\/2016\/01\/IMG-20151228-WA0003-1024x576.jpg 1024w, http:\/\/penceremdenjaponya2016.jikad.org.tr\/yarismaci2\/wp-content\/uploads\/sites\/3\/2016\/01\/IMG-20151228-WA0003-250x141.jpg 250w, http:\/\/penceremdenjaponya2016.jikad.org.tr\/yarismaci2\/wp-content\/uploads\/sites\/3\/2016\/01\/IMG-20151228-WA0003-150x84.jpg 150w, http:\/\/penceremdenjaponya2016.jikad.org.tr\/yarismaci2\/wp-content\/uploads\/sites\/3\/2016\/01\/IMG-20151228-WA0003.jpg 1600w\" sizes=\"auto, (max-width: 300px) 100vw, 300px\" \/><img loading=\"lazy\" decoding=\"async\" class=\"alignnone size-medium wp-image-59\" src=\"http:\/\/penceremdenjaponya2016.jikad.org.tr\/yarismaci2\/wp-content\/uploads\/sites\/3\/2016\/01\/IMG-20151228-WA0005-300x169.jpg\" alt=\"IMG-20151228-WA0005\" width=\"300\" height=\"169\" srcset=\"http:\/\/penceremdenjaponya2016.jikad.org.tr\/yarismaci2\/wp-content\/uploads\/sites\/3\/2016\/01\/IMG-20151228-WA0005-300x169.jpg 300w, http:\/\/penceremdenjaponya2016.jikad.org.tr\/yarismaci2\/wp-content\/uploads\/sites\/3\/2016\/01\/IMG-20151228-WA0005-768x432.jpg 768w, http:\/\/penceremdenjaponya2016.jikad.org.tr\/yarismaci2\/wp-content\/uploads\/sites\/3\/2016\/01\/IMG-20151228-WA0005-1024x576.jpg 1024w, http:\/\/penceremdenjaponya2016.jikad.org.tr\/yarismaci2\/wp-content\/uploads\/sites\/3\/2016\/01\/IMG-20151228-WA0005-250x141.jpg 250w, http:\/\/penceremdenjaponya2016.jikad.org.tr\/yarismaci2\/wp-content\/uploads\/sites\/3\/2016\/01\/IMG-20151228-WA0005-150x84.jpg 150w, http:\/\/penceremdenjaponya2016.jikad.org.tr\/yarismaci2\/wp-content\/uploads\/sites\/3\/2016\/01\/IMG-20151228-WA0005.jpg 1600w\" sizes=\"auto, (max-width: 300px) 100vw, 300px\" \/><\/p>\n<p>T\u00fcrk E\u011fitim G\u00f6n\u00fcll\u00fcleri Vakf\u0131 \u2019n\u0131n Etimesgut\u2019taki e\u011fitim park\u0131nda at\u00f6lye \u00e7al\u0131\u015fmas\u0131 yapt\u0131k.<\/p>\n<p><img loading=\"lazy\" decoding=\"async\" class=\"alignnone size-medium wp-image-57\" src=\"http:\/\/penceremdenjaponya2016.jikad.org.tr\/yarismaci2\/wp-content\/uploads\/sites\/3\/2016\/01\/IMG-20151228-WA0002-300x169.jpg\" alt=\"IMG-20151228-WA0002\" width=\"300\" height=\"169\" srcset=\"http:\/\/penceremdenjaponya2016.jikad.org.tr\/yarismaci2\/wp-content\/uploads\/sites\/3\/2016\/01\/IMG-20151228-WA0002-300x169.jpg 300w, http:\/\/penceremdenjaponya2016.jikad.org.tr\/yarismaci2\/wp-content\/uploads\/sites\/3\/2016\/01\/IMG-20151228-WA0002-768x432.jpg 768w, http:\/\/penceremdenjaponya2016.jikad.org.tr\/yarismaci2\/wp-content\/uploads\/sites\/3\/2016\/01\/IMG-20151228-WA0002-1024x576.jpg 1024w, http:\/\/penceremdenjaponya2016.jikad.org.tr\/yarismaci2\/wp-content\/uploads\/sites\/3\/2016\/01\/IMG-20151228-WA0002-250x141.jpg 250w, http:\/\/penceremdenjaponya2016.jikad.org.tr\/yarismaci2\/wp-content\/uploads\/sites\/3\/2016\/01\/IMG-20151228-WA0002-150x84.jpg 150w, http:\/\/penceremdenjaponya2016.jikad.org.tr\/yarismaci2\/wp-content\/uploads\/sites\/3\/2016\/01\/IMG-20151228-WA0002.jpg 1600w\" sizes=\"auto, (max-width: 300px) 100vw, 300px\" \/>En heyecan ve mutluluk verici olay ise\u00a0 4.\u0130stanbul \u00c7ocuk ve Gen\u00e7lik Bienali\u2019ne haiku ve ebruyu sentezleyerek yapt\u0131\u011f\u0131m\u0131z bir projenin kat\u0131l\u0131m\u0131 i\u00e7in destek almas\u0131yd\u0131.\u015eimdi haikular\u0131m\u0131z\u0131 ve ebrular\u0131m\u0131z\u0131 \u00a0\u0130stanbul&#8217;da, bienalde sergilemek ve anlatmak i\u00e7in heyecanla bekliyoruz. Yaz\u0131ma \u00a0t\u00fcm bu yaz\u0131lanlarla ilgili olarak \u00e7ok anlaml\u0131 olaca\u011f\u0131n\u0131 d\u00fc\u015f\u00fcnd\u00fc\u011f\u00fcm &#8220;13.D\u00fcnya \u00c7ocuklar\u0131 Haiku Yar\u0131\u015fmas\u0131&#8217;ndan bir haiku ile son vermek istiyorum<\/p>\n<p>Renk olsayd\u0131m ben<\/p>\n<p>A\u011fac\u0131n ye\u015filinde<\/p>\n<p>A\u00e7an \u00e7i\u00e7ekte&#8230;<\/p>\n<p>T\u00fcm g\u00fczel hayallerimizi g\u00fczel insanlarla ger\u00e7ekle\u015ftirmek,\u00a0g\u00fczel\u00a0 i\u015flere renk katmak dile\u011fiyle&#8230;&#8230;..<\/p>\n","protected":false},"excerpt":{"rendered":"<p>Okuldan yapt\u0131\u011f\u0131m\u0131z t\u00f6ren ve Japon B\u00fcy\u00fckel\u00e7ili\u011finden gelen misafirlerimizin origami ve kendama tan\u0131t\u0131m\u0131ndan sonra Japon sanatlar\u0131ndan olan origamiye de \u00e7ocuklar\u0131n ilgisi artt\u0131.Origami ile ilgili farkl\u0131 ,heyecan uyand\u0131ran \u00e7al\u0131\u015fmalar yapt\u0131k. \u0130n\u015fallah onu da seneye yap\u0131lacak olan Penceremden Japonya yar\u0131\u015fmas\u0131nda anlatma imkan\u0131 olur.Ger\u00e7ek ba\u015far\u0131 ve g\u00fczelli\u011fin\u00a0 ; do\u011fall\u0131\u011f\u0131n,i\u00e7tenli\u011fin ve heyecanlar\u0131m\u0131z\u0131n\u00a0 yans\u0131t\u0131lmas\u0131 ile ilgili \u2026 <a class=\"continue-reading-link\" href=\"http:\/\/penceremdenjaponya2016.jikad.org.tr\/yarismaci2\/penceremden-3\/\"> Continue reading<\/a><\/p>\n","protected":false},"author":1,"featured_media":0,"parent":0,"menu_order":0,"comment_status":"closed","ping_status":"closed","template":"","meta":{"footnotes":""},"class_list":["post-9","page","type-page","status-publish","hentry"],"_links":{"self":[{"href":"http:\/\/penceremdenjaponya2016.jikad.org.tr\/yarismaci2\/wp-json\/wp\/v2\/pages\/9","targetHints":{"allow":["GET"]}}],"collection":[{"href":"http:\/\/penceremdenjaponya2016.jikad.org.tr\/yarismaci2\/wp-json\/wp\/v2\/pages"}],"about":[{"href":"http:\/\/penceremdenjaponya2016.jikad.org.tr\/yarismaci2\/wp-json\/wp\/v2\/types\/page"}],"author":[{"embeddable":true,"href":"http:\/\/penceremdenjaponya2016.jikad.org.tr\/yarismaci2\/wp-json\/wp\/v2\/users\/1"}],"replies":[{"embeddable":true,"href":"http:\/\/penceremdenjaponya2016.jikad.org.tr\/yarismaci2\/wp-json\/wp\/v2\/comments?post=9"}],"version-history":[{"count":2,"href":"http:\/\/penceremdenjaponya2016.jikad.org.tr\/yarismaci2\/wp-json\/wp\/v2\/pages\/9\/revisions"}],"predecessor-version":[{"id":79,"href":"http:\/\/penceremdenjaponya2016.jikad.org.tr\/yarismaci2\/wp-json\/wp\/v2\/pages\/9\/revisions\/79"}],"wp:attachment":[{"href":"http:\/\/penceremdenjaponya2016.jikad.org.tr\/yarismaci2\/wp-json\/wp\/v2\/media?parent=9"}],"curies":[{"name":"wp","href":"https:\/\/api.w.org\/{rel}","templated":true}]}}