{"id":11,"date":"2016-01-06T01:47:40","date_gmt":"2016-01-05T23:47:40","guid":{"rendered":"http:\/\/penceremdenjaponya2016.jikad.org.tr\/yarismaci2\/?page_id=11"},"modified":"2016-01-31T23:58:04","modified_gmt":"2016-01-31T21:58:04","slug":"kaynak-ve-tesekkur","status":"publish","type":"page","link":"http:\/\/penceremdenjaponya2016.jikad.org.tr\/yarismaci2\/kaynak-ve-tesekkur\/","title":{"rendered":"Kaynak ve Te\u015fekk\u00fcr"},"content":{"rendered":"<p>Bir T\u00fcrk atas\u00f6z\u00fcnde der ki&#8221;\u00a0marifet iltifata tabidir&#8221;. Yar\u0131\u015fma sonu\u00e7land\u0131ktan sonra maille g\u00f6nderdi\u011fim te\u015fekk\u00fcrlerime \u00e7abucak ayn\u0131 minnettarl\u0131kla cevap veren, yap\u0131lan her \u00e7al\u0131\u015fmada takdirlerini ve desteklerini b\u00fcy\u00fck bir i\u00e7tenlikle sunup beni ve \u00f6\u011frencilerimi motive eden\u00a0 Say\u0131n Arzu Y\u00fccel\u2019e en b\u00fcy\u00fck te\u015fekk\u00fcrlerimi sunar\u0131m.<\/p>\n<p>Hi\u00e7 tan\u0131mad\u0131\u011f\u0131m,orada bir yerlerde varl\u0131klar\u0131n\u0131 i\u00e7tenlik ve takdirlerini her zaman hissetti\u011fim, \u00f6\u011frencilerimin haikular\u0131n\u0131 ve benim te\u015fekk\u00fcrlerimi Japonca\u2019ya \u00e7eviren Say\u0131n Japon \u00e7evirmenlere \u00e7ok te\u015fekk\u00fcrlerimi sunar\u0131m.<\/p>\n<p>Yapt\u0131\u011f\u0131m t\u00fcm \u00e7al\u0131\u015fmalarda hayal g\u00fc\u00e7leri,masumuyetleri ve s\u0131rad\u0131\u015f\u0131l\u0131klar\u0131 ile ilham kayna\u011f\u0131m olan \u00fc\u00e7 \u00e7ocu\u011fum ve 45 \u00f6\u011frencime te\u015fekk\u00fcrlerimi sunar\u0131m.<\/p>\n<p>Her t\u00fcrl\u00fc \u00e7al\u0131\u015fmalar\u0131mda sa\u011flad\u0131\u011f\u0131 maddi ve manevi destekleri ile e\u015fim Ali Bengi\u2019ye te\u015fekk\u00fcr ederim.<\/p>\n<p>KAYNAKLAR<\/p>\n<p>1 Kelebek D\u00fc\u015fleri.Oru\u00e7 Aruoba.Metis Yay\u0131nc\u0131l\u0131k.<\/p>\n<p>2 \u00c7\u0131nar Gururun G\u00f6lgesidir. Hakan Cem.Yitik \u00dclke Yay\u0131nlar\u0131.<\/p>\n<p>3 Haiku Nas\u0131l Yaz\u0131l\u0131r? <a href=\"http:\/\/www.jal-foundation.or.jp\/wch\/14th\/contest_e.html\">http:\/\/www.jal-foundation.or.jp\/wch\/14th\/contest_e.html<\/a><\/p>\n<p>4 japon \u015fiiri haiku ve t\u00fcrk edebiyat\u0131ndaki yans\u0131mas\u0131 .Ay\u015fenur Tekmen http:\/\/turkoloji.cu.edu.tr\/pdf\/ayse_nur_tekmen_haiku.pdf<\/p>\n","protected":false},"excerpt":{"rendered":"<p>Bir T\u00fcrk atas\u00f6z\u00fcnde der ki&#8221;\u00a0marifet iltifata tabidir&#8221;. Yar\u0131\u015fma sonu\u00e7land\u0131ktan sonra maille g\u00f6nderdi\u011fim te\u015fekk\u00fcrlerime \u00e7abucak ayn\u0131 minnettarl\u0131kla cevap veren, yap\u0131lan her \u00e7al\u0131\u015fmada takdirlerini ve desteklerini b\u00fcy\u00fck bir i\u00e7tenlikle sunup beni ve \u00f6\u011frencilerimi motive eden\u00a0 Say\u0131n Arzu Y\u00fccel\u2019e en b\u00fcy\u00fck te\u015fekk\u00fcrlerimi sunar\u0131m. Hi\u00e7 tan\u0131mad\u0131\u011f\u0131m,orada bir yerlerde varl\u0131klar\u0131n\u0131 i\u00e7tenlik ve takdirlerini her zaman \u2026 <a class=\"continue-reading-link\" href=\"http:\/\/penceremdenjaponya2016.jikad.org.tr\/yarismaci2\/kaynak-ve-tesekkur\/\"> Continue reading<\/a><\/p>\n","protected":false},"author":1,"featured_media":0,"parent":0,"menu_order":0,"comment_status":"closed","ping_status":"closed","template":"","meta":{"footnotes":""},"class_list":["post-11","page","type-page","status-publish","hentry"],"_links":{"self":[{"href":"http:\/\/penceremdenjaponya2016.jikad.org.tr\/yarismaci2\/wp-json\/wp\/v2\/pages\/11","targetHints":{"allow":["GET"]}}],"collection":[{"href":"http:\/\/penceremdenjaponya2016.jikad.org.tr\/yarismaci2\/wp-json\/wp\/v2\/pages"}],"about":[{"href":"http:\/\/penceremdenjaponya2016.jikad.org.tr\/yarismaci2\/wp-json\/wp\/v2\/types\/page"}],"author":[{"embeddable":true,"href":"http:\/\/penceremdenjaponya2016.jikad.org.tr\/yarismaci2\/wp-json\/wp\/v2\/users\/1"}],"replies":[{"embeddable":true,"href":"http:\/\/penceremdenjaponya2016.jikad.org.tr\/yarismaci2\/wp-json\/wp\/v2\/comments?post=11"}],"version-history":[{"count":9,"href":"http:\/\/penceremdenjaponya2016.jikad.org.tr\/yarismaci2\/wp-json\/wp\/v2\/pages\/11\/revisions"}],"predecessor-version":[{"id":100,"href":"http:\/\/penceremdenjaponya2016.jikad.org.tr\/yarismaci2\/wp-json\/wp\/v2\/pages\/11\/revisions\/100"}],"wp:attachment":[{"href":"http:\/\/penceremdenjaponya2016.jikad.org.tr\/yarismaci2\/wp-json\/wp\/v2\/media?parent=11"}],"curies":[{"name":"wp","href":"https:\/\/api.w.org\/{rel}","templated":true}]}}