{"id":8,"date":"2016-01-16T10:59:32","date_gmt":"2016-01-16T08:59:32","guid":{"rendered":"http:\/\/penceremdenjaponya2016.jikad.org.tr\/yarismaci12\/?page_id=8"},"modified":"2016-02-03T16:03:57","modified_gmt":"2016-02-03T14:03:57","slug":"penceremden-1","status":"publish","type":"page","link":"http:\/\/penceremdenjaponya2016.jikad.org.tr\/yarismaci12\/penceremden-1\/","title":{"rendered":"BONSAI NED\u0130R?"},"content":{"rendered":"<p><strong>BONSAI &#8211; \u76c6\u683d<\/strong><\/p>\n<p>Bonsai &#8220;Bon&#8221; tabak ve &#8220;Sai&#8221; bitki anlam\u0131na gelen s\u00f6zc\u00fcklerden olu\u015fan bir Japon terimidir. Bu sanat formu daha sonra Japon Zen Budizm etkisi alt\u0131nda yeniden \u015fekillenmi\u015ftir. Bonsai sanat\u0131 eski \u00c7in bah\u00e7e uygulamalar\u0131ndan t\u00fcretilmi\u015ftir. Bonsai sanat\u0131n\u0131n nihai hedefi, \u015fekil verilen a\u011fac\u0131n do\u011fadaki a\u011fa\u00e7lar\u0131n minyat\u00fcr benzerlerini yaratmakt\u0131r. Bonsai genetik olarak bodur bir bitki asla de\u011fildir.<\/p>\n<p>Bonsai \u015fekillendirirken yap\u0131lan budama, telleme ve g\u00fcbreleme a\u011fac\u0131n b\u00fcy\u00fcmesini engellemek i\u00e7in de\u011fil b\u00fcy\u00fcrken istenen \u015fekile gelmesi i\u00e7in y\u00f6nlendirme amac\u0131yla yap\u0131l\u0131r.<\/p>\n<p><img loading=\"lazy\" decoding=\"async\" class=\"alignnone size-medium wp-image-23\" src=\"http:\/\/penceremdenjaponya2016.jikad.org.tr\/yarismaci12\/wp-content\/uploads\/sites\/13\/2016\/01\/3m-300x236.jpg\" alt=\"3m\" width=\"300\" height=\"236\" srcset=\"http:\/\/penceremdenjaponya2016.jikad.org.tr\/yarismaci12\/wp-content\/uploads\/sites\/13\/2016\/01\/3m-300x236.jpg 300w, http:\/\/penceremdenjaponya2016.jikad.org.tr\/yarismaci12\/wp-content\/uploads\/sites\/13\/2016\/01\/3m-768x604.jpg 768w, http:\/\/penceremdenjaponya2016.jikad.org.tr\/yarismaci12\/wp-content\/uploads\/sites\/13\/2016\/01\/3m-1024x806.jpg 1024w, http:\/\/penceremdenjaponya2016.jikad.org.tr\/yarismaci12\/wp-content\/uploads\/sites\/13\/2016\/01\/3m-191x150.jpg 191w, http:\/\/penceremdenjaponya2016.jikad.org.tr\/yarismaci12\/wp-content\/uploads\/sites\/13\/2016\/01\/3m-150x118.jpg 150w, http:\/\/penceremdenjaponya2016.jikad.org.tr\/yarismaci12\/wp-content\/uploads\/sites\/13\/2016\/01\/3m.jpg 1380w\" sizes=\"auto, (max-width: 300px) 100vw, 300px\" \/><\/p>\n","protected":false},"excerpt":{"rendered":"<p>BONSAI &#8211; \u76c6\u683d Bonsai &#8220;Bon&#8221; tabak ve &#8220;Sai&#8221; bitki anlam\u0131na gelen s\u00f6zc\u00fcklerden olu\u015fan bir Japon terimidir. Bu sanat formu daha sonra Japon Zen Budizm etkisi alt\u0131nda yeniden \u015fekillenmi\u015ftir. Bonsai sanat\u0131 eski \u00c7in bah\u00e7e uygulamalar\u0131ndan t\u00fcretilmi\u015ftir. Bonsai sanat\u0131n\u0131n nihai hedefi, \u015fekil verilen a\u011fac\u0131n do\u011fadaki a\u011fa\u00e7lar\u0131n minyat\u00fcr benzerlerini yaratmakt\u0131r. Bonsai genetik olarak \u2026 <a class=\"continue-reading-link\" href=\"http:\/\/penceremdenjaponya2016.jikad.org.tr\/yarismaci12\/penceremden-1\/\"> Continue reading<\/a><\/p>\n","protected":false},"author":1,"featured_media":0,"parent":0,"menu_order":0,"comment_status":"closed","ping_status":"closed","template":"","meta":{"footnotes":""},"class_list":["post-8","page","type-page","status-publish","hentry"],"_links":{"self":[{"href":"http:\/\/penceremdenjaponya2016.jikad.org.tr\/yarismaci12\/wp-json\/wp\/v2\/pages\/8","targetHints":{"allow":["GET"]}}],"collection":[{"href":"http:\/\/penceremdenjaponya2016.jikad.org.tr\/yarismaci12\/wp-json\/wp\/v2\/pages"}],"about":[{"href":"http:\/\/penceremdenjaponya2016.jikad.org.tr\/yarismaci12\/wp-json\/wp\/v2\/types\/page"}],"author":[{"embeddable":true,"href":"http:\/\/penceremdenjaponya2016.jikad.org.tr\/yarismaci12\/wp-json\/wp\/v2\/users\/1"}],"replies":[{"embeddable":true,"href":"http:\/\/penceremdenjaponya2016.jikad.org.tr\/yarismaci12\/wp-json\/wp\/v2\/comments?post=8"}],"version-history":[{"count":6,"href":"http:\/\/penceremdenjaponya2016.jikad.org.tr\/yarismaci12\/wp-json\/wp\/v2\/pages\/8\/revisions"}],"predecessor-version":[{"id":30,"href":"http:\/\/penceremdenjaponya2016.jikad.org.tr\/yarismaci12\/wp-json\/wp\/v2\/pages\/8\/revisions\/30"}],"wp:attachment":[{"href":"http:\/\/penceremdenjaponya2016.jikad.org.tr\/yarismaci12\/wp-json\/wp\/v2\/media?parent=8"}],"curies":[{"name":"wp","href":"https:\/\/api.w.org\/{rel}","templated":true}]}}