{"id":14,"date":"2016-01-16T11:00:33","date_gmt":"2016-01-16T09:00:33","guid":{"rendered":"http:\/\/penceremdenjaponya2016.jikad.org.tr\/yarismaci12\/?page_id=14"},"modified":"2016-02-03T19:21:31","modified_gmt":"2016-02-03T17:21:31","slug":"kaynak-ve-tesekkur","status":"publish","type":"page","link":"http:\/\/penceremdenjaponya2016.jikad.org.tr\/yarismaci12\/kaynak-ve-tesekkur\/","title":{"rendered":"KAYNAK VE TE\u015eEKK\u00dcR"},"content":{"rendered":"<p>&nbsp;<\/p>\n<h3>\u3042\u308a\u304c\u3068\u3046\u3054\u3056\u3044\u307e\u3059<\/h3>\n<h3><\/h3>\n<p>\u00d6ncelikle Bu yar\u0131\u015fmay\u0131 d\u00fczenleyen J\u0130KAD&#8217;a \u00e7ok te\u015fekk\u00fcr ediyorum. \u00d6zellikle \u00e7ok ge\u00e7 kalmama ra\u011fmen bana bu blogda yer veren Arzu Y\u00fccel Han\u0131m&#8217;a \u00e7ok te\u015fekk\u00fcr ediyorum.<\/p>\n<p>Ge\u00e7ti\u011fimiz y\u0131l sayesinde Bonsai Temas\u0131 ile Japonya&#8217;y\u0131 bir u\u00e7tan bir uca dola\u015fmam\u0131 sa\u011flayan Mahmut Dermanc\u0131o\u011flu&#8217;na \u00e7ok te\u015fekk\u00fcr ederim.<\/p>\n<p>Bu yolculukta beni yaln\u0131z b\u0131rakmayan yolda\u015f\u0131m Hasan Ali Salman&#8217;a \u00e7ok te\u015fekk\u00fcr ederim.<\/p>\n<p>Ayr\u0131ca hayat\u0131m boyunca \u00fclke d\u0131\u015f\u0131na \u00e7\u0131kmam\u0131\u015f biri olarak ilk olarak Japonya&#8217;ya gitme cesareti g\u00f6sterdi\u011fim i\u00e7in kendime de te\u015fekk\u00fcr ediyorum. \ud83d\ude42 \ud83d\ude42<\/p>\n<p>Ve Japonya&#8217;da kar\u015f\u0131la\u015ft\u0131\u011f\u0131m insan\u00fcst\u00fc sayg\u0131 ve disiplin i\u00e7in Japon Halk\u0131na sevgi ve sayg\u0131lar\u0131m\u0131 g\u00f6nderiyorum.<\/p>\n<p>Nail SARI<\/p>\n<p>&nbsp;<\/p>\n<p>KAYNAKLAR<\/p>\n<p>Bonsai Empire www.bonsaiempire.com<\/p>\n","protected":false},"excerpt":{"rendered":"<p>&nbsp; \u3042\u308a\u304c\u3068\u3046\u3054\u3056\u3044\u307e\u3059 \u00d6ncelikle Bu yar\u0131\u015fmay\u0131 d\u00fczenleyen J\u0130KAD&#8217;a \u00e7ok te\u015fekk\u00fcr ediyorum. \u00d6zellikle \u00e7ok ge\u00e7 kalmama ra\u011fmen bana bu blogda yer veren Arzu Y\u00fccel Han\u0131m&#8217;a \u00e7ok te\u015fekk\u00fcr ediyorum. Ge\u00e7ti\u011fimiz y\u0131l sayesinde Bonsai Temas\u0131 ile Japonya&#8217;y\u0131 bir u\u00e7tan bir uca dola\u015fmam\u0131 sa\u011flayan Mahmut Dermanc\u0131o\u011flu&#8217;na \u00e7ok te\u015fekk\u00fcr ederim. Bu yolculukta beni yaln\u0131z b\u0131rakmayan yolda\u015f\u0131m \u2026 <a class=\"continue-reading-link\" href=\"http:\/\/penceremdenjaponya2016.jikad.org.tr\/yarismaci12\/kaynak-ve-tesekkur\/\"> Continue reading<\/a><\/p>\n","protected":false},"author":1,"featured_media":0,"parent":0,"menu_order":3,"comment_status":"closed","ping_status":"closed","template":"","meta":{"footnotes":""},"class_list":["post-14","page","type-page","status-publish","hentry"],"_links":{"self":[{"href":"http:\/\/penceremdenjaponya2016.jikad.org.tr\/yarismaci12\/wp-json\/wp\/v2\/pages\/14","targetHints":{"allow":["GET"]}}],"collection":[{"href":"http:\/\/penceremdenjaponya2016.jikad.org.tr\/yarismaci12\/wp-json\/wp\/v2\/pages"}],"about":[{"href":"http:\/\/penceremdenjaponya2016.jikad.org.tr\/yarismaci12\/wp-json\/wp\/v2\/types\/page"}],"author":[{"embeddable":true,"href":"http:\/\/penceremdenjaponya2016.jikad.org.tr\/yarismaci12\/wp-json\/wp\/v2\/users\/1"}],"replies":[{"embeddable":true,"href":"http:\/\/penceremdenjaponya2016.jikad.org.tr\/yarismaci12\/wp-json\/wp\/v2\/comments?post=14"}],"version-history":[{"count":7,"href":"http:\/\/penceremdenjaponya2016.jikad.org.tr\/yarismaci12\/wp-json\/wp\/v2\/pages\/14\/revisions"}],"predecessor-version":[{"id":72,"href":"http:\/\/penceremdenjaponya2016.jikad.org.tr\/yarismaci12\/wp-json\/wp\/v2\/pages\/14\/revisions\/72"}],"wp:attachment":[{"href":"http:\/\/penceremdenjaponya2016.jikad.org.tr\/yarismaci12\/wp-json\/wp\/v2\/media?parent=14"}],"curies":[{"name":"wp","href":"https:\/\/api.w.org\/{rel}","templated":true}]}}