{"id":12,"date":"2016-01-16T11:00:18","date_gmt":"2016-01-16T09:00:18","guid":{"rendered":"http:\/\/penceremdenjaponya2016.jikad.org.tr\/yarismaci12\/?page_id=12"},"modified":"2016-02-03T18:35:47","modified_gmt":"2016-02-03T16:35:47","slug":"penceremden-3","status":"publish","type":"page","link":"http:\/\/penceremdenjaponya2016.jikad.org.tr\/yarismaci12\/penceremden-3\/","title":{"rendered":"KULLANILAN MALZEMELER"},"content":{"rendered":"<p>Bonsai aletleri Bonsai sanat\u0131 gibi kendine \u00f6zel tasar\u0131mlar\u0131 olan aletlerdir. \u015eekil verilecek a\u011fac\u0131n do\u011fal ve sa\u011fl\u0131kl\u0131 g\u00f6r\u00fcn\u00fcm\u00fc i\u00e7in kullan\u0131lan aletlerinde kaliteli ve bak\u0131ml\u0131 olmas\u0131 gereklidir.<\/p>\n<p>Do\u011fru ve d\u00fczg\u00fcn kesilen her dal, yaprak ve k\u00f6k bonsainin istenen \u015fekile en k\u0131sa s\u00fcrede ula\u015fmas\u0131n\u0131 sa\u011flar. Bu nedenle bonsai \u00fczerinde kesilen her noktan\u0131n do\u011fru makas ile kesilmesi gereklidir.<\/p>\n<p><img loading=\"lazy\" decoding=\"async\" class=\"alignnone size-medium wp-image-42\" src=\"http:\/\/penceremdenjaponya2016.jikad.org.tr\/yarismaci12\/wp-content\/uploads\/sites\/13\/2016\/01\/20141219165042-300x200.jpg\" alt=\"20141219165042\" width=\"300\" height=\"200\" srcset=\"http:\/\/penceremdenjaponya2016.jikad.org.tr\/yarismaci12\/wp-content\/uploads\/sites\/13\/2016\/01\/20141219165042-300x200.jpg 300w, http:\/\/penceremdenjaponya2016.jikad.org.tr\/yarismaci12\/wp-content\/uploads\/sites\/13\/2016\/01\/20141219165042-768x512.jpg 768w, http:\/\/penceremdenjaponya2016.jikad.org.tr\/yarismaci12\/wp-content\/uploads\/sites\/13\/2016\/01\/20141219165042-1024x683.jpg 1024w, http:\/\/penceremdenjaponya2016.jikad.org.tr\/yarismaci12\/wp-content\/uploads\/sites\/13\/2016\/01\/20141219165042-225x150.jpg 225w, http:\/\/penceremdenjaponya2016.jikad.org.tr\/yarismaci12\/wp-content\/uploads\/sites\/13\/2016\/01\/20141219165042-150x100.jpg 150w, http:\/\/penceremdenjaponya2016.jikad.org.tr\/yarismaci12\/wp-content\/uploads\/sites\/13\/2016\/01\/20141219165042.jpg 1200w\" sizes=\"auto, (max-width: 300px) 100vw, 300px\" \/><img loading=\"lazy\" decoding=\"async\" class=\"alignnone wp-image-43\" src=\"http:\/\/penceremdenjaponya2016.jikad.org.tr\/yarismaci12\/wp-content\/uploads\/sites\/13\/2016\/01\/20141219165124-300x200.jpg\" alt=\"20141219165124\" width=\"300\" height=\"200\" srcset=\"http:\/\/penceremdenjaponya2016.jikad.org.tr\/yarismaci12\/wp-content\/uploads\/sites\/13\/2016\/01\/20141219165124-300x200.jpg 300w, http:\/\/penceremdenjaponya2016.jikad.org.tr\/yarismaci12\/wp-content\/uploads\/sites\/13\/2016\/01\/20141219165124-768x512.jpg 768w, http:\/\/penceremdenjaponya2016.jikad.org.tr\/yarismaci12\/wp-content\/uploads\/sites\/13\/2016\/01\/20141219165124-1024x683.jpg 1024w, http:\/\/penceremdenjaponya2016.jikad.org.tr\/yarismaci12\/wp-content\/uploads\/sites\/13\/2016\/01\/20141219165124-225x150.jpg 225w, http:\/\/penceremdenjaponya2016.jikad.org.tr\/yarismaci12\/wp-content\/uploads\/sites\/13\/2016\/01\/20141219165124-150x100.jpg 150w, http:\/\/penceremdenjaponya2016.jikad.org.tr\/yarismaci12\/wp-content\/uploads\/sites\/13\/2016\/01\/20141219165124.jpg 1200w\" sizes=\"auto, (max-width: 300px) 100vw, 300px\" \/><\/p>\n<p>K\u00f6k Budama Makas\u0131<\/p>\n<p><img loading=\"lazy\" decoding=\"async\" class=\"alignnone size-medium wp-image-48\" src=\"http:\/\/penceremdenjaponya2016.jikad.org.tr\/yarismaci12\/wp-content\/uploads\/sites\/13\/2016\/02\/04091524_5344e78842772-300x300.jpg\" alt=\"04091524_5344e78842772\" width=\"300\" height=\"300\" srcset=\"http:\/\/penceremdenjaponya2016.jikad.org.tr\/yarismaci12\/wp-content\/uploads\/sites\/13\/2016\/02\/04091524_5344e78842772-300x300.jpg 300w, http:\/\/penceremdenjaponya2016.jikad.org.tr\/yarismaci12\/wp-content\/uploads\/sites\/13\/2016\/02\/04091524_5344e78842772-150x150.jpg 150w, http:\/\/penceremdenjaponya2016.jikad.org.tr\/yarismaci12\/wp-content\/uploads\/sites\/13\/2016\/02\/04091524_5344e78842772.jpg 380w\" sizes=\"auto, (max-width: 300px) 100vw, 300px\" \/><\/p>\n<p>Budak budama Makas\u0131<\/p>\n<p><img loading=\"lazy\" decoding=\"async\" class=\"alignnone size-medium wp-image-49\" src=\"http:\/\/penceremdenjaponya2016.jikad.org.tr\/yarismaci12\/wp-content\/uploads\/sites\/13\/2016\/01\/04092131_53453d9ed552d-300x300.jpg\" alt=\"04092131_53453d9ed552d\" width=\"300\" height=\"300\" srcset=\"http:\/\/penceremdenjaponya2016.jikad.org.tr\/yarismaci12\/wp-content\/uploads\/sites\/13\/2016\/01\/04092131_53453d9ed552d-300x300.jpg 300w, http:\/\/penceremdenjaponya2016.jikad.org.tr\/yarismaci12\/wp-content\/uploads\/sites\/13\/2016\/01\/04092131_53453d9ed552d-150x150.jpg 150w, http:\/\/penceremdenjaponya2016.jikad.org.tr\/yarismaci12\/wp-content\/uploads\/sites\/13\/2016\/01\/04092131_53453d9ed552d.jpg 380w\" sizes=\"auto, (max-width: 300px) 100vw, 300px\" \/><\/p>\n<p>Konkav Budama Makas\u0131<\/p>\n<p><img loading=\"lazy\" decoding=\"async\" class=\"alignnone size-medium wp-image-50\" src=\"http:\/\/penceremdenjaponya2016.jikad.org.tr\/yarismaci12\/wp-content\/uploads\/sites\/13\/2016\/01\/04091939_53452371ac156-300x300.jpg\" alt=\"04091939_53452371ac156\" width=\"300\" height=\"300\" srcset=\"http:\/\/penceremdenjaponya2016.jikad.org.tr\/yarismaci12\/wp-content\/uploads\/sites\/13\/2016\/01\/04091939_53452371ac156-300x300.jpg 300w, http:\/\/penceremdenjaponya2016.jikad.org.tr\/yarismaci12\/wp-content\/uploads\/sites\/13\/2016\/01\/04091939_53452371ac156-150x150.jpg 150w, http:\/\/penceremdenjaponya2016.jikad.org.tr\/yarismaci12\/wp-content\/uploads\/sites\/13\/2016\/01\/04091939_53452371ac156.jpg 380w\" sizes=\"auto, (max-width: 300px) 100vw, 300px\" \/><\/p>\n<p>Satsuki Budama Makas\u0131<\/p>\n<p><img loading=\"lazy\" decoding=\"async\" class=\"alignnone size-medium wp-image-54\" src=\"http:\/\/penceremdenjaponya2016.jikad.org.tr\/yarismaci12\/wp-content\/uploads\/sites\/13\/2016\/01\/04091441_5344dda762237-300x300.jpg\" alt=\"04091441_5344dda762237\" width=\"300\" height=\"300\" srcset=\"http:\/\/penceremdenjaponya2016.jikad.org.tr\/yarismaci12\/wp-content\/uploads\/sites\/13\/2016\/01\/04091441_5344dda762237-300x300.jpg 300w, http:\/\/penceremdenjaponya2016.jikad.org.tr\/yarismaci12\/wp-content\/uploads\/sites\/13\/2016\/01\/04091441_5344dda762237-150x150.jpg 150w, http:\/\/penceremdenjaponya2016.jikad.org.tr\/yarismaci12\/wp-content\/uploads\/sites\/13\/2016\/01\/04091441_5344dda762237.jpg 380w\" sizes=\"auto, (max-width: 300px) 100vw, 300px\" \/><\/p>\n<p>Dal \u015eekillendirme Teli<\/p>\n<p><img loading=\"lazy\" decoding=\"async\" class=\"alignnone  wp-image-51\" src=\"http:\/\/penceremdenjaponya2016.jikad.org.tr\/yarismaci12\/wp-content\/uploads\/sites\/13\/2016\/01\/04120907_534883ca60089-300x300.jpg\" alt=\"04120907_534883ca60089\" width=\"268\" height=\"268\" srcset=\"http:\/\/penceremdenjaponya2016.jikad.org.tr\/yarismaci12\/wp-content\/uploads\/sites\/13\/2016\/01\/04120907_534883ca60089-300x300.jpg 300w, http:\/\/penceremdenjaponya2016.jikad.org.tr\/yarismaci12\/wp-content\/uploads\/sites\/13\/2016\/01\/04120907_534883ca60089-150x150.jpg 150w, http:\/\/penceremdenjaponya2016.jikad.org.tr\/yarismaci12\/wp-content\/uploads\/sites\/13\/2016\/01\/04120907_534883ca60089.jpg 380w\" sizes=\"auto, (max-width: 268px) 100vw, 268px\" \/>\u00a0<img loading=\"lazy\" decoding=\"async\" class=\"alignnone wp-image-64 \" src=\"http:\/\/penceremdenjaponya2016.jikad.org.tr\/yarismaci12\/wp-content\/uploads\/sites\/13\/2016\/01\/99-1-300x211.jpg\" alt=\"99-1\" width=\"374\" height=\"263\" srcset=\"http:\/\/penceremdenjaponya2016.jikad.org.tr\/yarismaci12\/wp-content\/uploads\/sites\/13\/2016\/01\/99-1-300x211.jpg 300w, http:\/\/penceremdenjaponya2016.jikad.org.tr\/yarismaci12\/wp-content\/uploads\/sites\/13\/2016\/01\/99-1-213x150.jpg 213w, http:\/\/penceremdenjaponya2016.jikad.org.tr\/yarismaci12\/wp-content\/uploads\/sites\/13\/2016\/01\/99-1-150x106.jpg 150w, http:\/\/penceremdenjaponya2016.jikad.org.tr\/yarismaci12\/wp-content\/uploads\/sites\/13\/2016\/01\/99-1.jpg 500w\" sizes=\"auto, (max-width: 374px) 100vw, 374px\" \/><\/p>\n<p>Bonsai D\u00f6ner Sehpas\u0131<\/p>\n<p><img loading=\"lazy\" decoding=\"async\" class=\"alignnone size-medium wp-image-52\" src=\"http:\/\/penceremdenjaponya2016.jikad.org.tr\/yarismaci12\/wp-content\/uploads\/sites\/13\/2016\/01\/04271459_553dd0489e183-300x300.jpg\" alt=\"04271459_553dd0489e183\" width=\"300\" height=\"300\" srcset=\"http:\/\/penceremdenjaponya2016.jikad.org.tr\/yarismaci12\/wp-content\/uploads\/sites\/13\/2016\/01\/04271459_553dd0489e183-300x300.jpg 300w, http:\/\/penceremdenjaponya2016.jikad.org.tr\/yarismaci12\/wp-content\/uploads\/sites\/13\/2016\/01\/04271459_553dd0489e183-150x150.jpg 150w, http:\/\/penceremdenjaponya2016.jikad.org.tr\/yarismaci12\/wp-content\/uploads\/sites\/13\/2016\/01\/04271459_553dd0489e183.jpg 450w\" sizes=\"auto, (max-width: 300px) 100vw, 300px\" \/><\/p>\n<p>Bonsai Saks\u0131s\u0131<\/p>\n<p><img loading=\"lazy\" decoding=\"async\" class=\"alignnone wp-image-53 size-large\" src=\"http:\/\/penceremdenjaponya2016.jikad.org.tr\/yarismaci12\/wp-content\/uploads\/sites\/13\/2016\/01\/img_8369-1024x644.jpg\" alt=\"img_8369\" width=\"800\" height=\"503\" srcset=\"http:\/\/penceremdenjaponya2016.jikad.org.tr\/yarismaci12\/wp-content\/uploads\/sites\/13\/2016\/01\/img_8369-1024x644.jpg 1024w, http:\/\/penceremdenjaponya2016.jikad.org.tr\/yarismaci12\/wp-content\/uploads\/sites\/13\/2016\/01\/img_8369-300x189.jpg 300w, http:\/\/penceremdenjaponya2016.jikad.org.tr\/yarismaci12\/wp-content\/uploads\/sites\/13\/2016\/01\/img_8369-768x483.jpg 768w, http:\/\/penceremdenjaponya2016.jikad.org.tr\/yarismaci12\/wp-content\/uploads\/sites\/13\/2016\/01\/img_8369-238x150.jpg 238w, http:\/\/penceremdenjaponya2016.jikad.org.tr\/yarismaci12\/wp-content\/uploads\/sites\/13\/2016\/01\/img_8369-150x94.jpg 150w, http:\/\/penceremdenjaponya2016.jikad.org.tr\/yarismaci12\/wp-content\/uploads\/sites\/13\/2016\/01\/img_8369.jpg 1500w\" sizes=\"auto, (max-width: 800px) 100vw, 800px\" \/><\/p>\n<p>&nbsp;<\/p>\n","protected":false},"excerpt":{"rendered":"<p>Bonsai aletleri Bonsai sanat\u0131 gibi kendine \u00f6zel tasar\u0131mlar\u0131 olan aletlerdir. \u015eekil verilecek a\u011fac\u0131n do\u011fal ve sa\u011fl\u0131kl\u0131 g\u00f6r\u00fcn\u00fcm\u00fc i\u00e7in kullan\u0131lan aletlerinde kaliteli ve bak\u0131ml\u0131 olmas\u0131 gereklidir. Do\u011fru ve d\u00fczg\u00fcn kesilen her dal, yaprak ve k\u00f6k bonsainin istenen \u015fekile en k\u0131sa s\u00fcrede ula\u015fmas\u0131n\u0131 sa\u011flar. Bu nedenle bonsai \u00fczerinde kesilen her noktan\u0131n do\u011fru \u2026 <a class=\"continue-reading-link\" href=\"http:\/\/penceremdenjaponya2016.jikad.org.tr\/yarismaci12\/penceremden-3\/\"> Continue reading<\/a><\/p>\n","protected":false},"author":1,"featured_media":0,"parent":0,"menu_order":0,"comment_status":"closed","ping_status":"closed","template":"","meta":{"footnotes":""},"class_list":["post-12","page","type-page","status-publish","hentry"],"_links":{"self":[{"href":"http:\/\/penceremdenjaponya2016.jikad.org.tr\/yarismaci12\/wp-json\/wp\/v2\/pages\/12","targetHints":{"allow":["GET"]}}],"collection":[{"href":"http:\/\/penceremdenjaponya2016.jikad.org.tr\/yarismaci12\/wp-json\/wp\/v2\/pages"}],"about":[{"href":"http:\/\/penceremdenjaponya2016.jikad.org.tr\/yarismaci12\/wp-json\/wp\/v2\/types\/page"}],"author":[{"embeddable":true,"href":"http:\/\/penceremdenjaponya2016.jikad.org.tr\/yarismaci12\/wp-json\/wp\/v2\/users\/1"}],"replies":[{"embeddable":true,"href":"http:\/\/penceremdenjaponya2016.jikad.org.tr\/yarismaci12\/wp-json\/wp\/v2\/comments?post=12"}],"version-history":[{"count":7,"href":"http:\/\/penceremdenjaponya2016.jikad.org.tr\/yarismaci12\/wp-json\/wp\/v2\/pages\/12\/revisions"}],"predecessor-version":[{"id":65,"href":"http:\/\/penceremdenjaponya2016.jikad.org.tr\/yarismaci12\/wp-json\/wp\/v2\/pages\/12\/revisions\/65"}],"wp:attachment":[{"href":"http:\/\/penceremdenjaponya2016.jikad.org.tr\/yarismaci12\/wp-json\/wp\/v2\/media?parent=12"}],"curies":[{"name":"wp","href":"https:\/\/api.w.org\/{rel}","templated":true}]}}