{"id":10,"date":"2016-01-16T10:59:47","date_gmt":"2016-01-16T08:59:47","guid":{"rendered":"http:\/\/penceremdenjaponya2016.jikad.org.tr\/yarismaci12\/?page_id=10"},"modified":"2016-02-03T16:48:28","modified_gmt":"2016-02-03T14:48:28","slug":"penceremden-2","status":"publish","type":"page","link":"http:\/\/penceremdenjaponya2016.jikad.org.tr\/yarismaci12\/penceremden-2\/","title":{"rendered":"BONSAI BOYUTLARI VE \u015eEK\u0130LLER\u0130"},"content":{"rendered":"<p>Bonsai do\u011fadaki bir a\u011fac\u0131n ger\u00e7ek\u00e7i bir tasvirini yaratmakt\u0131r. Bir bonsai k\u00fc\u00e7\u00fcld\u00fck\u00e7e do\u011fall\u0131\u011f\u0131 and\u0131rman\u0131n aksine soyut bir hal al\u0131r. Bonsai s\u0131n\u0131fland\u0131rmalar\u0131 birka\u00e7 tanedir. Tam boyutland\u0131rma s\u0131n\u0131fland\u0131rmas\u0131 tart\u0131\u015fmal\u0131d\u0131r. Boyut s\u0131n\u0131fland\u0131rmas\u0131 Bonsai&#8217;nin estetik ve botanik y\u00f6nlerini anlamam\u0131za yard\u0131mc\u0131 olur.<\/p>\n<h3><img loading=\"lazy\" decoding=\"async\" class=\"alignnone size-full wp-image-32\" src=\"http:\/\/penceremdenjaponya2016.jikad.org.tr\/yarismaci12\/wp-content\/uploads\/sites\/13\/2016\/01\/small01.jpg\" alt=\"small01\" width=\"236\" height=\"177\" srcset=\"http:\/\/penceremdenjaponya2016.jikad.org.tr\/yarismaci12\/wp-content\/uploads\/sites\/13\/2016\/01\/small01.jpg 236w, http:\/\/penceremdenjaponya2016.jikad.org.tr\/yarismaci12\/wp-content\/uploads\/sites\/13\/2016\/01\/small01-200x150.jpg 200w, http:\/\/penceremdenjaponya2016.jikad.org.tr\/yarismaci12\/wp-content\/uploads\/sites\/13\/2016\/01\/small01-150x113.jpg 150w\" sizes=\"auto, (max-width: 236px) 100vw, 236px\" \/><\/h3>\n<h3>BOYUT SINIFLANDIRMASI\u00a0<strong><br \/>\n<\/strong><\/h3>\n<p><span class=\"notranslate\"><em>Keshitsubo: 1-3<\/em> &#8220;(3-8 cm-)<\/span><\/p>\n<p><span class=\"notranslate\"><em><em>Shito:<\/em> 2-4<\/em> &#8220;(5-10 cm)<\/span><\/p>\n<p><span class=\"notranslate\"><em>Mame:<\/em> 2-6 &#8220;(5-15 cm)<\/span><\/p>\n<p><span class=\"notranslate\"><em>Shohin: 5-8<\/em> &#8220;(13-20 cm)<\/span><\/p>\n<p><span class=\"notranslate\"><em><em>Komono:<\/em> 6-10<\/em> &#8220;(15-25 cm)<\/span><\/p>\n<p><span class=\"notranslate\"><em><em>Katade-Mochi:<\/em> 10-18<\/em> &#8220;(25-46 cm)<\/span><\/p>\n<p><span class=\"notranslate\"><em>Chumono \/<\/em> <em><em>Chiu:<\/em> 16-36<\/em> &#8220;(41-91 cm)<\/span><\/p>\n<p><span class=\"notranslate\"><em>Omono<\/em> <em>\/ Dai:<\/em> 30-48 &#8220;(76-122 cm)<\/span><\/p>\n<p><span class=\"notranslate\"><em><em>Hachi-uye:<\/em><\/em> 40-60 &#8220;(102-152 cm)<\/span><\/p>\n<p><span class=\"notranslate\"><em><em>Imperial:<\/em><\/em> 60-80 &#8220;(152-203 cm)<\/span><\/p>\n<p><img loading=\"lazy\" decoding=\"async\" class=\"alignnone size-medium wp-image-33\" src=\"http:\/\/penceremdenjaponya2016.jikad.org.tr\/yarismaci12\/wp-content\/uploads\/sites\/13\/2016\/01\/BigjWpmultiTrunk1-300x225.jpg\" alt=\"BigjWpmultiTrunk1\" width=\"300\" height=\"225\" srcset=\"http:\/\/penceremdenjaponya2016.jikad.org.tr\/yarismaci12\/wp-content\/uploads\/sites\/13\/2016\/01\/BigjWpmultiTrunk1-300x225.jpg 300w, http:\/\/penceremdenjaponya2016.jikad.org.tr\/yarismaci12\/wp-content\/uploads\/sites\/13\/2016\/01\/BigjWpmultiTrunk1-200x150.jpg 200w, http:\/\/penceremdenjaponya2016.jikad.org.tr\/yarismaci12\/wp-content\/uploads\/sites\/13\/2016\/01\/BigjWpmultiTrunk1-150x113.jpg 150w, http:\/\/penceremdenjaponya2016.jikad.org.tr\/yarismaci12\/wp-content\/uploads\/sites\/13\/2016\/01\/BigjWpmultiTrunk1.jpg 600w\" sizes=\"auto, (max-width: 300px) 100vw, 300px\" \/><\/p>\n<h3>BONSA\u0130 \u015eEK\u0130LLER\u0130<\/h3>\n<p><img loading=\"lazy\" decoding=\"async\" class=\"alignnone wp-image-39 size-full\" src=\"http:\/\/penceremdenjaponya2016.jikad.org.tr\/yarismaci12\/wp-content\/uploads\/sites\/13\/2016\/01\/bonsai-styles.jpg\" alt=\"bonsai-styles\" width=\"1024\" height=\"595\" srcset=\"http:\/\/penceremdenjaponya2016.jikad.org.tr\/yarismaci12\/wp-content\/uploads\/sites\/13\/2016\/01\/bonsai-styles.jpg 1024w, http:\/\/penceremdenjaponya2016.jikad.org.tr\/yarismaci12\/wp-content\/uploads\/sites\/13\/2016\/01\/bonsai-styles-300x174.jpg 300w, http:\/\/penceremdenjaponya2016.jikad.org.tr\/yarismaci12\/wp-content\/uploads\/sites\/13\/2016\/01\/bonsai-styles-768x446.jpg 768w, http:\/\/penceremdenjaponya2016.jikad.org.tr\/yarismaci12\/wp-content\/uploads\/sites\/13\/2016\/01\/bonsai-styles-250x145.jpg 250w, http:\/\/penceremdenjaponya2016.jikad.org.tr\/yarismaci12\/wp-content\/uploads\/sites\/13\/2016\/01\/bonsai-styles-150x87.jpg 150w\" sizes=\"auto, (max-width: 1024px) 100vw, 1024px\" \/><\/p>\n","protected":false},"excerpt":{"rendered":"<p>Bonsai do\u011fadaki bir a\u011fac\u0131n ger\u00e7ek\u00e7i bir tasvirini yaratmakt\u0131r. Bir bonsai k\u00fc\u00e7\u00fcld\u00fck\u00e7e do\u011fall\u0131\u011f\u0131 and\u0131rman\u0131n aksine soyut bir hal al\u0131r. Bonsai s\u0131n\u0131fland\u0131rmalar\u0131 birka\u00e7 tanedir. Tam boyutland\u0131rma s\u0131n\u0131fland\u0131rmas\u0131 tart\u0131\u015fmal\u0131d\u0131r. Boyut s\u0131n\u0131fland\u0131rmas\u0131 Bonsai&#8217;nin estetik ve botanik y\u00f6nlerini anlamam\u0131za yard\u0131mc\u0131 olur. BOYUT SINIFLANDIRMASI\u00a0 Keshitsubo: 1-3 &#8220;(3-8 cm-) Shito: 2-4 &#8220;(5-10 cm) Mame: 2-6 &#8220;(5-15 cm) \u2026 <a class=\"continue-reading-link\" href=\"http:\/\/penceremdenjaponya2016.jikad.org.tr\/yarismaci12\/penceremden-2\/\"> Continue reading<\/a><\/p>\n","protected":false},"author":1,"featured_media":0,"parent":0,"menu_order":0,"comment_status":"closed","ping_status":"closed","template":"","meta":{"footnotes":""},"class_list":["post-10","page","type-page","status-publish","hentry"],"_links":{"self":[{"href":"http:\/\/penceremdenjaponya2016.jikad.org.tr\/yarismaci12\/wp-json\/wp\/v2\/pages\/10","targetHints":{"allow":["GET"]}}],"collection":[{"href":"http:\/\/penceremdenjaponya2016.jikad.org.tr\/yarismaci12\/wp-json\/wp\/v2\/pages"}],"about":[{"href":"http:\/\/penceremdenjaponya2016.jikad.org.tr\/yarismaci12\/wp-json\/wp\/v2\/types\/page"}],"author":[{"embeddable":true,"href":"http:\/\/penceremdenjaponya2016.jikad.org.tr\/yarismaci12\/wp-json\/wp\/v2\/users\/1"}],"replies":[{"embeddable":true,"href":"http:\/\/penceremdenjaponya2016.jikad.org.tr\/yarismaci12\/wp-json\/wp\/v2\/comments?post=10"}],"version-history":[{"count":7,"href":"http:\/\/penceremdenjaponya2016.jikad.org.tr\/yarismaci12\/wp-json\/wp\/v2\/pages\/10\/revisions"}],"predecessor-version":[{"id":41,"href":"http:\/\/penceremdenjaponya2016.jikad.org.tr\/yarismaci12\/wp-json\/wp\/v2\/pages\/10\/revisions\/41"}],"wp:attachment":[{"href":"http:\/\/penceremdenjaponya2016.jikad.org.tr\/yarismaci12\/wp-json\/wp\/v2\/media?parent=10"}],"curies":[{"name":"wp","href":"https:\/\/api.w.org\/{rel}","templated":true}]}}