{"id":9,"date":"2016-01-16T10:54:07","date_gmt":"2016-01-16T08:54:07","guid":{"rendered":"http:\/\/penceremdenjaponya2016.jikad.org.tr\/yarismaci11\/?page_id=9"},"modified":"2016-02-01T16:20:43","modified_gmt":"2016-02-01T14:20:43","slug":"penceremden-2","status":"publish","type":"page","link":"http:\/\/penceremdenjaponya2016.jikad.org.tr\/yarismaci11\/penceremden-2\/","title":{"rendered":"Naruto (Uzu)maki"},"content":{"rendered":"<p><img loading=\"lazy\" decoding=\"async\" class=\"alignnone size-full wp-image-80\" src=\"http:\/\/penceremdenjaponya2016.jikad.org.tr\/yarismaci11\/wp-content\/uploads\/sites\/12\/2016\/01\/280px-Naruto_logo.svg_.png\" alt=\"280px-Naruto_logo.svg\" width=\"280\" height=\"119\" srcset=\"http:\/\/penceremdenjaponya2016.jikad.org.tr\/yarismaci11\/wp-content\/uploads\/sites\/12\/2016\/01\/280px-Naruto_logo.svg_.png 280w, http:\/\/penceremdenjaponya2016.jikad.org.tr\/yarismaci11\/wp-content\/uploads\/sites\/12\/2016\/01\/280px-Naruto_logo.svg_-250x106.png 250w, http:\/\/penceremdenjaponya2016.jikad.org.tr\/yarismaci11\/wp-content\/uploads\/sites\/12\/2016\/01\/280px-Naruto_logo.svg_-150x64.png 150w\" sizes=\"auto, (max-width: 280px) 100vw, 280px\" \/><\/p>\n<p>Bu sayfada konu ile ilgisi olmayan ama Naruto denince akla gelebilecek ba\u015fka \u015feylerden bahsetmek i\u00e7in haz\u0131rlad\u0131m.<\/p>\n<p>\u0130lki t\u00fcm d\u00fcnya gen\u00e7li\u011fini pe\u015finden ko\u015fturan bir \u015fey. Naruto.\u00a0 A\u00e7\u0131kcas\u0131 bu fenomen hakk\u0131nda \u015eounen denilen (erkek \u00e7ocuklar i\u00e7in)\u00a0 t\u00fcr bir manga serisi oldu\u011fu, 1999 y\u0131l\u0131nda yay\u0131nlanmaya ba\u015flad\u0131\u011f\u0131, ileriki y\u0131llarda\u00a0 anime olarak da yay\u0131n hayat\u0131na devam etti\u011fi ve 2014 y\u0131l\u0131nda takip\u00e7ilerini \u00fczerek sona erdi\u011finden\u00a0 ba\u015fka bir bilgim yok.<\/p>\n<p>\u0130ngilizce&#8217;ye \u00e7evirilmesi ile d\u00fcnyaya da a\u00e7\u0131l\u0131m yapan bu \u00e7izgi kahraman (\u00e7ok mu hafife alm\u0131\u015f oldum) internet d\u00fcnyas\u0131nda olan herkesin kar\u015f\u0131s\u0131na mutlaka \u00e7\u0131km\u0131\u015ft\u0131r.\u00a0 Seri, ismini de ba\u015fkahraman Naruto Uzumaki&#8217;den almaktad\u0131r. \u0130lk b\u00f6l\u00fcmde vermi\u015f oldu\u011fum bilgiden yola \u00e7\u0131karak tahmin edebilirsiniz ki\u00a0 Naruto, Girdaplar \u00dclkesinde do\u011fmu\u015f bir \u00e7ocuk.<\/p>\n<p>Fenomen dedim, bence \u00f6yle. Belirli bir ya\u015f ku\u015fa\u011f\u0131ndaki erkekleri mutlaka i\u00e7ine al\u0131yor. T\u0131pk\u0131 bu blogda s\u0131k s\u0131k kulland\u0131\u011f\u0131m &#8220;Girdap&#8221; gibi. O ya\u015f \u00e7ocuklar\u0131n\u0131n-pardon gen\u00e7lerinin demeliyim- \u00a0 hayal d\u00fcnyas\u0131nda birebir kar\u015f\u0131l\u0131\u011f\u0131 olan biri olmal\u0131.<\/p>\n<p>Ah Naruto hakk\u0131nda bildi\u011fim bir \u015fey daha vard\u0131,\u00a0 \u015fimdi hat\u0131rlad\u0131m: En sevdi\u011fi yemek Ramen&#8217;dir.<br \/>\nFoto\u011fraftaki ramen nas\u0131l g\u00f6r\u00fcn\u00fcyor ?\u00a0\u00a0\u00a0 &#8220;narutomaki&#8221;li.<\/p>\n<p>Foto\u011frafta g\u00f6rd\u00fc\u011f\u00fcn\u00fcz her bir dilim &#8220;kamaboko&#8221;\u00a0 @ i\u015fareti ile pembe ya da k\u0131rm\u0131z\u0131 bir benzerlik ta\u015f\u0131yor ve narutomaki&#8217;nin ta kendisi. <img loading=\"lazy\" decoding=\"async\" class=\"size-medium wp-image-89 alignleft\" src=\"http:\/\/penceremdenjaponya2016.jikad.org.tr\/yarismaci11\/wp-content\/uploads\/sites\/12\/2016\/01\/narutokami-295x300.jpg\" alt=\"narutokami\" width=\"295\" height=\"300\" srcset=\"http:\/\/penceremdenjaponya2016.jikad.org.tr\/yarismaci11\/wp-content\/uploads\/sites\/12\/2016\/01\/narutokami-295x300.jpg 295w, http:\/\/penceremdenjaponya2016.jikad.org.tr\/yarismaci11\/wp-content\/uploads\/sites\/12\/2016\/01\/narutokami-768x781.jpg 768w, http:\/\/penceremdenjaponya2016.jikad.org.tr\/yarismaci11\/wp-content\/uploads\/sites\/12\/2016\/01\/narutokami-1007x1024.jpg 1007w, http:\/\/penceremdenjaponya2016.jikad.org.tr\/yarismaci11\/wp-content\/uploads\/sites\/12\/2016\/01\/narutokami-147x150.jpg 147w, http:\/\/penceremdenjaponya2016.jikad.org.tr\/yarismaci11\/wp-content\/uploads\/sites\/12\/2016\/01\/narutokami.jpg 1500w\" sizes=\"auto, (max-width: 295px) 100vw, 295px\" \/>T\u00fcm k\u0131l\u00e7aklar\u0131 ay\u0131klan\u0131p, protein ekstraksiyonu i\u015fleminden ge\u00e7irilen ya\u011fs\u0131z bal\u0131k k\u0131yma\/hamur (buna surimi denir)\u00a0\u00a0 haline getirilir, m\u0131s\u0131r unu,biraz \u015feker, soya sosu ve tuz ile kar\u0131\u015ft\u0131r\u0131l\u0131p \u0131s\u0131l i\u015flemlerden ge\u00e7irilerek\u00a0 (buna da kamaboko deniliyor) kek misali dilimlenmeye haz\u0131r g\u0131da formunda sat\u0131l\u0131r. Narutomaki ramen ile bu \u015fekilde haz\u0131rlanabilir.<br \/>\nDi\u011fer sayfada Naruto Girdab\u0131na devam ediyorum.<\/p>\n<p>&nbsp;<\/p>\n","protected":false},"excerpt":{"rendered":"<p>Bu sayfada konu ile ilgisi olmayan ama Naruto denince akla gelebilecek ba\u015fka \u015feylerden bahsetmek i\u00e7in haz\u0131rlad\u0131m. \u0130lki t\u00fcm d\u00fcnya gen\u00e7li\u011fini pe\u015finden ko\u015fturan bir \u015fey. Naruto.\u00a0 A\u00e7\u0131kcas\u0131 bu fenomen hakk\u0131nda \u015eounen denilen (erkek \u00e7ocuklar i\u00e7in)\u00a0 t\u00fcr bir manga serisi oldu\u011fu, 1999 y\u0131l\u0131nda yay\u0131nlanmaya ba\u015flad\u0131\u011f\u0131, ileriki y\u0131llarda\u00a0 anime olarak da yay\u0131n hayat\u0131na \u2026 <a class=\"continue-reading-link\" href=\"http:\/\/penceremdenjaponya2016.jikad.org.tr\/yarismaci11\/penceremden-2\/\"> Continue reading<\/a><\/p>\n","protected":false},"author":1,"featured_media":0,"parent":0,"menu_order":1,"comment_status":"closed","ping_status":"closed","template":"","meta":{"footnotes":""},"class_list":["post-9","page","type-page","status-publish","hentry"],"_links":{"self":[{"href":"http:\/\/penceremdenjaponya2016.jikad.org.tr\/yarismaci11\/wp-json\/wp\/v2\/pages\/9","targetHints":{"allow":["GET"]}}],"collection":[{"href":"http:\/\/penceremdenjaponya2016.jikad.org.tr\/yarismaci11\/wp-json\/wp\/v2\/pages"}],"about":[{"href":"http:\/\/penceremdenjaponya2016.jikad.org.tr\/yarismaci11\/wp-json\/wp\/v2\/types\/page"}],"author":[{"embeddable":true,"href":"http:\/\/penceremdenjaponya2016.jikad.org.tr\/yarismaci11\/wp-json\/wp\/v2\/users\/1"}],"replies":[{"embeddable":true,"href":"http:\/\/penceremdenjaponya2016.jikad.org.tr\/yarismaci11\/wp-json\/wp\/v2\/comments?post=9"}],"version-history":[{"count":18,"href":"http:\/\/penceremdenjaponya2016.jikad.org.tr\/yarismaci11\/wp-json\/wp\/v2\/pages\/9\/revisions"}],"predecessor-version":[{"id":98,"href":"http:\/\/penceremdenjaponya2016.jikad.org.tr\/yarismaci11\/wp-json\/wp\/v2\/pages\/9\/revisions\/98"}],"wp:attachment":[{"href":"http:\/\/penceremdenjaponya2016.jikad.org.tr\/yarismaci11\/wp-json\/wp\/v2\/media?parent=9"}],"curies":[{"name":"wp","href":"https:\/\/api.w.org\/{rel}","templated":true}]}}