{"id":7,"date":"2016-01-16T10:53:52","date_gmt":"2016-01-16T08:53:52","guid":{"rendered":"http:\/\/penceremdenjaponya2016.jikad.org.tr\/yarismaci11\/?page_id=7"},"modified":"2016-02-08T10:52:55","modified_gmt":"2016-02-08T08:52:55","slug":"penceremden-1","status":"publish","type":"page","link":"http:\/\/penceremdenjaponya2016.jikad.org.tr\/yarismaci11\/penceremden-1\/","title":{"rendered":"Naruto Girdab\u0131"},"content":{"rendered":"<p style=\"text-align: left;\">Japonya&#8217;n\u0131n ana adas\u0131 Hon\u015fu&#8217;nun, Hyogo Eyaletine ba\u011fl\u0131 k\u00fc\u00e7\u00fck Avaji adas\u0131 ile Japonya&#8217;n\u0131n g\u00fcneye do\u011fru uzanan \u00fc\u00e7\u00fcnc\u00fc s\u0131radaki adas\u0131 \u015eikoku&#8217;nun Toku\u015fima Eyaletini\u00a0 birbirine ba\u011flayan Naruto Bo\u011faz\u0131n\u0131 bilir misiniz?<br \/>\n&#8220;Biraz yava\u015f al\u00e7alsan&#8221; dedi\u011finizi duydum! O zaman \u00f6nce, \u015fu sa\u011fdaki haritaya, d\u00f6rt adadan olu\u015fan adalar toplulu\u011fu Japonya&#8217;ya\u00a0 yukar\u0131dan bir g\u00f6z atal\u0131m.<br \/>\n<img loading=\"lazy\" decoding=\"async\" class=\"size-medium wp-image-30 alignright\" src=\"http:\/\/penceremdenjaponya2016.jikad.org.tr\/yarismaci11\/wp-content\/uploads\/sites\/12\/2016\/01\/031-264x300.jpg\" alt=\"031\" width=\"264\" height=\"300\" srcset=\"http:\/\/penceremdenjaponya2016.jikad.org.tr\/yarismaci11\/wp-content\/uploads\/sites\/12\/2016\/01\/031-264x300.jpg 264w, http:\/\/penceremdenjaponya2016.jikad.org.tr\/yarismaci11\/wp-content\/uploads\/sites\/12\/2016\/01\/031-768x874.jpg 768w, http:\/\/penceremdenjaponya2016.jikad.org.tr\/yarismaci11\/wp-content\/uploads\/sites\/12\/2016\/01\/031-900x1024.jpg 900w, http:\/\/penceremdenjaponya2016.jikad.org.tr\/yarismaci11\/wp-content\/uploads\/sites\/12\/2016\/01\/031-132x150.jpg 132w, http:\/\/penceremdenjaponya2016.jikad.org.tr\/yarismaci11\/wp-content\/uploads\/sites\/12\/2016\/01\/031.jpg 1121w\" sizes=\"auto, (max-width: 264px) 100vw, 264px\" \/><\/p>\n<p style=\"text-align: left;\">Kuzeyden g\u00fcneye uzanan Hokkaydo, Hon\u015fu, \u015eikoku ve Kiy\u015fu isimli d\u00f6rt adadan olu\u015fuyor Japonya. G\u00f6rd\u00fc\u011f\u00fcn\u00fcz gibi Hon\u015fu en b\u00fcy\u00fck ada. Hon\u015fu adas\u0131n\u0131n da Tohoku, Kanto, \u00c7ubu, Kansay ve \u00c7ukogu diye b\u00f6lgelere ayr\u0131lm\u0131\u015f oldu\u011funu ekleyelim. Bu adada Japonya&#8217;n\u0131n en bilinen \u015fehirlerinin oldu\u011fu do\u011frudur. \u00a0 Tokyo, Osaka, Kobe.\u00a0 Kobe&#8217;yi bildiniz de\u011fil mi ?\u00a0 Yukar\u0131da ad\u0131 ge\u00e7en Hyogo Eyaletinin ba\u015fkentidir Kobe.<\/p>\n<p style=\"text-align: left;\">Kobe Depremini hat\u0131rlayan da \u00e7ok olmal\u0131. Kobe denince tan\u0131d\u0131k bir \u015fey daha var. Bo\u011faz K\u00f6pr\u00fcs\u00fcn\u00fcn karde\u015fi Aka\u015fi Kaikyou K\u00f6pr\u00fcs\u00fc. Bu k\u00f6pr\u00fc Awaji adas\u0131 ile Hon\u015fu&#8217;yu ba\u011flar. Bu aday\u0131 bir de g\u00fcneydeki \u015eikoku adas\u0131na ba\u011flayan k\u00f6pr\u00fc vard\u0131r. Onaruto K\u00f6pr\u00fcs\u00fc. B\u00fcy\u00fck Naruto K\u00f6pr\u00fcs\u00fc. Naruto Girdab\u0131n\u0131 ilk g\u00f6rd\u00fc\u011f\u00fcm yer.<br \/>\n<img loading=\"lazy\" decoding=\"async\" class=\"size-medium wp-image-25 alignleft\" src=\"http:\/\/penceremdenjaponya2016.jikad.org.tr\/yarismaci11\/wp-content\/uploads\/sites\/12\/2016\/01\/Location-of-Awaji-island-en-300x225.png\" alt=\"Location-of-Awaji-island-en\" width=\"300\" height=\"225\" srcset=\"http:\/\/penceremdenjaponya2016.jikad.org.tr\/yarismaci11\/wp-content\/uploads\/sites\/12\/2016\/01\/Location-of-Awaji-island-en-300x225.png 300w, http:\/\/penceremdenjaponya2016.jikad.org.tr\/yarismaci11\/wp-content\/uploads\/sites\/12\/2016\/01\/Location-of-Awaji-island-en-200x150.png 200w, http:\/\/penceremdenjaponya2016.jikad.org.tr\/yarismaci11\/wp-content\/uploads\/sites\/12\/2016\/01\/Location-of-Awaji-island-en-150x113.png 150w, http:\/\/penceremdenjaponya2016.jikad.org.tr\/yarismaci11\/wp-content\/uploads\/sites\/12\/2016\/01\/Location-of-Awaji-island-en.png 640w\" sizes=\"auto, (max-width: 300px) 100vw, 300px\" \/><\/p>\n<p>Japon i\u00e7 denizi diye s\u00f6ylenen Seto Denizi, Hon\u015fu, \u015eikoku ve Kiy\u015fu adalar\u0131 aras\u0131nda kalmaktad\u0131r. Bu denizin a\u00e7\u0131k olan taraf\u0131 Pasifik&#8217;dir. Epey bir co\u011frafik bilgi payla\u015ft\u0131\u011f\u0131m\u0131n fark\u0131nday\u0131m. Ancak girdab\u0131n\u00a0 nedeni\u00a0 bu bilgiye dayal\u0131, zira bu girdap Pasifik Okyanusu ve i\u00e7 deniz aras\u0131ndaki b\u00fcy\u00fck hacimdeki suyun hareketi yani de\u011fi\u015fimi ile olu\u015fmaktad\u0131r.<br \/>\nB<img loading=\"lazy\" decoding=\"async\" class=\"size-medium wp-image-35 alignright\" src=\"http:\/\/penceremdenjaponya2016.jikad.org.tr\/yarismaci11\/wp-content\/uploads\/sites\/12\/2016\/01\/1280px-Inlandsea-300x212.jpg\" alt=\"1280px-Inlandsea\" width=\"300\" height=\"212\" srcset=\"http:\/\/penceremdenjaponya2016.jikad.org.tr\/yarismaci11\/wp-content\/uploads\/sites\/12\/2016\/01\/1280px-Inlandsea-300x212.jpg 300w, http:\/\/penceremdenjaponya2016.jikad.org.tr\/yarismaci11\/wp-content\/uploads\/sites\/12\/2016\/01\/1280px-Inlandsea-768x542.jpg 768w, http:\/\/penceremdenjaponya2016.jikad.org.tr\/yarismaci11\/wp-content\/uploads\/sites\/12\/2016\/01\/1280px-Inlandsea-1024x723.jpg 1024w, http:\/\/penceremdenjaponya2016.jikad.org.tr\/yarismaci11\/wp-content\/uploads\/sites\/12\/2016\/01\/1280px-Inlandsea-212x150.jpg 212w, http:\/\/penceremdenjaponya2016.jikad.org.tr\/yarismaci11\/wp-content\/uploads\/sites\/12\/2016\/01\/1280px-Inlandsea-150x106.jpg 150w, http:\/\/penceremdenjaponya2016.jikad.org.tr\/yarismaci11\/wp-content\/uploads\/sites\/12\/2016\/01\/1280px-Inlandsea.jpg 1280w\" sizes=\"auto, (max-width: 300px) 100vw, 300px\" \/>iraz da politik s\u00f6ylem yapabilir miyim? Asl\u0131nda \u015fu haritaya bak\u0131nca b\u00f6yle uzun bir i\u00e7 deniz ka\u00e7 tane daha asma k\u00f6pr\u00fc yap\u0131lsa kald\u0131r\u0131r diye d\u00fc\u015f\u00fcnmeden edemiyorum.<\/p>\n<p>Girdab\u0131n resmini burada vermiyorum,\u00a0 izlemeniz i\u00e7in bir video linki verece\u011fim:<br \/>\n<a href=\"https:\/\/www.youtube.com\/watch?v=vwfiT7ZZGPs\">Naruto Girdab\u0131n\u0131 konu alan bir haber videosu<br \/>\n<\/a>Girdab\u0131n ad\u0131n\u0131n kanjisi \u015f\u00f6yle :\u00a0 <span class=\"t_nihongo_kanji\" lang=\"ja\" xml:lang=\"ja\">\u9cf4\u9580\u306e\u6e26\u6f6e<\/span><br \/>\nRomaji ile yaz\u0131l\u0131\u015f\u0131: <i>Naruto no Uzushio (<\/i>Naruto no uzu\u015fio diye okunur.)<\/p>\n<p>Gelgitler, mevsimden mevsime de\u011fi\u015fim g\u00f6sterir. Bu y\u00fczden girdab\u0131n \u00e7ap\u0131da bahar aylar\u0131nda daha geni\u015f olabilir. Her alt\u0131 saate bir\u00a0 yani sabah ve \u00f6\u011flen saatlerinde yakla\u015f\u0131k bir yada iki saat s\u00fcre ile g\u00f6zlenebilmektedir. Tabi Japonlar &#8216;girdap seyrinin&#8217; de bir takvimini yapm\u0131\u015ft\u0131r. Ziyarete gitmeden \u00f6nce bilgi edinebilirsiniz.<\/p>\n<p>Awaji adas\u0131n\u0131n mitolojide \u00f6nemli bir rol\u00fc oldu\u011funu burada bilgi da\u011farc\u0131\u011f\u0131n\u0131za eklemek isterim. \u0130zanagi ve \u0130zanami&#8217;yi duymu\u015f muydunuz?<img loading=\"lazy\" decoding=\"async\" class=\"size-medium wp-image-34 alignright\" src=\"http:\/\/penceremdenjaponya2016.jikad.org.tr\/yarismaci11\/wp-content\/uploads\/sites\/12\/2016\/01\/57100_467896738558_7201500_o-300x171.jpg\" alt=\"57100_467896738558_7201500_o\" width=\"300\" height=\"171\" srcset=\"http:\/\/penceremdenjaponya2016.jikad.org.tr\/yarismaci11\/wp-content\/uploads\/sites\/12\/2016\/01\/57100_467896738558_7201500_o-300x171.jpg 300w, http:\/\/penceremdenjaponya2016.jikad.org.tr\/yarismaci11\/wp-content\/uploads\/sites\/12\/2016\/01\/57100_467896738558_7201500_o-768x439.jpg 768w, http:\/\/penceremdenjaponya2016.jikad.org.tr\/yarismaci11\/wp-content\/uploads\/sites\/12\/2016\/01\/57100_467896738558_7201500_o-1024x585.jpg 1024w, http:\/\/penceremdenjaponya2016.jikad.org.tr\/yarismaci11\/wp-content\/uploads\/sites\/12\/2016\/01\/57100_467896738558_7201500_o-250x143.jpg 250w, http:\/\/penceremdenjaponya2016.jikad.org.tr\/yarismaci11\/wp-content\/uploads\/sites\/12\/2016\/01\/57100_467896738558_7201500_o-150x86.jpg 150w, http:\/\/penceremdenjaponya2016.jikad.org.tr\/yarismaci11\/wp-content\/uploads\/sites\/12\/2016\/01\/57100_467896738558_7201500_o.jpg 1312w\" sizes=\"auto, (max-width: 300px) 100vw, 300px\" \/><br \/>\nAyr\u0131ca \u015fu birka\u00e7 \u015feyi daha ekleyelim&#8230;.<br \/>\nToku\u015fima&#8217;n\u0131n feodal d\u00f6nemdeki ad\u0131 Awa. Bu b\u00f6lgenin e\u011flenceli dans\u0131n\u0131 &#8220;2010 T\u00fcrkiye&#8217;de Japonya Y\u0131l\u0131&#8221;nda Kikunokai isimli dans grubundan izlemi\u015ftik. Awa Odori (Awa Dans\u0131).<\/p>\n<p>&nbsp;<\/p>\n<p>Bu sayfan\u0131n giri\u015fine koydu\u011fum resmi merak ediyorsan\u0131z @ ismini verdi\u011fim b\u00f6l\u00fcm\u00fc de okumadan ge\u00e7meyin.<\/p>\n","protected":false},"excerpt":{"rendered":"<p>Japonya&#8217;n\u0131n ana adas\u0131 Hon\u015fu&#8217;nun, Hyogo Eyaletine ba\u011fl\u0131 k\u00fc\u00e7\u00fck Avaji adas\u0131 ile Japonya&#8217;n\u0131n g\u00fcneye do\u011fru uzanan \u00fc\u00e7\u00fcnc\u00fc s\u0131radaki adas\u0131 \u015eikoku&#8217;nun Toku\u015fima Eyaletini\u00a0 birbirine ba\u011flayan Naruto Bo\u011faz\u0131n\u0131 bilir misiniz? &#8220;Biraz yava\u015f al\u00e7alsan&#8221; dedi\u011finizi duydum! O zaman \u00f6nce, \u015fu sa\u011fdaki haritaya, d\u00f6rt adadan olu\u015fan adalar toplulu\u011fu Japonya&#8217;ya\u00a0 yukar\u0131dan bir g\u00f6z atal\u0131m. Kuzeyden g\u00fcneye \u2026 <a class=\"continue-reading-link\" href=\"http:\/\/penceremdenjaponya2016.jikad.org.tr\/yarismaci11\/penceremden-1\/\"> Continue reading<\/a><\/p>\n","protected":false},"author":1,"featured_media":0,"parent":0,"menu_order":0,"comment_status":"closed","ping_status":"closed","template":"","meta":{"footnotes":""},"class_list":["post-7","page","type-page","status-publish","hentry"],"_links":{"self":[{"href":"http:\/\/penceremdenjaponya2016.jikad.org.tr\/yarismaci11\/wp-json\/wp\/v2\/pages\/7","targetHints":{"allow":["GET"]}}],"collection":[{"href":"http:\/\/penceremdenjaponya2016.jikad.org.tr\/yarismaci11\/wp-json\/wp\/v2\/pages"}],"about":[{"href":"http:\/\/penceremdenjaponya2016.jikad.org.tr\/yarismaci11\/wp-json\/wp\/v2\/types\/page"}],"author":[{"embeddable":true,"href":"http:\/\/penceremdenjaponya2016.jikad.org.tr\/yarismaci11\/wp-json\/wp\/v2\/users\/1"}],"replies":[{"embeddable":true,"href":"http:\/\/penceremdenjaponya2016.jikad.org.tr\/yarismaci11\/wp-json\/wp\/v2\/comments?post=7"}],"version-history":[{"count":29,"href":"http:\/\/penceremdenjaponya2016.jikad.org.tr\/yarismaci11\/wp-json\/wp\/v2\/pages\/7\/revisions"}],"predecessor-version":[{"id":113,"href":"http:\/\/penceremdenjaponya2016.jikad.org.tr\/yarismaci11\/wp-json\/wp\/v2\/pages\/7\/revisions\/113"}],"wp:attachment":[{"href":"http:\/\/penceremdenjaponya2016.jikad.org.tr\/yarismaci11\/wp-json\/wp\/v2\/media?parent=7"}],"curies":[{"name":"wp","href":"https:\/\/api.w.org\/{rel}","templated":true}]}}