{"id":13,"date":"2016-01-16T10:54:39","date_gmt":"2016-01-16T08:54:39","guid":{"rendered":"http:\/\/penceremdenjaponya2016.jikad.org.tr\/yarismaci11\/?page_id=13"},"modified":"2016-02-01T16:32:13","modified_gmt":"2016-02-01T14:32:13","slug":"kaynak-ve-tesekkur","status":"publish","type":"page","link":"http:\/\/penceremdenjaponya2016.jikad.org.tr\/yarismaci11\/kaynak-ve-tesekkur\/","title":{"rendered":"Kaynak ve Te\u015fekk\u00fcr"},"content":{"rendered":"<p>Bu blogu \u00e7ok k\u0131sa s\u00fcrede haz\u0131rlad\u0131m.\u00a0 Ama Japonya&#8217;y\u0131 \u00e7ok uzun s\u00fcredir seviyorum. Japonya hakk\u0131nda okuyor ve ara\u015ft\u0131r\u0131yorum. Japonya bir girdap gibi beni de i\u00e7ine \u00e7ekiyor. Bildiklerimi payla\u015fmay\u0131, aktarmay\u0131 bu vesile ile girdab\u0131n bir par\u00e7as\u0131 olabilmeyi de seviyorum. Sizi de bu k\u00fclt\u00fcre \u00e7ekebildeysem ne mutlu bana.<\/p>\n<p>Yar\u0131\u015fmay\u0131 d\u00fczenleyen ekibe ve Japonya&#8217;n\u0131n do\u011fal g\u00fczelliklerine i\u00e7tenlikle te\u015fekk\u00fcr ederim.<\/p>\n<p>Kurallara uymaya \u00f6zen g\u00f6sterdim, biliyorum bir ka\u00e7 fazla resim y\u00fckledim. Bu y\u00fczden eksiklerim de\u011fil de fazlal\u0131klar\u0131m ve hatalar\u0131m i\u00e7in \u00f6z\u00fcr dilerim.\u00a0 Ve s\u00fcr\u00e7\u00fc lisan ettim, bunu da biliyorum. Onu da\u00a0 burada bir par\u00e7a d\u00fczeltmek isterim.<br \/>\nHokkaydo:\u5317\u6d77\u9053 Hokkaid\u014d<br \/>\nHon\u015fu : \u672c\u5dde Honsh\u016b<br \/>\n\u015eikoku : Shikoku<br \/>\nKiy\u015fu:\u00a0 \u4e5d\u5dde Ky\u016bsh\u016b<br \/>\n\u00c7ubu: \u4e2d\u90e8\u5730\u65b9 Ch\u016bbu-chih\u014d<br \/>\nKansay: \u95a2\u897f\u5730\u65b9 Kansai-chih\u014d<br \/>\n\u00c7ugoku:\u00a0\u4e2d\u56fd\u5730\u65b9 Ch\u016bgoku-chih\u014d<br \/>\nUtagava Hiro\u015fige:\u00a0 \u6b4c\u5ddd \u5e83\u91cdUtagawa Hiroshige<br \/>\nHokusay:\u00a0 \u845b\u98fe \u5317\u658eKatsushika Hokusai<br \/>\n\u015eounen: \u5c11\u5e74 Shounen<br \/>\n<i><\/i><\/p>\n<p>&nbsp;<\/p>\n<p>&nbsp;<\/p>\n","protected":false},"excerpt":{"rendered":"<p>Bu blogu \u00e7ok k\u0131sa s\u00fcrede haz\u0131rlad\u0131m.\u00a0 Ama Japonya&#8217;y\u0131 \u00e7ok uzun s\u00fcredir seviyorum. Japonya hakk\u0131nda okuyor ve ara\u015ft\u0131r\u0131yorum. Japonya bir girdap gibi beni de i\u00e7ine \u00e7ekiyor. Bildiklerimi payla\u015fmay\u0131, aktarmay\u0131 bu vesile ile girdab\u0131n bir par\u00e7as\u0131 olabilmeyi de seviyorum. Sizi de bu k\u00fclt\u00fcre \u00e7ekebildeysem ne mutlu bana. Yar\u0131\u015fmay\u0131 d\u00fczenleyen ekibe ve Japonya&#8217;n\u0131n \u2026 <a class=\"continue-reading-link\" href=\"http:\/\/penceremdenjaponya2016.jikad.org.tr\/yarismaci11\/kaynak-ve-tesekkur\/\"> Continue reading<\/a><\/p>\n","protected":false},"author":1,"featured_media":0,"parent":0,"menu_order":3,"comment_status":"closed","ping_status":"closed","template":"","meta":{"footnotes":""},"class_list":["post-13","page","type-page","status-publish","hentry"],"_links":{"self":[{"href":"http:\/\/penceremdenjaponya2016.jikad.org.tr\/yarismaci11\/wp-json\/wp\/v2\/pages\/13","targetHints":{"allow":["GET"]}}],"collection":[{"href":"http:\/\/penceremdenjaponya2016.jikad.org.tr\/yarismaci11\/wp-json\/wp\/v2\/pages"}],"about":[{"href":"http:\/\/penceremdenjaponya2016.jikad.org.tr\/yarismaci11\/wp-json\/wp\/v2\/types\/page"}],"author":[{"embeddable":true,"href":"http:\/\/penceremdenjaponya2016.jikad.org.tr\/yarismaci11\/wp-json\/wp\/v2\/users\/1"}],"replies":[{"embeddable":true,"href":"http:\/\/penceremdenjaponya2016.jikad.org.tr\/yarismaci11\/wp-json\/wp\/v2\/comments?post=13"}],"version-history":[{"count":14,"href":"http:\/\/penceremdenjaponya2016.jikad.org.tr\/yarismaci11\/wp-json\/wp\/v2\/pages\/13\/revisions"}],"predecessor-version":[{"id":103,"href":"http:\/\/penceremdenjaponya2016.jikad.org.tr\/yarismaci11\/wp-json\/wp\/v2\/pages\/13\/revisions\/103"}],"wp:attachment":[{"href":"http:\/\/penceremdenjaponya2016.jikad.org.tr\/yarismaci11\/wp-json\/wp\/v2\/media?parent=13"}],"curies":[{"name":"wp","href":"https:\/\/api.w.org\/{rel}","templated":true}]}}