{"id":11,"date":"2016-01-16T10:54:23","date_gmt":"2016-01-16T08:54:23","guid":{"rendered":"http:\/\/penceremdenjaponya2016.jikad.org.tr\/yarismaci11\/?page_id=11"},"modified":"2016-02-01T16:23:41","modified_gmt":"2016-02-01T14:23:41","slug":"penceremden-3","status":"publish","type":"page","link":"http:\/\/penceremdenjaponya2016.jikad.org.tr\/yarismaci11\/penceremden-3\/","title":{"rendered":"&#8220;@&#8221;"},"content":{"rendered":"<p>Utagawa Hiro\u015fige&#8217;yi bilmeseniz de, ukiyo-e &#8216;yi bilirseniz.\u00a0 Hiro\u015fige, Hokusay ya da ukiyo-e\u00a0 diye bilmiyorsan\u0131z da\u00a0 Japonya&#8217;n\u0131n o kendine \u00f6zg\u00fc g\u00fczellikleri, kendine \u00f6zg\u00fc \u015fekilde \u00e7izen ukiyo-e ustalar\u0131n\u0131\u00a0 ve eserlerini mutlaka bir yerde g\u00f6rm\u00fc\u015fs\u00fcn\u00fczd\u00fcr.<img loading=\"lazy\" decoding=\"async\" class=\"size-medium wp-image-58 alignright\" src=\"http:\/\/penceremdenjaponya2016.jikad.org.tr\/yarismaci11\/wp-content\/uploads\/sites\/12\/2016\/01\/plum-204x300.jpeg\" alt=\"plum\" width=\"204\" height=\"300\" srcset=\"http:\/\/penceremdenjaponya2016.jikad.org.tr\/yarismaci11\/wp-content\/uploads\/sites\/12\/2016\/01\/plum-204x300.jpeg 204w, http:\/\/penceremdenjaponya2016.jikad.org.tr\/yarismaci11\/wp-content\/uploads\/sites\/12\/2016\/01\/plum-768x1129.jpeg 768w, http:\/\/penceremdenjaponya2016.jikad.org.tr\/yarismaci11\/wp-content\/uploads\/sites\/12\/2016\/01\/plum-697x1024.jpeg 697w, http:\/\/penceremdenjaponya2016.jikad.org.tr\/yarismaci11\/wp-content\/uploads\/sites\/12\/2016\/01\/plum-102x150.jpeg 102w, http:\/\/penceremdenjaponya2016.jikad.org.tr\/yarismaci11\/wp-content\/uploads\/sites\/12\/2016\/01\/plum.jpeg 800w\" sizes=\"auto, (max-width: 204px) 100vw, 204px\" \/><\/p>\n<p>Y\u00fczen (ak\u0131p giden mi daha do\u011fru)\u00a0 d\u00fcnya,\u00a0 fani d\u00fcnya, h\u00fcz\u00fcnl\u00fc d\u00fcnya bu anlamlara gelebilen ukiyo-e tahta kal\u0131plar \u00fczerine yap\u0131lan bir resim tekni\u011fi. Bu teknik ile nas\u0131l resim \u00e7izilir diye epey d\u00fc\u015f\u00fcnseniz, b\u00f6yle \u00e7izilece\u011fini hayal edebilir miydiniz bilemiyorum. Bu videoyu bir arkada\u015f\u0131m merak\u0131 ile bana izletmi\u015fti. <a href=\"https:\/\/www.youtube.com\/watch?v=8I2NwEX7CPk\">Ukiyo-e hakk\u0131nda ad\u0131m ad\u0131m \u00e7izimi anlatan video<\/a><\/p>\n<p>&nbsp;<\/p>\n<p>&nbsp;<\/p>\n<p>&nbsp;<\/p>\n<p>Hokusay bu teknik ile \u00e7al\u0131\u015fan en b\u00fcy\u00fck usta diye kabul edilirken, Hiro\u015fige\u00a0 manzara denince akla gelen\u00a0 b\u00fcy\u00fck sanat\u00e7\u0131lardan. Tabi, tabi ben burada o daha b\u00fcy\u00fck bu daha b\u00fcy\u00fck konusuna girmeyeyim. Ayn\u0131 d\u00f6nemde eserlerini \u00fcretmi\u015f bu sanat\u00e7\u0131lar\u0131n birbirlerinden etkilendikleri de s\u00f6ylenebilir.<\/p>\n<div id=\"attachment_62\" style=\"width: 216px\" class=\"wp-caption alignright\"><img loading=\"lazy\" decoding=\"async\" aria-describedby=\"caption-attachment-62\" class=\"wp-image-62 size-medium\" src=\"http:\/\/penceremdenjaponya2016.jikad.org.tr\/yarismaci11\/wp-content\/uploads\/sites\/12\/2016\/01\/DP122165-206x300.jpg\" alt=\"DP122165\" width=\"206\" height=\"300\" srcset=\"http:\/\/penceremdenjaponya2016.jikad.org.tr\/yarismaci11\/wp-content\/uploads\/sites\/12\/2016\/01\/DP122165-206x300.jpg 206w, http:\/\/penceremdenjaponya2016.jikad.org.tr\/yarismaci11\/wp-content\/uploads\/sites\/12\/2016\/01\/DP122165-768x1121.jpg 768w, http:\/\/penceremdenjaponya2016.jikad.org.tr\/yarismaci11\/wp-content\/uploads\/sites\/12\/2016\/01\/DP122165-701x1024.jpg 701w, http:\/\/penceremdenjaponya2016.jikad.org.tr\/yarismaci11\/wp-content\/uploads\/sites\/12\/2016\/01\/DP122165-103x150.jpg 103w, http:\/\/penceremdenjaponya2016.jikad.org.tr\/yarismaci11\/wp-content\/uploads\/sites\/12\/2016\/01\/DP122165.jpg 783w\" sizes=\"auto, (max-width: 206px) 100vw, 206px\" \/><p id=\"caption-attachment-62\" class=\"wp-caption-text\">Hiro\u015fige;1853<\/p><\/div>\n<p>&nbsp;<\/p>\n<div id=\"attachment_61\" style=\"width: 371px\" class=\"wp-caption alignright\"><img loading=\"lazy\" decoding=\"async\" aria-describedby=\"caption-attachment-61\" class=\"wp-image-61\" src=\"http:\/\/penceremdenjaponya2016.jikad.org.tr\/yarismaci11\/wp-content\/uploads\/sites\/12\/2016\/01\/Kanagawa2-300x205.jpg\" alt=\"Kanagawa2\" width=\"361\" height=\"247\" srcset=\"http:\/\/penceremdenjaponya2016.jikad.org.tr\/yarismaci11\/wp-content\/uploads\/sites\/12\/2016\/01\/Kanagawa2-300x205.jpg 300w, http:\/\/penceremdenjaponya2016.jikad.org.tr\/yarismaci11\/wp-content\/uploads\/sites\/12\/2016\/01\/Kanagawa2-768x525.jpg 768w, http:\/\/penceremdenjaponya2016.jikad.org.tr\/yarismaci11\/wp-content\/uploads\/sites\/12\/2016\/01\/Kanagawa2-219x150.jpg 219w, http:\/\/penceremdenjaponya2016.jikad.org.tr\/yarismaci11\/wp-content\/uploads\/sites\/12\/2016\/01\/Kanagawa2-150x103.jpg 150w, http:\/\/penceremdenjaponya2016.jikad.org.tr\/yarismaci11\/wp-content\/uploads\/sites\/12\/2016\/01\/Kanagawa2.jpg 800w\" sizes=\"auto, (max-width: 361px) 100vw, 361px\" \/><p id=\"caption-attachment-61\" class=\"wp-caption-text\">Hokusay;1829-1832<\/p><\/div>\n<p>&nbsp;<\/p>\n<p>Nitekim Hokusay&#8217;\u0131n Fuji Da\u011f\u0131 manzaras\u0131n\u0131 i\u015fledi\u011fi Kanagawa&#8217;da Dalgalar isimli \u00e7al\u0131\u015fmas\u0131 ile Hiro\u015fige&#8217;nin Naruto Girdab\u0131 eserleri epey birbirine benzemektedir. Ama siz art\u0131k girdap konusunu anlad\u0131n\u0131z san\u0131yorum, dolay\u0131s\u0131 ile dalgalar ve girdap temas\u0131na h\u0131zl\u0131ca odaklanabilir ve Hiro\u015fige&#8217;nin Naruto Girdab\u0131n\u0131, Fuji Da\u011f\u0131&#8217;n\u0131nda yer ald\u0131\u011f\u0131 dalgalar ile\u00a0 kar\u0131\u015ft\u0131rmazs\u0131n\u0131z diye d\u00fc\u015f\u00fcn\u00fcyorum.<\/p>\n<p>Japonlar\u0131n do\u011faya tutkusu, insani duygulara do\u011fa olaylar\u0131 ile\u00a0 yo\u011funla\u015fmas\u0131, sanat\u00e7\u0131lar\u0131n\u0131n da\u00a0 b\u00f6ylesi etkileyeci eserler yaratmalar\u0131 sonucunu do\u011furuyor kan\u0131mca. Haiku&#8217;da,\u00a0 ukiyo-e de, ikebana&#8217;da, Japon sinemas\u0131nda bunu hep hissediyorum. Bir girdap, bir dalga ve ufukta ku\u015flar en geride y\u00fczy\u0131llar ge\u00e7se yerinden k\u0131m\u0131ldamayacak da\u011flar. Siz de \u015fimdi burada biraz derin d\u00fc\u015f\u00fcn\u00fcn&#8230;<\/p>\n<p>Naruto girdab\u0131na d\u00f6necek olursak.\u00a0 Bu do\u011fa olay\u0131 hem t\u00fcm d\u00fcnyadan, hem de t\u00fcm Japonya&#8217;dan ziyaret\u00e7i \u00e7ekiyor. Girdab\u0131 45 metre tepeden cam pencerelerden ya da Muhte\u015fem Naruto bot turuna kat\u0131larak epey yak\u0131n\u0131ndan izleyebilmek, atmosferini fiili olarak ya\u015fama f\u0131rsatlar\u0131n\u0131z var.<\/p>\n<p><img loading=\"lazy\" decoding=\"async\" class=\"alignnone size-medium wp-image-71\" src=\"http:\/\/penceremdenjaponya2016.jikad.org.tr\/yarismaci11\/wp-content\/uploads\/sites\/12\/2016\/01\/3212-300x184.jpg\" alt=\"3212\" width=\"300\" height=\"184\" srcset=\"http:\/\/penceremdenjaponya2016.jikad.org.tr\/yarismaci11\/wp-content\/uploads\/sites\/12\/2016\/01\/3212-300x184.jpg 300w, http:\/\/penceremdenjaponya2016.jikad.org.tr\/yarismaci11\/wp-content\/uploads\/sites\/12\/2016\/01\/3212-244x150.jpg 244w, http:\/\/penceremdenjaponya2016.jikad.org.tr\/yarismaci11\/wp-content\/uploads\/sites\/12\/2016\/01\/3212-150x92.jpg 150w, http:\/\/penceremdenjaponya2016.jikad.org.tr\/yarismaci11\/wp-content\/uploads\/sites\/12\/2016\/01\/3212.jpg 677w\" sizes=\"auto, (max-width: 300px) 100vw, 300px\" \/> <img loading=\"lazy\" decoding=\"async\" class=\"alignnone size-medium wp-image-72\" src=\"http:\/\/penceremdenjaponya2016.jikad.org.tr\/yarismaci11\/wp-content\/uploads\/sites\/12\/2016\/01\/IMG_1895-1-300x225.jpg\" alt=\"IMG_1895\" width=\"300\" height=\"225\" srcset=\"http:\/\/penceremdenjaponya2016.jikad.org.tr\/yarismaci11\/wp-content\/uploads\/sites\/12\/2016\/01\/IMG_1895-1-300x225.jpg 300w, http:\/\/penceremdenjaponya2016.jikad.org.tr\/yarismaci11\/wp-content\/uploads\/sites\/12\/2016\/01\/IMG_1895-1-768x576.jpg 768w, http:\/\/penceremdenjaponya2016.jikad.org.tr\/yarismaci11\/wp-content\/uploads\/sites\/12\/2016\/01\/IMG_1895-1-1024x768.jpg 1024w, http:\/\/penceremdenjaponya2016.jikad.org.tr\/yarismaci11\/wp-content\/uploads\/sites\/12\/2016\/01\/IMG_1895-1-200x150.jpg 200w, http:\/\/penceremdenjaponya2016.jikad.org.tr\/yarismaci11\/wp-content\/uploads\/sites\/12\/2016\/01\/IMG_1895-1-150x113.jpg 150w, http:\/\/penceremdenjaponya2016.jikad.org.tr\/yarismaci11\/wp-content\/uploads\/sites\/12\/2016\/01\/IMG_1895-1.jpg 1600w\" sizes=\"auto, (max-width: 300px) 100vw, 300px\" \/> <img loading=\"lazy\" decoding=\"async\" class=\"alignnone size-medium wp-image-70\" src=\"http:\/\/penceremdenjaponya2016.jikad.org.tr\/yarismaci11\/wp-content\/uploads\/sites\/12\/2016\/01\/232-300x225.jpg\" alt=\"232\" width=\"300\" height=\"225\" srcset=\"http:\/\/penceremdenjaponya2016.jikad.org.tr\/yarismaci11\/wp-content\/uploads\/sites\/12\/2016\/01\/232-300x225.jpg 300w, http:\/\/penceremdenjaponya2016.jikad.org.tr\/yarismaci11\/wp-content\/uploads\/sites\/12\/2016\/01\/232-768x576.jpg 768w, http:\/\/penceremdenjaponya2016.jikad.org.tr\/yarismaci11\/wp-content\/uploads\/sites\/12\/2016\/01\/232.jpg 1024w, http:\/\/penceremdenjaponya2016.jikad.org.tr\/yarismaci11\/wp-content\/uploads\/sites\/12\/2016\/01\/232-200x150.jpg 200w, http:\/\/penceremdenjaponya2016.jikad.org.tr\/yarismaci11\/wp-content\/uploads\/sites\/12\/2016\/01\/232-150x113.jpg 150w\" sizes=\"auto, (max-width: 300px) 100vw, 300px\" \/><\/p>\n<p>&nbsp;<\/p>\n<p>&nbsp;<\/p>\n","protected":false},"excerpt":{"rendered":"<p>Utagawa Hiro\u015fige&#8217;yi bilmeseniz de, ukiyo-e &#8216;yi bilirseniz.\u00a0 Hiro\u015fige, Hokusay ya da ukiyo-e\u00a0 diye bilmiyorsan\u0131z da\u00a0 Japonya&#8217;n\u0131n o kendine \u00f6zg\u00fc g\u00fczellikleri, kendine \u00f6zg\u00fc \u015fekilde \u00e7izen ukiyo-e ustalar\u0131n\u0131\u00a0 ve eserlerini mutlaka bir yerde g\u00f6rm\u00fc\u015fs\u00fcn\u00fczd\u00fcr. Y\u00fczen (ak\u0131p giden mi daha do\u011fru)\u00a0 d\u00fcnya,\u00a0 fani d\u00fcnya, h\u00fcz\u00fcnl\u00fc d\u00fcnya bu anlamlara gelebilen ukiyo-e tahta kal\u0131plar \u00fczerine \u2026 <a class=\"continue-reading-link\" href=\"http:\/\/penceremdenjaponya2016.jikad.org.tr\/yarismaci11\/penceremden-3\/\"> Continue reading<\/a><\/p>\n","protected":false},"author":1,"featured_media":0,"parent":0,"menu_order":2,"comment_status":"closed","ping_status":"closed","template":"","meta":{"footnotes":""},"class_list":["post-11","page","type-page","status-publish","hentry"],"_links":{"self":[{"href":"http:\/\/penceremdenjaponya2016.jikad.org.tr\/yarismaci11\/wp-json\/wp\/v2\/pages\/11","targetHints":{"allow":["GET"]}}],"collection":[{"href":"http:\/\/penceremdenjaponya2016.jikad.org.tr\/yarismaci11\/wp-json\/wp\/v2\/pages"}],"about":[{"href":"http:\/\/penceremdenjaponya2016.jikad.org.tr\/yarismaci11\/wp-json\/wp\/v2\/types\/page"}],"author":[{"embeddable":true,"href":"http:\/\/penceremdenjaponya2016.jikad.org.tr\/yarismaci11\/wp-json\/wp\/v2\/users\/1"}],"replies":[{"embeddable":true,"href":"http:\/\/penceremdenjaponya2016.jikad.org.tr\/yarismaci11\/wp-json\/wp\/v2\/comments?post=11"}],"version-history":[{"count":17,"href":"http:\/\/penceremdenjaponya2016.jikad.org.tr\/yarismaci11\/wp-json\/wp\/v2\/pages\/11\/revisions"}],"predecessor-version":[{"id":100,"href":"http:\/\/penceremdenjaponya2016.jikad.org.tr\/yarismaci11\/wp-json\/wp\/v2\/pages\/11\/revisions\/100"}],"wp:attachment":[{"href":"http:\/\/penceremdenjaponya2016.jikad.org.tr\/yarismaci11\/wp-json\/wp\/v2\/media?parent=11"}],"curies":[{"name":"wp","href":"https:\/\/api.w.org\/{rel}","templated":true}]}}