{"id":8,"date":"2016-01-16T10:50:31","date_gmt":"2016-01-16T08:50:31","guid":{"rendered":"http:\/\/penceremdenjaponya2016.jikad.org.tr\/yarismaci10\/?page_id=8"},"modified":"2016-02-02T16:26:46","modified_gmt":"2016-02-02T14:26:46","slug":"penceremden-1","status":"publish","type":"page","link":"http:\/\/penceremdenjaponya2016.jikad.org.tr\/yarismaci10\/penceremden-1\/","title":{"rendered":"\u00d6yk\u00fcs\u00fc olan daha g\u00fczeldir"},"content":{"rendered":"<p>En sevdi\u011finiz kahve fincan\u0131, bir porselen e\u015fyan\u0131z elinizden kay\u0131p d\u00fc\u015ferken ne hissettiniz?<\/p>\n<p>Rivayet olunur ki 15. yy sonlar\u0131nda, Japon Shogun Ashikaga Yoshimasa k\u0131r\u0131lan \u00c7in yap\u0131m\u0131 \u00e7ay kasesini,<\/p>\n<p>tamir etsinler diye \u00c7in&#8217;e yollar. Tamir edilip geri geldi\u011finde sonu\u00e7 tatmin edici de\u011fildir.<\/p>\n<p>Yollanan kase, \u00e7irkin ve estetik olmayan metal birle\u015fimler ile tamir edilip geri g\u00f6nderilmi\u015ftir.<\/p>\n<p>Bu \u00e7irkin hali ile Japon ustalara ilham kayna\u011f\u0131 olur.<\/p>\n<p>Ve kendileri daha estetik bir y\u00f6ntemle metali kullanarak bu par\u00e7alar\u0131 birle\u015ftirmeye ba\u015flarlar.<\/p>\n<p><img loading=\"lazy\" decoding=\"async\" class=\"alignnone size-medium wp-image-27\" src=\"http:\/\/penceremdenjaponya2016.jikad.org.tr\/yarismaci10\/wp-content\/uploads\/sites\/11\/2016\/01\/bowl-1-300x199.jpg\" alt=\"bowl-1\" width=\"300\" height=\"199\" srcset=\"http:\/\/penceremdenjaponya2016.jikad.org.tr\/yarismaci10\/wp-content\/uploads\/sites\/11\/2016\/01\/bowl-1-300x199.jpg 300w, http:\/\/penceremdenjaponya2016.jikad.org.tr\/yarismaci10\/wp-content\/uploads\/sites\/11\/2016\/01\/bowl-1-768x510.jpg 768w, http:\/\/penceremdenjaponya2016.jikad.org.tr\/yarismaci10\/wp-content\/uploads\/sites\/11\/2016\/01\/bowl-1-226x150.jpg 226w, http:\/\/penceremdenjaponya2016.jikad.org.tr\/yarismaci10\/wp-content\/uploads\/sites\/11\/2016\/01\/bowl-1-150x100.jpg 150w, http:\/\/penceremdenjaponya2016.jikad.org.tr\/yarismaci10\/wp-content\/uploads\/sites\/11\/2016\/01\/bowl-1.jpg 800w\" sizes=\"auto, (max-width: 300px) 100vw, 300px\" \/><\/p>\n<p>Alt\u0131n, g\u00fcm\u00fc\u015f, platin gibi malzemelerin dolgu maddesi olarak kullan\u0131ld\u0131\u011f\u0131 bu y\u00f6ntem ile<\/p>\n<p>k\u0131r\u0131lm\u0131\u015f ve tamir edilmi\u015f porselenler art\u0131k eskisinden daha da de\u011ferlidir.<\/p>\n<p><img loading=\"lazy\" decoding=\"async\" class=\"alignnone size-medium wp-image-56\" src=\"http:\/\/penceremdenjaponya2016.jikad.org.tr\/yarismaci10\/wp-content\/uploads\/sites\/11\/2016\/01\/tumblr_mv0pwnstyj1sjcx65o1_500_klein-300x225.jpg\" alt=\"tumblr_mv0pwnstyj1sjcx65o1_500_klein\" width=\"300\" height=\"225\" srcset=\"http:\/\/penceremdenjaponya2016.jikad.org.tr\/yarismaci10\/wp-content\/uploads\/sites\/11\/2016\/01\/tumblr_mv0pwnstyj1sjcx65o1_500_klein-300x225.jpg 300w, http:\/\/penceremdenjaponya2016.jikad.org.tr\/yarismaci10\/wp-content\/uploads\/sites\/11\/2016\/01\/tumblr_mv0pwnstyj1sjcx65o1_500_klein-200x150.jpg 200w, http:\/\/penceremdenjaponya2016.jikad.org.tr\/yarismaci10\/wp-content\/uploads\/sites\/11\/2016\/01\/tumblr_mv0pwnstyj1sjcx65o1_500_klein-150x113.jpg 150w, http:\/\/penceremdenjaponya2016.jikad.org.tr\/yarismaci10\/wp-content\/uploads\/sites\/11\/2016\/01\/tumblr_mv0pwnstyj1sjcx65o1_500_klein.jpg 448w\" sizes=\"auto, (max-width: 300px) 100vw, 300px\" \/><\/p>\n<p>&#8220;Kintsugi (\u91d1\u7d99\u304e)&#8221; veya &#8220;Kintsukuroi (\u91d1\u7e55\u3044)&#8221; arkas\u0131nda yatan sadece estetik endi\u015fe ile de\u011fil,<\/p>\n<p>ayn\u0131 zamanda izi kaybetmeden, tamir edip, ya\u015fanm\u0131\u015fl\u0131\u011f\u0131 ile daha de\u011ferli k\u0131lan felsefesi ile de<\/p>\n<p>Japon k\u00fclt\u00fcr\u00fcnde yer edinmi\u015ftir.<\/p>\n","protected":false},"excerpt":{"rendered":"<p>En sevdi\u011finiz kahve fincan\u0131, bir porselen e\u015fyan\u0131z elinizden kay\u0131p d\u00fc\u015ferken ne hissettiniz? Rivayet olunur ki 15. yy sonlar\u0131nda, Japon Shogun Ashikaga Yoshimasa k\u0131r\u0131lan \u00c7in yap\u0131m\u0131 \u00e7ay kasesini, tamir etsinler diye \u00c7in&#8217;e yollar. Tamir edilip geri geldi\u011finde sonu\u00e7 tatmin edici de\u011fildir. Yollanan kase, \u00e7irkin ve estetik olmayan metal birle\u015fimler ile tamir \u2026 <a class=\"continue-reading-link\" href=\"http:\/\/penceremdenjaponya2016.jikad.org.tr\/yarismaci10\/penceremden-1\/\"> Continue reading<\/a><\/p>\n","protected":false},"author":1,"featured_media":0,"parent":0,"menu_order":0,"comment_status":"closed","ping_status":"closed","template":"","meta":{"footnotes":""},"class_list":["post-8","page","type-page","status-publish","hentry"],"_links":{"self":[{"href":"http:\/\/penceremdenjaponya2016.jikad.org.tr\/yarismaci10\/wp-json\/wp\/v2\/pages\/8","targetHints":{"allow":["GET"]}}],"collection":[{"href":"http:\/\/penceremdenjaponya2016.jikad.org.tr\/yarismaci10\/wp-json\/wp\/v2\/pages"}],"about":[{"href":"http:\/\/penceremdenjaponya2016.jikad.org.tr\/yarismaci10\/wp-json\/wp\/v2\/types\/page"}],"author":[{"embeddable":true,"href":"http:\/\/penceremdenjaponya2016.jikad.org.tr\/yarismaci10\/wp-json\/wp\/v2\/users\/1"}],"replies":[{"embeddable":true,"href":"http:\/\/penceremdenjaponya2016.jikad.org.tr\/yarismaci10\/wp-json\/wp\/v2\/comments?post=8"}],"version-history":[{"count":9,"href":"http:\/\/penceremdenjaponya2016.jikad.org.tr\/yarismaci10\/wp-json\/wp\/v2\/pages\/8\/revisions"}],"predecessor-version":[{"id":58,"href":"http:\/\/penceremdenjaponya2016.jikad.org.tr\/yarismaci10\/wp-json\/wp\/v2\/pages\/8\/revisions\/58"}],"wp:attachment":[{"href":"http:\/\/penceremdenjaponya2016.jikad.org.tr\/yarismaci10\/wp-json\/wp\/v2\/media?parent=8"}],"curies":[{"name":"wp","href":"https:\/\/api.w.org\/{rel}","templated":true}]}}