{"id":14,"date":"2016-01-16T10:51:24","date_gmt":"2016-01-16T08:51:24","guid":{"rendered":"http:\/\/penceremdenjaponya2016.jikad.org.tr\/yarismaci10\/?page_id=14"},"modified":"2016-02-02T17:57:28","modified_gmt":"2016-02-02T15:57:28","slug":"kaynak-ve-tesekkur","status":"publish","type":"page","link":"http:\/\/penceremdenjaponya2016.jikad.org.tr\/yarismaci10\/kaynak-ve-tesekkur\/","title":{"rendered":"Kaynak ve Te\u015fekk\u00fcr"},"content":{"rendered":"<p>Konunun bana ula\u015fmas\u0131ndaki ilham kayna\u011f\u0131ma,<\/p>\n<p>hayat\u0131mda &#8220;eskise de&#8221; &#8220;k\u0131r\u0131lsa da&#8221; g\u00fczellikleri ile kalan insanlara<\/p>\n<p>ve J\u0130KAD derne\u011fine eme\u011fi ge\u00e7en herkese te\u015fekk\u00fcrlerimle&#8230;.<\/p>\n<p>Kaynak\u00e7a:<\/p>\n<p>1- <a href=\"https:\/\/en.wikipedia.org\/wiki\/Kintsugi\" target=\"_blank\">Wikipedia<\/a><\/p>\n<p>2- <a href=\"http:\/\/makezine.com\/2015\/08\/17\/kintsugi-japanese-art-recognizing-beauty-broken-things\/\" target=\"_blank\">Makezine.com<\/a><\/p>\n<p>3- <a href=\"http:\/\/www.lakesidepottery.com\/Pages\/kintsugi-repairing-ceramic-with-gold-and-lacquer-better-than-new.htm\">What is Kintsugi<\/a><\/p>\n<p>4- <a href=\"http:\/\/www.merakname.com\/wabi-sabi-felsefesi-nedir\/\" target=\"_blank\">Wabi Sabi felsefesi<\/a><\/p>\n<p>5- <a href=\"https:\/\/www.youtube.com\/watch?v=UWa_MyLpZfQ\" target=\"_blank\">Youtube.com<\/a><\/p>\n","protected":false},"excerpt":{"rendered":"<p>Konunun bana ula\u015fmas\u0131ndaki ilham kayna\u011f\u0131ma, hayat\u0131mda &#8220;eskise de&#8221; &#8220;k\u0131r\u0131lsa da&#8221; g\u00fczellikleri ile kalan insanlara ve J\u0130KAD derne\u011fine eme\u011fi ge\u00e7en herkese te\u015fekk\u00fcrlerimle&#8230;. Kaynak\u00e7a: 1- Wikipedia 2- Makezine.com 3- What is Kintsugi 4- Wabi Sabi felsefesi 5- Youtube.com<\/p>\n","protected":false},"author":1,"featured_media":0,"parent":0,"menu_order":4,"comment_status":"closed","ping_status":"closed","template":"","meta":{"footnotes":""},"class_list":["post-14","page","type-page","status-publish","hentry"],"_links":{"self":[{"href":"http:\/\/penceremdenjaponya2016.jikad.org.tr\/yarismaci10\/wp-json\/wp\/v2\/pages\/14","targetHints":{"allow":["GET"]}}],"collection":[{"href":"http:\/\/penceremdenjaponya2016.jikad.org.tr\/yarismaci10\/wp-json\/wp\/v2\/pages"}],"about":[{"href":"http:\/\/penceremdenjaponya2016.jikad.org.tr\/yarismaci10\/wp-json\/wp\/v2\/types\/page"}],"author":[{"embeddable":true,"href":"http:\/\/penceremdenjaponya2016.jikad.org.tr\/yarismaci10\/wp-json\/wp\/v2\/users\/1"}],"replies":[{"embeddable":true,"href":"http:\/\/penceremdenjaponya2016.jikad.org.tr\/yarismaci10\/wp-json\/wp\/v2\/comments?post=14"}],"version-history":[{"count":9,"href":"http:\/\/penceremdenjaponya2016.jikad.org.tr\/yarismaci10\/wp-json\/wp\/v2\/pages\/14\/revisions"}],"predecessor-version":[{"id":52,"href":"http:\/\/penceremdenjaponya2016.jikad.org.tr\/yarismaci10\/wp-json\/wp\/v2\/pages\/14\/revisions\/52"}],"wp:attachment":[{"href":"http:\/\/penceremdenjaponya2016.jikad.org.tr\/yarismaci10\/wp-json\/wp\/v2\/media?parent=14"}],"curies":[{"name":"wp","href":"https:\/\/api.w.org\/{rel}","templated":true}]}}