{"id":12,"date":"2016-01-16T10:51:05","date_gmt":"2016-01-16T08:51:05","guid":{"rendered":"http:\/\/penceremdenjaponya2016.jikad.org.tr\/yarismaci10\/?page_id=12"},"modified":"2016-02-06T11:55:20","modified_gmt":"2016-02-06T09:55:20","slug":"penceremden-3","status":"publish","type":"page","link":"http:\/\/penceremdenjaponya2016.jikad.org.tr\/yarismaci10\/penceremden-3\/","title":{"rendered":"Teknik"},"content":{"rendered":"<p>Halihaz\u0131rda internette sat\u0131lan bir \u00e7ok tamir seti bulup kendinizde bu deneyimi ya\u015fayabilirsiniz.<\/p>\n<p><img loading=\"lazy\" decoding=\"async\" class=\"alignnone size-medium wp-image-62\" src=\"http:\/\/penceremdenjaponya2016.jikad.org.tr\/yarismaci10\/wp-content\/uploads\/sites\/11\/2016\/01\/08062100-196x300.jpg\" alt=\"08062100\" width=\"196\" height=\"300\" srcset=\"http:\/\/penceremdenjaponya2016.jikad.org.tr\/yarismaci10\/wp-content\/uploads\/sites\/11\/2016\/01\/08062100-196x300.jpg 196w, http:\/\/penceremdenjaponya2016.jikad.org.tr\/yarismaci10\/wp-content\/uploads\/sites\/11\/2016\/01\/08062100-98x150.jpg 98w, http:\/\/penceremdenjaponya2016.jikad.org.tr\/yarismaci10\/wp-content\/uploads\/sites\/11\/2016\/01\/08062100.jpg 400w\" sizes=\"auto, (max-width: 196px) 100vw, 196px\" \/><\/p>\n<p>Klasik y\u00f6ntem i\u00e7in biraz daha emek harcamak gerekiyor. Klasik kintsugi y\u00f6nteminde, re\u00e7ine esasl\u0131 laklar ve prin\u00e7ten elde edilen yap\u0131\u015ft\u0131r\u0131c\u0131lar kullan\u0131l\u0131r.<\/p>\n<p>Ba\u015flamadan \u00f6nce gerekli malzeme listesine g\u00f6z atal\u0131m; Lak, f\u0131r\u00e7a ve spatula, z\u0131mpara, lastik eldiven, ha\u015flanm\u0131\u015f s\u0131cak prin\u00e7, ince tala\u015f, terebentin ve alt\u0131n tozu;<\/p>\n<p><img loading=\"lazy\" decoding=\"async\" class=\"fade w100\" src=\"http:\/\/www.sekisaka.co.jp\/urushi\/img\/kintsugi_01.jpg\" alt=\"\" width=\"369\" height=\"246\" \/><\/p>\n<p>Ve elbette k\u0131r\u0131lm\u0131\u015f par\u00e7alar;<\/p>\n<p><img loading=\"lazy\" decoding=\"async\" class=\"fade w100\" src=\"http:\/\/www.sekisaka.co.jp\/urushi\/img\/kintsugi_02.jpg\" alt=\"\" width=\"370\" height=\"246\" \/><\/p>\n<p>Yap\u0131\u015ft\u0131r\u0131c\u0131 i\u00e7in s\u0131cak pirin\u00e7 (yakla\u015f\u0131k 30 tane), lak, ince tala\u015f k\u00fc\u00e7\u00fck bir spatula yard\u0131m\u0131 ile ezerek ve homojen<br \/>\nmacun haline gelene kadar kar\u0131\u015ft\u0131r\u0131l\u0131r,\u00a0 kar\u0131\u015f\u0131m\u0131n sertli\u011fini ayarlamak i\u00e7in az miktarda su ilavesi, ya da di\u011fer malzemelerden eklenebilir. Seramik par\u00e7alar\u0131n\u0131n kuru ve tozdan ar\u0131nd\u0131r\u0131lm\u0131\u015f halde bu elde etti\u011finiz macun\u00a0 ile yap\u0131\u015ft\u0131r\u0131yoruz.<\/p>\n<p>Yap\u0131\u015ft\u0131r\u0131c\u0131m\u0131z ge\u00e7 kuruyaca\u011f\u0131 i\u00e7in, bant yard\u0131m\u0131 ile sabitleyip yakla\u015f\u0131k bir hafta kadar bekletiyoruz.<\/p>\n<p><img loading=\"lazy\" decoding=\"async\" class=\"fade w100\" src=\"http:\/\/www.sekisaka.co.jp\/urushi\/img\/kintsugi_05.jpg\" alt=\"\" width=\"371\" height=\"247\" \/><\/p>\n<p>Tutkal tamamen kurudu\u011fuda fazlal\u0131klar\u0131 temizleyip z\u0131mpara ile y\u00fczeyi haz\u0131rl\u0131yoruz.<\/p>\n<p><img loading=\"lazy\" decoding=\"async\" class=\"fade w100\" src=\"http:\/\/www.sekisaka.co.jp\/urushi\/img\/kintsugi_06.jpg\" alt=\"\" width=\"371\" height=\"247\" \/><\/p>\n<p><img loading=\"lazy\" decoding=\"async\" class=\"fade w100\" src=\"http:\/\/www.sekisaka.co.jp\/urushi\/img\/kintsugi_07.jpg\" alt=\"\" width=\"378\" height=\"252\" \/><\/p>\n<p>Diki\u015f ve ek boyunca f\u0131r\u00e7a yard\u0131m\u0131 ile alt\u0131n tozumuzu uyguluyoruz.<\/p>\n<p><img loading=\"lazy\" decoding=\"async\" class=\"fade w100\" src=\"http:\/\/www.sekisaka.co.jp\/urushi\/img\/kintsugi_08.jpg\" alt=\"\" width=\"371\" height=\"247\" \/><\/p>\n<p>Yine, kuruduktan sonra parlat\u0131yoruz.<\/p>\n<p><img loading=\"lazy\" decoding=\"async\" class=\"fade w100\" src=\"http:\/\/www.sekisaka.co.jp\/urushi\/img\/kintsugi_09.jpg\" alt=\"\" width=\"371\" height=\"247\" \/><\/p>\n<p>T\u00fcm bu klasik uygulaman\u0131n yan\u0131nda, daha h\u0131zl\u0131 kuruyan g\u00fc\u00e7l\u00fc yap\u0131\u015ft\u0131r\u0131c\u0131lar, k\u0131r\u0131klar\u0131n dolgusu i\u00e7in<\/p>\n<p>daha yeni materyaller kullanabilirsiniz.<\/p>\n<p><img loading=\"lazy\" decoding=\"async\" class=\"alignnone wp-image-60\" src=\"http:\/\/penceremdenjaponya2016.jikad.org.tr\/yarismaci10\/wp-content\/uploads\/sites\/11\/2016\/01\/make-sabi-urushi-300x200.jpg\" alt=\"make-sabi-urushi\" width=\"330\" height=\"220\" srcset=\"http:\/\/penceremdenjaponya2016.jikad.org.tr\/yarismaci10\/wp-content\/uploads\/sites\/11\/2016\/01\/make-sabi-urushi-300x200.jpg 300w, http:\/\/penceremdenjaponya2016.jikad.org.tr\/yarismaci10\/wp-content\/uploads\/sites\/11\/2016\/01\/make-sabi-urushi-225x150.jpg 225w, http:\/\/penceremdenjaponya2016.jikad.org.tr\/yarismaci10\/wp-content\/uploads\/sites\/11\/2016\/01\/make-sabi-urushi-150x100.jpg 150w, http:\/\/penceremdenjaponya2016.jikad.org.tr\/yarismaci10\/wp-content\/uploads\/sites\/11\/2016\/01\/make-sabi-urushi.jpg 600w\" sizes=\"auto, (max-width: 330px) 100vw, 330px\" \/><\/p>\n<p>Sonu\u00e7ta se\u00e7ti\u011finiz y\u00f6ntem ve malzeme ne olursa olsun, k\u0131r\u0131lan par\u00e7alar bir araya gelip<\/p>\n<p>sundu\u011fu \u00f6yk\u00fcs\u00fc ile sizin hayat\u0131n\u0131za da g\u00fczellik katacak.<\/p>\n<p><img loading=\"lazy\" decoding=\"async\" class=\"alignnone wp-image-22\" src=\"http:\/\/penceremdenjaponya2016.jikad.org.tr\/yarismaci10\/wp-content\/uploads\/sites\/11\/2016\/02\/web_393-300x200.jpg\" alt=\"web_393\" width=\"330\" height=\"220\" srcset=\"http:\/\/penceremdenjaponya2016.jikad.org.tr\/yarismaci10\/wp-content\/uploads\/sites\/11\/2016\/02\/web_393-300x200.jpg 300w, http:\/\/penceremdenjaponya2016.jikad.org.tr\/yarismaci10\/wp-content\/uploads\/sites\/11\/2016\/02\/web_393-225x150.jpg 225w, http:\/\/penceremdenjaponya2016.jikad.org.tr\/yarismaci10\/wp-content\/uploads\/sites\/11\/2016\/02\/web_393-150x100.jpg 150w, http:\/\/penceremdenjaponya2016.jikad.org.tr\/yarismaci10\/wp-content\/uploads\/sites\/11\/2016\/02\/web_393.jpg 600w\" sizes=\"auto, (max-width: 330px) 100vw, 330px\" \/><img loading=\"lazy\" decoding=\"async\" class=\"alignnone size-medium wp-image-44\" src=\"http:\/\/penceremdenjaponya2016.jikad.org.tr\/yarismaci10\/wp-content\/uploads\/sites\/11\/2016\/02\/Kintsugi-53-300x221.jpg\" alt=\"Kintsugi-53\" width=\"300\" height=\"221\" srcset=\"http:\/\/penceremdenjaponya2016.jikad.org.tr\/yarismaci10\/wp-content\/uploads\/sites\/11\/2016\/02\/Kintsugi-53-300x221.jpg 300w, http:\/\/penceremdenjaponya2016.jikad.org.tr\/yarismaci10\/wp-content\/uploads\/sites\/11\/2016\/02\/Kintsugi-53-204x150.jpg 204w, http:\/\/penceremdenjaponya2016.jikad.org.tr\/yarismaci10\/wp-content\/uploads\/sites\/11\/2016\/02\/Kintsugi-53-150x110.jpg 150w, http:\/\/penceremdenjaponya2016.jikad.org.tr\/yarismaci10\/wp-content\/uploads\/sites\/11\/2016\/02\/Kintsugi-53.jpg 356w\" sizes=\"auto, (max-width: 300px) 100vw, 300px\" \/><\/p>\n","protected":false},"excerpt":{"rendered":"<p>Halihaz\u0131rda internette sat\u0131lan bir \u00e7ok tamir seti bulup kendinizde bu deneyimi ya\u015fayabilirsiniz. Klasik y\u00f6ntem i\u00e7in biraz daha emek harcamak gerekiyor. Klasik kintsugi y\u00f6nteminde, re\u00e7ine esasl\u0131 laklar ve prin\u00e7ten elde edilen yap\u0131\u015ft\u0131r\u0131c\u0131lar kullan\u0131l\u0131r. Ba\u015flamadan \u00f6nce gerekli malzeme listesine g\u00f6z atal\u0131m; Lak, f\u0131r\u00e7a ve spatula, z\u0131mpara, lastik eldiven, ha\u015flanm\u0131\u015f s\u0131cak prin\u00e7, ince \u2026 <a class=\"continue-reading-link\" href=\"http:\/\/penceremdenjaponya2016.jikad.org.tr\/yarismaci10\/penceremden-3\/\"> Continue reading<\/a><\/p>\n","protected":false},"author":1,"featured_media":0,"parent":0,"menu_order":3,"comment_status":"closed","ping_status":"closed","template":"","meta":{"footnotes":""},"class_list":["post-12","page","type-page","status-publish","hentry"],"_links":{"self":[{"href":"http:\/\/penceremdenjaponya2016.jikad.org.tr\/yarismaci10\/wp-json\/wp\/v2\/pages\/12","targetHints":{"allow":["GET"]}}],"collection":[{"href":"http:\/\/penceremdenjaponya2016.jikad.org.tr\/yarismaci10\/wp-json\/wp\/v2\/pages"}],"about":[{"href":"http:\/\/penceremdenjaponya2016.jikad.org.tr\/yarismaci10\/wp-json\/wp\/v2\/types\/page"}],"author":[{"embeddable":true,"href":"http:\/\/penceremdenjaponya2016.jikad.org.tr\/yarismaci10\/wp-json\/wp\/v2\/users\/1"}],"replies":[{"embeddable":true,"href":"http:\/\/penceremdenjaponya2016.jikad.org.tr\/yarismaci10\/wp-json\/wp\/v2\/comments?post=12"}],"version-history":[{"count":7,"href":"http:\/\/penceremdenjaponya2016.jikad.org.tr\/yarismaci10\/wp-json\/wp\/v2\/pages\/12\/revisions"}],"predecessor-version":[{"id":66,"href":"http:\/\/penceremdenjaponya2016.jikad.org.tr\/yarismaci10\/wp-json\/wp\/v2\/pages\/12\/revisions\/66"}],"wp:attachment":[{"href":"http:\/\/penceremdenjaponya2016.jikad.org.tr\/yarismaci10\/wp-json\/wp\/v2\/media?parent=12"}],"curies":[{"name":"wp","href":"https:\/\/api.w.org\/{rel}","templated":true}]}}