{"id":10,"date":"2016-01-16T10:50:48","date_gmt":"2016-01-16T08:50:48","guid":{"rendered":"http:\/\/penceremdenjaponya2016.jikad.org.tr\/yarismaci10\/?page_id=10"},"modified":"2016-02-02T16:08:08","modified_gmt":"2016-02-02T14:08:08","slug":"penceremden-2","status":"publish","type":"page","link":"http:\/\/penceremdenjaponya2016.jikad.org.tr\/yarismaci10\/penceremden-2\/","title":{"rendered":"Hayat\u0131n yara izindeki hazine"},"content":{"rendered":"<p>Kintsugi, eskimi\u015f ya da k\u0131r\u0131lm\u0131\u015f olanda g\u00fczelli\u011fi bulmak (Wabi Sabi) felsefesi ile \u00f6rt\u00fc\u015f\u00fcr.<\/p>\n<p>Ayn\u0131 zamanda hayat\u0131n beklenmeyen ini\u015f ve \u00e7\u0131k\u0131\u015flar\u0131ndaki sakin duru\u015fu temsil eder.<\/p>\n<p>Bu yakla\u015f\u0131mla Kintsugi, basit bir tamirden \u00f6teye ge\u00e7er.<\/p>\n<p><img loading=\"lazy\" decoding=\"async\" class=\"alignnone size-medium wp-image-39\" src=\"http:\/\/penceremdenjaponya2016.jikad.org.tr\/yarismaci10\/wp-content\/uploads\/sites\/11\/2016\/01\/bizen-Japanese-vase-1d-300x246.jpg\" alt=\"bizen-Japanese-vase-1d\" width=\"300\" height=\"246\" srcset=\"http:\/\/penceremdenjaponya2016.jikad.org.tr\/yarismaci10\/wp-content\/uploads\/sites\/11\/2016\/01\/bizen-Japanese-vase-1d-300x246.jpg 300w, http:\/\/penceremdenjaponya2016.jikad.org.tr\/yarismaci10\/wp-content\/uploads\/sites\/11\/2016\/01\/bizen-Japanese-vase-1d-183x150.jpg 183w, http:\/\/penceremdenjaponya2016.jikad.org.tr\/yarismaci10\/wp-content\/uploads\/sites\/11\/2016\/01\/bizen-Japanese-vase-1d-150x123.jpg 150w, http:\/\/penceremdenjaponya2016.jikad.org.tr\/yarismaci10\/wp-content\/uploads\/sites\/11\/2016\/01\/bizen-Japanese-vase-1d.jpg 600w\" sizes=\"auto, (max-width: 300px) 100vw, 300px\" \/><\/p>\n<p>K\u0131r\u0131lan par\u00e7alar at\u0131lmaz. Tekrar bir araya getirilir.<\/p>\n<p>Bir araya getirilen par\u00e7alar eskisi gibi bir b\u00fct\u00fcn de\u011fildir.<\/p>\n<p>&nbsp;<\/p>\n<p><img loading=\"lazy\" decoding=\"async\" class=\"alignnone size-medium wp-image-40\" src=\"http:\/\/penceremdenjaponya2016.jikad.org.tr\/yarismaci10\/wp-content\/uploads\/sites\/11\/2016\/01\/bizen-Japanese-vase-1b-224x300.jpg\" alt=\"bizen-Japanese-vase-1b\" width=\"224\" height=\"300\" srcset=\"http:\/\/penceremdenjaponya2016.jikad.org.tr\/yarismaci10\/wp-content\/uploads\/sites\/11\/2016\/01\/bizen-Japanese-vase-1b-224x300.jpg 224w, http:\/\/penceremdenjaponya2016.jikad.org.tr\/yarismaci10\/wp-content\/uploads\/sites\/11\/2016\/01\/bizen-Japanese-vase-1b-112x150.jpg 112w, http:\/\/penceremdenjaponya2016.jikad.org.tr\/yarismaci10\/wp-content\/uploads\/sites\/11\/2016\/01\/bizen-Japanese-vase-1b.jpg 450w\" sizes=\"auto, (max-width: 224px) 100vw, 224px\" \/><\/p>\n<p>\u0130zleri saklamak, eskisi gibi yapmak endi\u015fesi olmadan,<\/p>\n<p>izleri\u00a0 saklamak yerine daha da parlak ve g\u00f6r\u00fcl\u00fcr hale getirir.<\/p>\n<p>&nbsp;<\/p>\n<p><iframe loading=\"lazy\" src=\"https:\/\/player.vimeo.com\/video\/90734143\" width=\"480\" height=\"270\"frameborder=\"0\" title=\"Kintsugi: The Art of Broken Pieces\" webkitallowfullscreen mozallowfullscreen allowfullscreen><\/iframe><\/p>\n<p>Bu izler art\u0131k daha belirgin ve de\u011ferlidi. Bu iz b\u0131rakan &#8220;ya\u015fanm\u0131\u015fl\u0131k&#8221; art\u0131k daha de\u011ferli k\u0131lm\u0131\u015ft\u0131r.<\/p>\n","protected":false},"excerpt":{"rendered":"<p>Kintsugi, eskimi\u015f ya da k\u0131r\u0131lm\u0131\u015f olanda g\u00fczelli\u011fi bulmak (Wabi Sabi) felsefesi ile \u00f6rt\u00fc\u015f\u00fcr. Ayn\u0131 zamanda hayat\u0131n beklenmeyen ini\u015f ve \u00e7\u0131k\u0131\u015flar\u0131ndaki sakin duru\u015fu temsil eder. Bu yakla\u015f\u0131mla Kintsugi, basit bir tamirden \u00f6teye ge\u00e7er. K\u0131r\u0131lan par\u00e7alar at\u0131lmaz. Tekrar bir araya getirilir. Bir araya getirilen par\u00e7alar eskisi gibi bir b\u00fct\u00fcn de\u011fildir. &nbsp; \u0130zleri \u2026 <a class=\"continue-reading-link\" href=\"http:\/\/penceremdenjaponya2016.jikad.org.tr\/yarismaci10\/penceremden-2\/\"> Continue reading<\/a><\/p>\n","protected":false},"author":1,"featured_media":0,"parent":0,"menu_order":3,"comment_status":"closed","ping_status":"closed","template":"","meta":{"footnotes":""},"class_list":["post-10","page","type-page","status-publish","hentry"],"_links":{"self":[{"href":"http:\/\/penceremdenjaponya2016.jikad.org.tr\/yarismaci10\/wp-json\/wp\/v2\/pages\/10","targetHints":{"allow":["GET"]}}],"collection":[{"href":"http:\/\/penceremdenjaponya2016.jikad.org.tr\/yarismaci10\/wp-json\/wp\/v2\/pages"}],"about":[{"href":"http:\/\/penceremdenjaponya2016.jikad.org.tr\/yarismaci10\/wp-json\/wp\/v2\/types\/page"}],"author":[{"embeddable":true,"href":"http:\/\/penceremdenjaponya2016.jikad.org.tr\/yarismaci10\/wp-json\/wp\/v2\/users\/1"}],"replies":[{"embeddable":true,"href":"http:\/\/penceremdenjaponya2016.jikad.org.tr\/yarismaci10\/wp-json\/wp\/v2\/comments?post=10"}],"version-history":[{"count":8,"href":"http:\/\/penceremdenjaponya2016.jikad.org.tr\/yarismaci10\/wp-json\/wp\/v2\/pages\/10\/revisions"}],"predecessor-version":[{"id":51,"href":"http:\/\/penceremdenjaponya2016.jikad.org.tr\/yarismaci10\/wp-json\/wp\/v2\/pages\/10\/revisions\/51"}],"wp:attachment":[{"href":"http:\/\/penceremdenjaponya2016.jikad.org.tr\/yarismaci10\/wp-json\/wp\/v2\/media?parent=10"}],"curies":[{"name":"wp","href":"https:\/\/api.w.org\/{rel}","templated":true}]}}