{"id":60,"date":"2016-01-05T23:39:39","date_gmt":"2016-01-05T21:39:39","guid":{"rendered":"http:\/\/penceremdenjaponya2016.jikad.org.tr\/yarismaci1\/?page_id=60"},"modified":"2016-01-30T10:07:08","modified_gmt":"2016-01-30T08:07:08","slug":"penceremden-1","status":"publish","type":"page","link":"http:\/\/penceremdenjaponya2016.jikad.org.tr\/yarismaci1\/penceremden-1\/","title":{"rendered":"Penceremden 1"},"content":{"rendered":"<p><strong>K\u00fclt\u00fcrel Tan\u0131m<\/strong><\/p>\n<p>Japonlar\u0131n kedilere olan d\u00fc\u015fk\u00fcnl\u00fc\u011f\u00fcn\u00fc hepimiz biliriz. Gerek pop k\u00fclt\u00fcrlerinde gerek g\u00fcnl\u00fck ya\u015fant\u0131lar\u0131nda kedi fig\u00fcrlerine rastl\u0131yoruz ki bu, kimi Japonlar\u0131n davran\u0131\u015f \u015feklini bile etkiliyor. Peki, Japonlar\u0131n kedi merak\u0131 nereden geliyor? Kediler onlar i\u00e7in ne sembolize ediyor ya da bu sevimli hayvanlar\u0131n k\u00fclt\u00fcrlerinde nas\u0131l bir yeri var?<\/p>\n<p>Japonlar, kedileri y\u00fcksek derecede kutsal say\u0131yorlard\u0131, \u00e7\u00fcnk\u00fc antik \u00e7a\u011flarda ekinlere zarar verebilecek di\u011fer canl\u0131 tehditlere; \u00f6zellikle fare, b\u00f6cek ve parazitlere kar\u015f\u0131 avc\u0131l\u0131k yap\u0131yorlard\u0131. Kedilerin geleneksel k\u00f6keni binlerce y\u0131l ge\u00e7mi\u015fe dayanmaktad\u0131r. Bildi\u011fim \u00fczere, Japonlar \u00e7ok uzun s\u00fcredir kedilerle bu kadar yak\u0131n temas i\u00e7indeler. G\u00fcn\u00fcm\u00fczde ise, Japon halk efsanelerinde kedilerin koruyucu g\u00fc\u00e7leri oldu\u011funa ve iyi \u015fans\u0131 temsil ettiklerine inan\u0131l\u0131r. Japon k\u00fclt\u00fcr\u00fcnde kediler hep koruyucu bir rol \u00fcstlenmi\u015flerdir.<\/p>\n<p><img loading=\"lazy\" decoding=\"async\" class=\"wp-image-11 alignleft\" src=\"http:\/\/penceremdenjaponya2016.jikad.org.tr\/yarismaci1\/wp-content\/uploads\/sites\/2\/2016\/01\/image-1-300x221.jpg\" alt=\"image 1\" width=\"409\" height=\"301\" srcset=\"http:\/\/penceremdenjaponya2016.jikad.org.tr\/yarismaci1\/wp-content\/uploads\/sites\/2\/2016\/01\/image-1-300x221.jpg 300w, http:\/\/penceremdenjaponya2016.jikad.org.tr\/yarismaci1\/wp-content\/uploads\/sites\/2\/2016\/01\/image-1-768x566.jpg 768w, http:\/\/penceremdenjaponya2016.jikad.org.tr\/yarismaci1\/wp-content\/uploads\/sites\/2\/2016\/01\/image-1.jpg 800w\" sizes=\"auto, (max-width: 409px) 100vw, 409px\" \/><\/p>\n<p>Japan Monthly Web Magazine \u2018e g\u00f6re, belki bin y\u0131ldan fazla s\u00fcredir, aristokrat aileler kedilerle birlikte ya\u015f\u0131yorlard\u0131. Halk kesimi ise \u00fcst s\u0131n\u0131ftan olanlardan \u00e7ok daha sonra kedileri evcil hayvan olarak almaya ba\u015flad\u0131lar. \u0130\u015fte o zamandan beri kedilerle de\u011fi\u015fik \u015fekillerde i\u00e7 i\u00e7e ya\u015f\u0131yorlar. Japonya\u2019n\u0131n bir\u00e7ok yerinde kedilere tanr\u0131 olarak tapt\u0131klar\u0131 mabetler var. Yani, kediler y\u0131llar boyu halk aras\u0131nda \u00f6nemli rol oynad\u0131lar.<\/p>\n<p>Japonlar\u0131n kedilerle olan ili\u015fkisine kan\u0131t olarak bu hayvanlar\u0131n bir\u00e7ok eserde ana konu olarak ele al\u0131nmas\u0131n\u0131 g\u00f6sterebiliriz. Mesela Meiji D\u00f6neminde (1868-1912), benim de \u00e7ok sevdi\u011fim bir kitap olan Natsume Souseki\u2019nin <em>\u2018<\/em><em>Wagahai wa neko de aru\u2019<\/em> adl\u0131 roman\u0131 Japon edebiyat\u0131nda \u00e7ok \u00fcnl\u00fcd\u00fcr.<\/p>\n<p><img loading=\"lazy\" decoding=\"async\" class=\"alignnone wp-image-12\" src=\"http:\/\/penceremdenjaponya2016.jikad.org.tr\/yarismaci1\/wp-content\/uploads\/sites\/2\/2016\/01\/image-2-197x300.jpg\" alt=\"image 2\" width=\"241\" height=\"367\" srcset=\"http:\/\/penceremdenjaponya2016.jikad.org.tr\/yarismaci1\/wp-content\/uploads\/sites\/2\/2016\/01\/image-2-197x300.jpg 197w, http:\/\/penceremdenjaponya2016.jikad.org.tr\/yarismaci1\/wp-content\/uploads\/sites\/2\/2016\/01\/image-2.jpg 312w\" sizes=\"auto, (max-width: 241px) 100vw, 241px\" \/><\/p>\n<p>Edo zaman\u0131nda ise, kedilerin sanat alan\u0131nda g\u00f6ze \u00e7arpan yerleri var. Resim, heykelt\u0131ra\u015f ve sanat\u0131n di\u011fer dallar\u0131nda kediler \u00f6n plana \u00e7\u0131kar\u0131lm\u0131\u015f. Kediler o d\u00f6nemin pop\u00fcler olan Ukiyo-e tarz\u0131 resim sanat\u0131nda da g\u00f6r\u00fclmektedir.<\/p>\n<p><img loading=\"lazy\" decoding=\"async\" class=\"alignnone wp-image-13\" src=\"http:\/\/penceremdenjaponya2016.jikad.org.tr\/yarismaci1\/wp-content\/uploads\/sites\/2\/2016\/01\/image-3-300x174.jpg\" alt=\"image 3\" width=\"376\" height=\"218\" srcset=\"http:\/\/penceremdenjaponya2016.jikad.org.tr\/yarismaci1\/wp-content\/uploads\/sites\/2\/2016\/01\/image-3-300x174.jpg 300w, http:\/\/penceremdenjaponya2016.jikad.org.tr\/yarismaci1\/wp-content\/uploads\/sites\/2\/2016\/01\/image-3.jpg 688w\" sizes=\"auto, (max-width: 376px) 100vw, 376px\" \/><\/p>\n<p>Kediler tarihte \u00f6nemli bir rol oynam\u0131\u015flard\u0131r. Sanat, edebiyat ve dini a\u00e7\u0131lardan bir\u00e7ok alanda b\u00fcy\u00fck bir yere sahiplerdir. G\u00fcn\u00fcm\u00fczde de kedilerin Japon k\u00fclt\u00fcr\u00fcndeki bu yerleri k\u0131zlar\u0131n onlar gibi davranmas\u0131na bile neden olmu\u015ftur; Japonya\u2019da kedi gibi giyinip, s\u00fcslenen ve onlar gibi davranan bir\u00e7ok karaktere rastlayabiliriz. Pop\u00fcler k\u00fclt\u00fcr\u00fcn bir ikonu haline gelmeleri, \u00fclkenin turizm ile kazan\u00e7 sa\u011flamas\u0131na da yol a\u00e7m\u0131\u015ft\u0131r.<\/p>\n<p>Tarih boyunca Japonlar\u0131n kedileri \u00e7ok sevdi\u011fi ve onlarla iyi bir uyum i\u00e7inde olduklar\u0131n\u0131n a\u00e7\u0131k bir durum oldu\u011funu d\u00fc\u015f\u00fcn\u00fcyorum. Hatta g\u00fcn\u00fcm\u00fczde bile kediye olan bak\u0131\u015f a\u00e7\u0131lar\u0131 de\u011fi\u015fmemi\u015f. Buna en b\u00fcy\u00fck \u00f6rnek olarak \u015fu an herkes\u00e7e bilinen <em>Hello Kitty<\/em> markas\u0131 verilebilir. \u00c7\u00fcnk\u00fc pop\u00fcler k\u00fclt\u00fcrlerinde de hala kediye verdikleri \u00f6nemi k\u00fclt\u00fcre yabanc\u0131 biri bile; animeler, mangalar, kedi kasabalar\u0131, adalar\u0131, tap\u0131naklar\u0131, kafeleri ya da g\u00fcndelik \u00fcr\u00fcnleri ba\u011flam\u0131nda, g\u00f6zlemleyip fark\u0131na varabilir.<\/p>\n","protected":false},"excerpt":{"rendered":"<p>K\u00fclt\u00fcrel Tan\u0131m Japonlar\u0131n kedilere olan d\u00fc\u015fk\u00fcnl\u00fc\u011f\u00fcn\u00fc hepimiz biliriz. Gerek pop k\u00fclt\u00fcrlerinde gerek g\u00fcnl\u00fck ya\u015fant\u0131lar\u0131nda kedi fig\u00fcrlerine rastl\u0131yoruz ki bu, kimi Japonlar\u0131n davran\u0131\u015f \u015feklini bile etkiliyor. Peki, Japonlar\u0131n kedi merak\u0131 nereden geliyor? Kediler onlar i\u00e7in ne sembolize ediyor ya da bu sevimli hayvanlar\u0131n k\u00fclt\u00fcrlerinde nas\u0131l bir yeri var? Japonlar, kedileri y\u00fcksek \u2026 <a class=\"continue-reading-link\" href=\"http:\/\/penceremdenjaponya2016.jikad.org.tr\/yarismaci1\/penceremden-1\/\"> Continue reading<\/a><\/p>\n","protected":false},"author":1,"featured_media":0,"parent":0,"menu_order":0,"comment_status":"closed","ping_status":"closed","template":"","meta":{"footnotes":""},"class_list":["post-60","page","type-page","status-publish","hentry"],"_links":{"self":[{"href":"http:\/\/penceremdenjaponya2016.jikad.org.tr\/yarismaci1\/wp-json\/wp\/v2\/pages\/60","targetHints":{"allow":["GET"]}}],"collection":[{"href":"http:\/\/penceremdenjaponya2016.jikad.org.tr\/yarismaci1\/wp-json\/wp\/v2\/pages"}],"about":[{"href":"http:\/\/penceremdenjaponya2016.jikad.org.tr\/yarismaci1\/wp-json\/wp\/v2\/types\/page"}],"author":[{"embeddable":true,"href":"http:\/\/penceremdenjaponya2016.jikad.org.tr\/yarismaci1\/wp-json\/wp\/v2\/users\/1"}],"replies":[{"embeddable":true,"href":"http:\/\/penceremdenjaponya2016.jikad.org.tr\/yarismaci1\/wp-json\/wp\/v2\/comments?post=60"}],"version-history":[{"count":3,"href":"http:\/\/penceremdenjaponya2016.jikad.org.tr\/yarismaci1\/wp-json\/wp\/v2\/pages\/60\/revisions"}],"predecessor-version":[{"id":92,"href":"http:\/\/penceremdenjaponya2016.jikad.org.tr\/yarismaci1\/wp-json\/wp\/v2\/pages\/60\/revisions\/92"}],"wp:attachment":[{"href":"http:\/\/penceremdenjaponya2016.jikad.org.tr\/yarismaci1\/wp-json\/wp\/v2\/media?parent=60"}],"curies":[{"name":"wp","href":"https:\/\/api.w.org\/{rel}","templated":true}]}}