{"id":58,"date":"2016-01-05T23:39:26","date_gmt":"2016-01-05T21:39:26","guid":{"rendered":"http:\/\/penceremdenjaponya2016.jikad.org.tr\/yarismaci1\/?page_id=58"},"modified":"2016-01-30T10:08:10","modified_gmt":"2016-01-30T08:08:10","slug":"penceremden-2","status":"publish","type":"page","link":"http:\/\/penceremdenjaponya2016.jikad.org.tr\/yarismaci1\/penceremden-2\/","title":{"rendered":"Penceremden 2"},"content":{"rendered":"<p><strong>Kedi Adas\u0131<\/strong><\/p>\n<p>Beni Japonya\u2019da kedilerle ilgili en \u00e7ok \u015fa\u015f\u0131rtan olaylardan birini anlatmak istiyorum. Bir dergide, Japonya\u2019da Tashirojima kedi adas\u0131 hakk\u0131nda bir makale okudum. Bu adan\u0131n, insanlar ve kedilerin ne kadar yak\u0131n temasta olduklar\u0131n\u0131 kan\u0131tlayan nitelikte bir yer oldu\u011funu \u00f6\u011frendim. Bu adada, \u2018Kedi Tanr\u0131\u2019y\u0131 bar\u0131nd\u0131ran g\u00fcn\u00fcm\u00fczde de pop\u00fcler olan bir tap\u0131nak bulunuyordu. Orada ya\u015fayan Japonlar, bu kedinin bal\u0131k\u00e7\u0131lar\u0131 koruyup, onlara iyi av sa\u011flayaca\u011f\u0131na inan\u0131yordu. \u0130lgin\u00e7 olan, y\u00fczlerce y\u0131l \u00f6nce bu b\u00f6lgedeki insanlar, kedilerin davran\u0131\u015flar\u0131na ve hareketlerine dayal\u0131 olarak, ne kadar bal\u0131k \u00e7\u0131k\u0131p \u00e7\u0131kmayaca\u011f\u0131n\u0131 tahmin etmeye ba\u015flam\u0131\u015flar ve kedilere tanr\u0131 olarak tapm\u0131\u015flard\u0131r.<\/p>\n<p><img loading=\"lazy\" decoding=\"async\" class=\"alignnone wp-image-14\" src=\"http:\/\/penceremdenjaponya2016.jikad.org.tr\/yarismaci1\/wp-content\/uploads\/sites\/2\/2016\/01\/image-4-300x158.jpg\" alt=\"image 4\" width=\"548\" height=\"289\" srcset=\"http:\/\/penceremdenjaponya2016.jikad.org.tr\/yarismaci1\/wp-content\/uploads\/sites\/2\/2016\/01\/image-4-300x158.jpg 300w, http:\/\/penceremdenjaponya2016.jikad.org.tr\/yarismaci1\/wp-content\/uploads\/sites\/2\/2016\/01\/image-4.jpg 754w\" sizes=\"auto, (max-width: 548px) 100vw, 548px\" \/><\/p>\n<p>18. Y\u00fczy\u0131lda, \u00a0\u00e7ift\u00e7iler farelerden kurtulmak i\u00e7in adaya kedileri getirmi\u015fler, ancak kedilerin beklenmedik say\u0131ya y\u00fckselmesi ve aday\u0131 terk edememeleri sonucu daha da \u00e7o\u011falm\u0131\u015flar. Adada ipek b\u00f6ce\u011fi \u00e7ift\u00e7ili\u011fi durunca, \u00e7ift\u00e7iler aday\u0131 terk etmi\u015fler, geriye sadece bal\u0131k\u00e7\u0131lar ve kediler kalm\u0131\u015f.\u00a0Adada sadece 100 bal\u0131k\u00e7\u0131 ya\u015f\u0131yor, ancak kedilerin n\u00fcfusu orada konaklayanlardan daha fazla say\u0131da ve hi\u00e7 k\u00f6pek bulunmuyor.<\/p>\n<p><img loading=\"lazy\" decoding=\"async\" class=\"alignnone wp-image-23\" src=\"http:\/\/penceremdenjaponya2016.jikad.org.tr\/yarismaci1\/wp-content\/uploads\/sites\/2\/2016\/01\/IMGP1533-300x200.jpg\" alt=\"IMGP1533\" width=\"491\" height=\"327\" srcset=\"http:\/\/penceremdenjaponya2016.jikad.org.tr\/yarismaci1\/wp-content\/uploads\/sites\/2\/2016\/01\/IMGP1533-300x200.jpg 300w, http:\/\/penceremdenjaponya2016.jikad.org.tr\/yarismaci1\/wp-content\/uploads\/sites\/2\/2016\/01\/IMGP1533.jpg 600w\" sizes=\"auto, (max-width: 491px) 100vw, 491px\" \/><\/p>\n<p>Bu ada sadece insanlar\u0131n ve kedilerin iyi temasta bulundu\u011fu bir ortam olmakla kalmam\u0131\u015f, ayn\u0131 zamanda turizm a\u00e7\u0131s\u0131ndan da \u00fclke ekonomisine katk\u0131da bulunmu\u015ftur. Bir\u00e7ok \u00fclkeden gelen kedi sever turistler aday\u0131 ziyarete geliyor.<\/p>\n","protected":false},"excerpt":{"rendered":"<p>Kedi Adas\u0131 Beni Japonya\u2019da kedilerle ilgili en \u00e7ok \u015fa\u015f\u0131rtan olaylardan birini anlatmak istiyorum. Bir dergide, Japonya\u2019da Tashirojima kedi adas\u0131 hakk\u0131nda bir makale okudum. Bu adan\u0131n, insanlar ve kedilerin ne kadar yak\u0131n temasta olduklar\u0131n\u0131 kan\u0131tlayan nitelikte bir yer oldu\u011funu \u00f6\u011frendim. Bu adada, \u2018Kedi Tanr\u0131\u2019y\u0131 bar\u0131nd\u0131ran g\u00fcn\u00fcm\u00fczde de pop\u00fcler olan bir tap\u0131nak \u2026 <a class=\"continue-reading-link\" href=\"http:\/\/penceremdenjaponya2016.jikad.org.tr\/yarismaci1\/penceremden-2\/\"> Continue reading<\/a><\/p>\n","protected":false},"author":1,"featured_media":0,"parent":0,"menu_order":0,"comment_status":"closed","ping_status":"closed","template":"","meta":{"footnotes":""},"class_list":["post-58","page","type-page","status-publish","hentry"],"_links":{"self":[{"href":"http:\/\/penceremdenjaponya2016.jikad.org.tr\/yarismaci1\/wp-json\/wp\/v2\/pages\/58","targetHints":{"allow":["GET"]}}],"collection":[{"href":"http:\/\/penceremdenjaponya2016.jikad.org.tr\/yarismaci1\/wp-json\/wp\/v2\/pages"}],"about":[{"href":"http:\/\/penceremdenjaponya2016.jikad.org.tr\/yarismaci1\/wp-json\/wp\/v2\/types\/page"}],"author":[{"embeddable":true,"href":"http:\/\/penceremdenjaponya2016.jikad.org.tr\/yarismaci1\/wp-json\/wp\/v2\/users\/1"}],"replies":[{"embeddable":true,"href":"http:\/\/penceremdenjaponya2016.jikad.org.tr\/yarismaci1\/wp-json\/wp\/v2\/comments?post=58"}],"version-history":[{"count":2,"href":"http:\/\/penceremdenjaponya2016.jikad.org.tr\/yarismaci1\/wp-json\/wp\/v2\/pages\/58\/revisions"}],"predecessor-version":[{"id":93,"href":"http:\/\/penceremdenjaponya2016.jikad.org.tr\/yarismaci1\/wp-json\/wp\/v2\/pages\/58\/revisions\/93"}],"wp:attachment":[{"href":"http:\/\/penceremdenjaponya2016.jikad.org.tr\/yarismaci1\/wp-json\/wp\/v2\/media?parent=58"}],"curies":[{"name":"wp","href":"https:\/\/api.w.org\/{rel}","templated":true}]}}