{"id":56,"date":"2016-01-05T23:38:45","date_gmt":"2016-01-05T21:38:45","guid":{"rendered":"http:\/\/penceremdenjaponya2016.jikad.org.tr\/yarismaci1\/?page_id=56"},"modified":"2016-01-30T10:09:24","modified_gmt":"2016-01-30T08:09:24","slug":"penceremden-3","status":"publish","type":"page","link":"http:\/\/penceremdenjaponya2016.jikad.org.tr\/yarismaci1\/penceremden-3\/","title":{"rendered":"Penceremden 3"},"content":{"rendered":"<p><strong>Mit ve Halk Efsaneleri<\/strong><\/p>\n<p>Japon halk efsanelerine gelince, akla en \u00e7ok Maneki Neko gelir. Maneki Neko eliyle i\u015faret eden ya da selam veren kedi anlam\u0131na gelir. Bu kedinin Japon efsanelerinde ger\u00e7ekten \u00f6nemli bir yeri vard\u0131r ve Japonya\u2019da neredeyse her d\u00fckk\u00e2nda bu kedinin bir heykelini g\u00f6rebilirsiniz. \u00c7\u00fcnk\u00fc Maneki Neko\u2019nun \u015fans getirdi\u011fine inan\u0131rlar. Hakk\u0131nda bir\u00e7ok efsane vard\u0131r, ama benim en \u00e7ok sevdi\u011fim bir aristokrat\u0131n hayat\u0131n\u0131 kurtaran kedinin hik\u00e2yesidir. F\u0131rt\u0131nal\u0131 bir g\u00fcnde bir Lord yolda kedinin ona i\u015faret etmesiyle durur ve gidece\u011fi yola devam edecekken bir y\u0131ld\u0131r\u0131m\u0131n tam oraya d\u00fc\u015ft\u00fc\u011f\u00fcn\u00fc g\u00f6r\u00fcr. Kedi, birka\u00e7 saniyelik de olsa, adam\u0131n dikkatini \u00e7ekerek hayat\u0131n\u0131 kurtarm\u0131\u015ft\u0131r. Kedinin ayn\u0131 zamanda sahibine u\u011fur getirdi\u011fi de s\u00f6ylenir, bu nedenle i\u015flerin rast gitmesi ve iyi para kazanma ama\u00e7l\u0131 d\u00fckk\u00e2nlara ya da i\u015f yerlerine Maneki Neko heykeli koyulur. Modern animelerde, en \u00e7okta Ghibli\u2019den \u00e7\u0131kanlarda kedi sembolizmine s\u0131kl\u0131kla rastlar\u0131z. Kuroneko sama, Hello Kitty, Pusheen the Cat gibi karakterlerin hepsi Maneki Neko\u2019dan t\u00fcremi\u015ftir.<\/p>\n<p><img loading=\"lazy\" decoding=\"async\" class=\"alignnone size-medium wp-image-39\" src=\"http:\/\/penceremdenjaponya2016.jikad.org.tr\/yarismaci1\/wp-content\/uploads\/sites\/2\/2016\/01\/penceremden-3-image-3-240x300.jpg\" alt=\"penceremden 3 image 3\" width=\"240\" height=\"300\" srcset=\"http:\/\/penceremdenjaponya2016.jikad.org.tr\/yarismaci1\/wp-content\/uploads\/sites\/2\/2016\/01\/penceremden-3-image-3-240x300.jpg 240w, http:\/\/penceremdenjaponya2016.jikad.org.tr\/yarismaci1\/wp-content\/uploads\/sites\/2\/2016\/01\/penceremden-3-image-3.jpg 599w\" sizes=\"auto, (max-width: 240px) 100vw, 240px\" \/><\/p>\n<p>Bir di\u011feri ise Nekomata halk efsanesidir. Bu kedinin \u00f6zelli\u011fi, belli bir ya\u015fa geldi\u011finde aya\u011fa kalk\u0131p, insanlar gibi konu\u015fmaya ba\u015flamas\u0131d\u0131r. Baz\u0131 s\u00f6ylentilere g\u00f6re da\u011flarda ya\u015fayan k\u00f6t\u00fc bir hayalettir. Hatta halk hik\u00e2yelerinden birinde, da\u011flarda ya\u015fayan ve insanlara zarar veren bu kedi y\u00fcz\u00fcnden, halk\u0131n bir s\u00fcre kedilerle ba\u011flant\u0131y\u0131 kesmi\u015f olduklar\u0131ndan bahsedilir. \u00c7ift kuyru\u011fu oldu\u011funa inan\u0131l\u0131r, hatta \u2018mata\u2019 kelimesi de bu y\u00fczden kullan\u0131l\u0131r. Ancak Kamakura d\u00f6nemindeki bu hik\u00e2yeler, Edo D\u00f6neminin ortalar\u0131nda biraz farkl\u0131l\u0131k g\u00f6sterir. Da\u011flar\u0131n canavarlara ev sahipli\u011fi yapt\u0131\u011f\u0131na inan\u0131l\u0131rd\u0131 ve Nekomata\u2019n\u0131n da uysal ev kedisi halinden \u00e7\u0131k\u0131p, de\u011fi\u015fim g\u00f6sterip da\u011fda ya\u015famak i\u00e7in ka\u00e7t\u0131\u011f\u0131 s\u00f6ylenir. \u00c7\u00fcnk\u00fc bir evde uzun s\u00fcre kalan kedilerin tehlikeli oldu\u011funa inan\u0131l\u0131rd\u0131. Modern zamanlarda, bu kedinin hik\u00e2yesi daha da de\u011fi\u015fti, sald\u0131rgan halinden daha evcil bir hayvana d\u00f6n\u00fc\u015ft\u00fc. Hatta Inuyasha adl\u0131 animede Kirara, Nekomata mitinden al\u0131nan bir karakterdir.<\/p>\n<p><img loading=\"lazy\" decoding=\"async\" class=\"alignnone wp-image-7\" src=\"http:\/\/penceremdenjaponya2016.jikad.org.tr\/yarismaci1\/wp-content\/uploads\/sites\/2\/2016\/01\/7-300x162.png\" alt=\"7\" width=\"483\" height=\"261\" srcset=\"http:\/\/penceremdenjaponya2016.jikad.org.tr\/yarismaci1\/wp-content\/uploads\/sites\/2\/2016\/01\/7-300x162.png 300w, http:\/\/penceremdenjaponya2016.jikad.org.tr\/yarismaci1\/wp-content\/uploads\/sites\/2\/2016\/01\/7.png 675w\" sizes=\"auto, (max-width: 483px) 100vw, 483px\" \/><\/p>\n<p>Son olarak bir de Bakeneko\u2019nun hik\u00e2yesini anlatmak istiyorum. Bakeneko de\u011fi\u015fen kedi anlam\u0131na gelmektedir. \u00c7o\u011fu zaman ayakta durmas\u0131, konu\u015fmas\u0131 ve \u00e7ift kuyru\u011fu olmas\u0131ndan \u00f6t\u00fcr\u00fc Nekomata\u2019yla kar\u0131\u015ft\u0131r\u0131l\u0131r. Ancak bu kedi insan k\u0131l\u0131\u011f\u0131na da girebilmektedir. Bu kedinin hik\u00e2yesi de Edo D\u00f6neminin ortalar\u0131nda \u00e7\u0131km\u0131\u015ft\u0131r. Bu kedi hakk\u0131nda da bir\u00e7ok hik\u00e2ye vard\u0131r, en \u00e7ok bilineni ise <em>Nabeshima\u2019n\u0131n Bakeneko \u0130syan\u0131<\/em>\u2019d\u0131r. Efsaneye g\u00f6re, Nabeshima kendisiyle oynamas\u0131 i\u00e7in bir adam\u0131 i\u015fe al\u0131r, ancak adam kendisinin g\u00f6z\u00fcnden d\u00fc\u015f\u00fcnce, onu \u00f6ld\u00fcr\u00fcr. Adam\u0131n \u00f6l\u00fcm\u00fcne \u00e7ok \u00fcz\u00fclen annesi, \u00fcz\u00fcnt\u00fcs\u00fcn\u00fc kedisiyle payla\u015f\u0131r, sonra kendini \u00f6ld\u00fcr\u00fcr. Kan\u0131 yalayan kedi, Bakeneko\u2019ya d\u00f6n\u00fc\u015f\u00fcr ve her gece Nabeshima\u2019ya eziyet eder. Nabeshima\u2019n\u0131n asil u\u015fa\u011f\u0131 kediyle sava\u015f\u0131r ve onu yener. \u00c7ok pop\u00fcler oldu\u011fundan Kabuki oyunlar\u0131n\u0131n yan\u0131 s\u0131ra, Edo zaman\u0131nda Ukiyo-e ressamlar\u0131na da kaynak olmu\u015ftur.<\/p>\n<p><img loading=\"lazy\" decoding=\"async\" class=\"alignnone wp-image-8\" src=\"http:\/\/penceremdenjaponya2016.jikad.org.tr\/yarismaci1\/wp-content\/uploads\/sites\/2\/2016\/01\/8-300x233.jpg\" alt=\"8\" width=\"409\" height=\"318\" srcset=\"http:\/\/penceremdenjaponya2016.jikad.org.tr\/yarismaci1\/wp-content\/uploads\/sites\/2\/2016\/01\/8-300x233.jpg 300w, http:\/\/penceremdenjaponya2016.jikad.org.tr\/yarismaci1\/wp-content\/uploads\/sites\/2\/2016\/01\/8.jpg 736w\" sizes=\"auto, (max-width: 409px) 100vw, 409px\" \/><\/p>\n","protected":false},"excerpt":{"rendered":"<p>Mit ve Halk Efsaneleri Japon halk efsanelerine gelince, akla en \u00e7ok Maneki Neko gelir. Maneki Neko eliyle i\u015faret eden ya da selam veren kedi anlam\u0131na gelir. Bu kedinin Japon efsanelerinde ger\u00e7ekten \u00f6nemli bir yeri vard\u0131r ve Japonya\u2019da neredeyse her d\u00fckk\u00e2nda bu kedinin bir heykelini g\u00f6rebilirsiniz. \u00c7\u00fcnk\u00fc Maneki Neko\u2019nun \u015fans getirdi\u011fine \u2026 <a class=\"continue-reading-link\" href=\"http:\/\/penceremdenjaponya2016.jikad.org.tr\/yarismaci1\/penceremden-3\/\"> Continue reading<\/a><\/p>\n","protected":false},"author":1,"featured_media":0,"parent":0,"menu_order":0,"comment_status":"closed","ping_status":"closed","template":"","meta":{"footnotes":""},"class_list":["post-56","page","type-page","status-publish","hentry"],"_links":{"self":[{"href":"http:\/\/penceremdenjaponya2016.jikad.org.tr\/yarismaci1\/wp-json\/wp\/v2\/pages\/56","targetHints":{"allow":["GET"]}}],"collection":[{"href":"http:\/\/penceremdenjaponya2016.jikad.org.tr\/yarismaci1\/wp-json\/wp\/v2\/pages"}],"about":[{"href":"http:\/\/penceremdenjaponya2016.jikad.org.tr\/yarismaci1\/wp-json\/wp\/v2\/types\/page"}],"author":[{"embeddable":true,"href":"http:\/\/penceremdenjaponya2016.jikad.org.tr\/yarismaci1\/wp-json\/wp\/v2\/users\/1"}],"replies":[{"embeddable":true,"href":"http:\/\/penceremdenjaponya2016.jikad.org.tr\/yarismaci1\/wp-json\/wp\/v2\/comments?post=56"}],"version-history":[{"count":2,"href":"http:\/\/penceremdenjaponya2016.jikad.org.tr\/yarismaci1\/wp-json\/wp\/v2\/pages\/56\/revisions"}],"predecessor-version":[{"id":94,"href":"http:\/\/penceremdenjaponya2016.jikad.org.tr\/yarismaci1\/wp-json\/wp\/v2\/pages\/56\/revisions\/94"}],"wp:attachment":[{"href":"http:\/\/penceremdenjaponya2016.jikad.org.tr\/yarismaci1\/wp-json\/wp\/v2\/media?parent=56"}],"curies":[{"name":"wp","href":"https:\/\/api.w.org\/{rel}","templated":true}]}}